{"id":1945,"date":"2021-03-25T19:04:35","date_gmt":"2021-03-25T19:04:35","guid":{"rendered":"https:\/\/recirquel.com\/?page_id=1945"},"modified":"2026-03-25T11:31:21","modified_gmt":"2026-03-25T10:31:21","slug":"home","status":"publish","type":"page","link":"https:\/\/recirquel.com\/hu\/","title":{"rendered":"F\u0151oldal"},"content":{"rendered":"<div id=\"pl-1945\"  class=\"panel-layout\" ><div id=\"pg-1945-0\"  class=\"panel-grid panel-has-style\" ><div class=\"siteorigin-panels-stretch panel-row-style panel-row-style-for-1945-0\" data-stretch-type=\"full-width-stretch\" ><div id=\"pgc-1945-0-0\"  class=\"panel-grid-cell\" ><div id=\"panel-1945-0-0-0\" class=\"so-panel widget widget_hero-slider panel-first-child panel-last-child\" data-index=\"0\" ><div\n\t\t\t\n\t\t\tclass=\"so-widget-hero-slider so-widget-hero-slider-default-d75171398898-1945\"\n\t\t\t\n\t\t>\t<div class=\"hero-slider-wrapper\">\n\t\t<div class=\"hero-slider\">\n\t\t\t\t\t\t\t<div class=\"hero-slider-item\">\n\t\t\t\t\t<div class=\"hero-slider-item-image\">\n\t\t\t\t\t\t<picture>\n\t\t\t\t\t\t  <source media=\"(min-width: 992px)\" srcset=\"https:\/\/recirquel.com\/wp-content\/uploads\/2026\/03\/2026_WMW_slider-juno-final-2-1920x1046.jpg\">\n\t\t\t\t\t\t  <img decoding=\"async\" src=\"https:\/\/recirquel.com\/wp-content\/uploads\/2026\/03\/juno_WMW_slider-mobil-7.jpg\" alt=\"Walk My World\">\n\t\t\t\t\t\t<\/picture>\n\t\t\t\t\t<\/div>\n\n\t\t\t\t\t<div class=\"hero-slider-item-content container text-center text-white\">\n\t\t\t\t\t\t<div class=\"row align-items-center\">\n\t\t\t\t\t\t\t<div class=\"col-12\">\n\t\t\t\t\t\t\t\t\t\t\t\t\t\t\t\t<h1 class=\"hero-slider-item-content-title\">Walk My World<\/h1>\n\t\t\t\t\t\t\t\t\t\t\t\t\t\t\t\t\t\t\t\t\t\t\t\t<p class=\"hero-slider-item-content-subtitle\">Vil\u00e1gh\u00edr\u0171 artist\u00e1k testk\u00f6zelben egy mitikus t\u00f6rt\u00e9netben<\/p>\n\t\t\t\t\t\t\t\t\t\t\t\t\t\t\t\t\t\t\t\t\t\t\t\t<a href=\"https:\/\/recirquel.com\/hu\/show\/walk-my-world\/\" class=\"hero-slider-item-content-btn\">R\u00e9szletek<\/a>\n\t\t\t\t\t\t\t\t\t\t\t\t\t\t\t<\/div>\n\t\t\t\t\t\t<\/div>\n\t\t\t\t\t<\/div>\n\t\t\t\t<\/div>\n\t\t\t\t\t\t\t<div class=\"hero-slider-item\">\n\t\t\t\t\t<div class=\"hero-slider-item-image\">\n\t\t\t\t\t\t<picture>\n\t\t\t\t\t\t  <source media=\"(min-width: 992px)\" srcset=\"https:\/\/recirquel.com\/wp-content\/uploads\/2024\/04\/Recirquel-Paradisum_HirlingBalint_-1920x1440.jpg\">\n\t\t\t\t\t\t  <img decoding=\"async\" src=\"https:\/\/recirquel.com\/wp-content\/uploads\/2024\/04\/Recirquel_PARADISUM_Mobile-1024x1820.jpg\" alt=\"Paradisum\">\n\t\t\t\t\t\t<\/picture>\n\t\t\t\t\t<\/div>\n\n\t\t\t\t\t<div class=\"hero-slider-item-content container text-center text-white\">\n\t\t\t\t\t\t<div class=\"row align-items-center\">\n\t\t\t\t\t\t\t<div class=\"col-12\">\n\t\t\t\t\t\t\t\t\t\t\t\t\t\t\t\t<h2 class=\"hero-slider-item-content-title\">Paradisum<\/h2>\n\t\t\t\t\t\t\t\t\t\t\t\t\t\t\t\t\t\t\t\t\t\t\t\t<p class=\"hero-slider-item-content-subtitle\">Leg\u00fajabb cirque danse produkci\u00f3nk<\/p>\n\t\t\t\t\t\t\t\t\t\t\t\t\t\t\t\t\t\t\t\t\t\t\t\t<a href=\"https:\/\/recirquel.com\/hu\/show\/paradisum\/\" class=\"hero-slider-item-content-btn\">R\u00e9szletek<\/a>\n\t\t\t\t\t\t\t\t\t\t\t\t\t\t\t<\/div>\n\t\t\t\t\t\t<\/div>\n\t\t\t\t\t<\/div>\n\t\t\t\t<\/div>\n\t\t\t\t\t\t\t<div class=\"hero-slider-item\">\n\t\t\t\t\t<div class=\"hero-slider-item-image\">\n\t\t\t\t\t\t<picture>\n\t\t\t\t\t\t  <source media=\"(min-width: 992px)\" srcset=\"https:\/\/recirquel.com\/wp-content\/uploads\/2020\/05\/458A8264-1920x1280.jpg\">\n\t\t\t\t\t\t  <img decoding=\"async\" src=\"https:\/\/recirquel.com\/wp-content\/uploads\/2020\/05\/458A8264.jpg\" alt=\"Solus Amor\">\n\t\t\t\t\t\t<\/picture>\n\t\t\t\t\t<\/div>\n\n\t\t\t\t\t<div class=\"hero-slider-item-content container text-center text-white\">\n\t\t\t\t\t\t<div class=\"row align-items-center\">\n\t\t\t\t\t\t\t<div class=\"col-12\">\n\t\t\t\t\t\t\t\t\t\t\t\t\t\t\t\t<h2 class=\"hero-slider-item-content-title\">Solus Amor<\/h2>\n\t\t\t\t\t\t\t\t\t\t\t\t\t\t\t\t\t\t\t\t\t\t\t\t<p class=\"hero-slider-item-content-subtitle\">\u201eMonument\u00e1lis l\u00e9gi balett\u201d<\/p>\n\t\t\t\t\t\t\t\t\t\t\t\t\t\t\t\t\t\t\t\t\t\t\t\t<a href=\"https:\/\/recirquel.com\/hu\/show\/solus-amor\/\" class=\"hero-slider-item-content-btn\">R\u00e9szletek<\/a>\n\t\t\t\t\t\t\t\t\t\t\t\t\t\t\t<\/div>\n\t\t\t\t\t\t<\/div>\n\t\t\t\t\t<\/div>\n\t\t\t\t<\/div>\n\t\t\t\t\t\t\t<div class=\"hero-slider-item\">\n\t\t\t\t\t<div class=\"hero-slider-item-image\">\n\t\t\t\t\t\t<picture>\n\t\t\t\t\t\t  <source media=\"(min-width: 992px)\" srcset=\"https:\/\/recirquel.com\/wp-content\/uploads\/2022\/02\/IMA_Premier-2.jpg\">\n\t\t\t\t\t\t  <img decoding=\"async\" src=\"https:\/\/recirquel.com\/wp-content\/uploads\/2021\/12\/Recirquel-IMA-Poszter-1024x1536.jpg\" alt=\"IMA\">\n\t\t\t\t\t\t<\/picture>\n\t\t\t\t\t<\/div>\n\n\t\t\t\t\t<div class=\"hero-slider-item-content container text-center text-white\">\n\t\t\t\t\t\t<div class=\"row align-items-center\">\n\t\t\t\t\t\t\t<div class=\"col-12\">\n\t\t\t\t\t\t\t\t\t\t\t\t\t\t\t\t<h2 class=\"hero-slider-item-content-title\">IMA<\/h2>\n\t\t\t\t\t\t\t\t\t\t\t\t\t\t\t\t\t\t\t\t\t\t\t\t<p class=\"hero-slider-item-content-subtitle\">Immerz\u00edv sz\u00ednh\u00e1zi \u00e9lm\u00e9ny<\/p>\n\t\t\t\t\t\t\t\t\t\t\t\t\t\t\t\t\t\t\t\t\t\t\t\t<a href=\"https:\/\/recirquel.com\/hu\/show\/ima\/\" class=\"hero-slider-item-content-btn\">R\u00e9szletek<\/a>\n\t\t\t\t\t\t\t\t\t\t\t\t\t\t\t<\/div>\n\t\t\t\t\t\t<\/div>\n\t\t\t\t\t<\/div>\n\t\t\t\t<\/div>\n\t\t\t\t\t\t\t<div class=\"hero-slider-item\">\n\t\t\t\t\t<div class=\"hero-slider-item-image\">\n\t\t\t\t\t\t<picture>\n\t\t\t\t\t\t  <source media=\"(min-width: 992px)\" srcset=\"https:\/\/recirquel.com\/wp-content\/uploads\/2024\/04\/Recirquel-Paradisum--1920x1080.jpg\">\n\t\t\t\t\t\t  <img decoding=\"async\" src=\"https:\/\/recirquel.com\/wp-content\/uploads\/2024\/04\/Recirquel-Paradisum-Mobile-1-1024x1820.jpg\" alt=\"Paradisum\">\n\t\t\t\t\t\t<\/picture>\n\t\t\t\t\t<\/div>\n\n\t\t\t\t\t<div class=\"hero-slider-item-content container text-center text-white\">\n\t\t\t\t\t\t<div class=\"row align-items-center\">\n\t\t\t\t\t\t\t<div class=\"col-12\">\n\t\t\t\t\t\t\t\t\t\t\t\t\t\t\t\t<h2 class=\"hero-slider-item-content-title\">Paradisum<\/h2>\n\t\t\t\t\t\t\t\t\t\t\t\t\t\t\t\t\t\t\t\t\t\t\t\t<p class=\"hero-slider-item-content-subtitle\">\u00dajra a M\u00fcp\u00e1ban<\/p>\n\t\t\t\t\t\t\t\t\t\t\t\t\t\t\t\t\t\t\t\t\t\t\t\t<a href=\"https:\/\/recirquel.com\/hu\/show\/paradisum\/\" class=\"hero-slider-item-content-btn\">R\u00e9szletek<\/a>\n\t\t\t\t\t\t\t\t\t\t\t\t\t\t\t<\/div>\n\t\t\t\t\t\t<\/div>\n\t\t\t\t\t<\/div>\n\t\t\t\t<\/div>\n\t\t\t\t\t\t\t<div class=\"hero-slider-item\">\n\t\t\t\t\t<div class=\"hero-slider-item-image\">\n\t\t\t\t\t\t<picture>\n\t\t\t\t\t\t  <source media=\"(min-width: 992px)\" srcset=\"https:\/\/recirquel.com\/wp-content\/uploads\/2023\/06\/Recirquel-IMA_performer-Gabor-ZSIROS_photo-Balint-HIRLING_05-1920x1280.jpg\">\n\t\t\t\t\t\t  <img decoding=\"async\" src=\"https:\/\/recirquel.com\/wp-content\/uploads\/2023\/06\/Recirquel-IMA_performer-Gabor-ZSIROS_photo-Balint-HIRLING_05-1024x683.jpg\" alt=\"IMA\">\n\t\t\t\t\t\t<\/picture>\n\t\t\t\t\t<\/div>\n\n\t\t\t\t\t<div class=\"hero-slider-item-content container text-center text-white\">\n\t\t\t\t\t\t<div class=\"row align-items-center\">\n\t\t\t\t\t\t\t<div class=\"col-12\">\n\t\t\t\t\t\t\t\t\t\t\t\t\t\t\t\t<h2 class=\"hero-slider-item-content-title\">IMA<\/h2>\n\t\t\t\t\t\t\t\t\t\t\t\t\t\t\t\t\t\t\t\t\t\t\t\t<p class=\"hero-slider-item-content-subtitle\">\"Hallani l\u00e9tez\u00e9s\u00fcnk hangj\u00e1t\"<\/p>\n\t\t\t\t\t\t\t\t\t\t\t\t\t\t\t\t\t\t\t\t\t\t\t\t<a href=\"https:\/\/recirquel.com\/hu\/show\/ima\/\" class=\"hero-slider-item-content-btn\">R\u00e9szletek<\/a>\n\t\t\t\t\t\t\t\t\t\t\t\t\t\t\t<\/div>\n\t\t\t\t\t\t<\/div>\n\t\t\t\t\t<\/div>\n\t\t\t\t<\/div>\n\t\t\t\t\t<\/div>\n\t<\/div>\n<\/div><\/div><\/div><\/div><\/div><\/div>","protected":false},"excerpt":{"rendered":"<p>Walk My World Vil\u00e1gh\u00edr\u0171 artist\u00e1k testk\u00f6zelben egy mitikus t\u00f6rt\u00e9netben R\u00e9szletek Paradisum Leg\u00fajabb cirque danse produkci\u00f3nk R\u00e9szletek Solus Amor \u201eMonument\u00e1lis l\u00e9gi balett\u201d R\u00e9szletek IMA Immerz\u00edv sz\u00ednh\u00e1zi \u00e9lm\u00e9ny R\u00e9szletek Paradisum \u00dajra a M\u00fcp\u00e1ban R\u00e9szletek IMA &#8222;Hallani l\u00e9tez\u00e9s\u00fcnk hangj\u00e1t&#8221; R\u00e9szletek<\/p>\n","protected":false},"author":9,"featured_media":11583,"parent":0,"menu_order":0,"comment_status":"closed","ping_status":"closed","template":"template-pagebuilder.php","meta":{"footnotes":""},"class_list":["post-1945","page","type-page","status-publish","has-post-thumbnail","hentry"],"yoast_head":"<!-- This site is optimized with the Yoast SEO plugin v23.7 - https:\/\/yoast.com\/wordpress\/plugins\/seo\/ -->\n<title>F\u0151oldal - Recirquel<\/title>\n<meta name=\"description\" content=\"A Recirquel egy vil\u00e1gh\u00edr\u0171 magyar \u00fajcirkusz-t\u00e1rsulat, melyet V\u00e1gi Bence rendez\u0151-koreogr\u00e1fus alap\u00edtott. A t\u00e1rsulat \u00faj ir\u00e1nyt mutatott a kort\u00e1rs el\u0151ad\u00f3m\u0171v\u00e9szetben: kialak\u00edtotta saj\u00e1t, egyed\u00fcl\u00e1ll\u00f3 formanyelv\u00e9t, a cirque danse-t, amelyben az \u00fajcirkusz, a modern \u00e9s a klasszikus t\u00e1nc elemei szervesen fon\u00f3dnak \u00f6ssze.\" \/>\n<meta name=\"robots\" content=\"index, follow, max-snippet:-1, max-image-preview:large, max-video-preview:-1\" \/>\n<link rel=\"canonical\" href=\"https:\/\/recirquel.com\/hu\/\" \/>\n<meta property=\"og:locale\" content=\"hu_HU\" \/>\n<meta property=\"og:type\" content=\"article\" \/>\n<meta property=\"og:title\" content=\"F\u0151oldal - Recirquel\" \/>\n<meta property=\"og:description\" content=\"A Recirquel egy vil\u00e1gh\u00edr\u0171 magyar \u00fajcirkusz-t\u00e1rsulat, melyet V\u00e1gi Bence rendez\u0151-koreogr\u00e1fus alap\u00edtott. A t\u00e1rsulat \u00faj ir\u00e1nyt mutatott a kort\u00e1rs el\u0151ad\u00f3m\u0171v\u00e9szetben: kialak\u00edtotta saj\u00e1t, egyed\u00fcl\u00e1ll\u00f3 formanyelv\u00e9t, a cirque danse-t, amelyben az \u00fajcirkusz, a modern \u00e9s a klasszikus t\u00e1nc elemei szervesen fon\u00f3dnak \u00f6ssze.\" \/>\n<meta property=\"og:url\" content=\"https:\/\/recirquel.com\/hu\/\" \/>\n<meta property=\"og:site_name\" content=\"Recirquel\" \/>\n<meta property=\"article:publisher\" content=\"https:\/\/www.facebook.com\/Recirquel\/\" \/>\n<meta property=\"article:modified_time\" content=\"2026-03-25T10:31:21+00:00\" \/>\n<meta property=\"og:image\" content=\"https:\/\/recirquel.com\/wp-content\/uploads\/2026\/03\/wmw-juno-featured.jpg\" \/>\n\t<meta property=\"og:image:width\" content=\"1200\" \/>\n\t<meta property=\"og:image:height\" content=\"1200\" \/>\n\t<meta property=\"og:image:type\" content=\"image\/jpeg\" \/>\n<meta name=\"twitter:card\" content=\"summary_large_image\" \/>\n<meta name=\"twitter:site\" content=\"@recirquel\" \/>\n<meta name=\"twitter:label1\" content=\"Becs\u00fclt olvas\u00e1si id\u0151\" \/>\n\t<meta name=\"twitter:data1\" content=\"2 perc\" \/>\n<script type=\"application\/ld+json\" class=\"yoast-schema-graph\">{\"@context\":\"https:\/\/schema.org\",\"@graph\":[{\"@type\":\"WebPage\",\"@id\":\"https:\/\/recirquel.com\/hu\/\",\"url\":\"https:\/\/recirquel.com\/hu\/\",\"name\":\"F\u0151oldal - Recirquel\",\"isPartOf\":{\"@id\":\"https:\/\/recirquel.com\/hu\/#website\"},\"primaryImageOfPage\":{\"@id\":\"https:\/\/recirquel.com\/hu\/#primaryimage\"},\"image\":{\"@id\":\"https:\/\/recirquel.com\/hu\/#primaryimage\"},\"thumbnailUrl\":\"https:\/\/recirquel.com\/wp-content\/uploads\/2026\/03\/wmw-juno-featured.jpg\",\"datePublished\":\"2021-03-25T19:04:35+00:00\",\"dateModified\":\"2026-03-25T10:31:21+00:00\",\"description\":\"A Recirquel egy vil\u00e1gh\u00edr\u0171 magyar \u00fajcirkusz-t\u00e1rsulat, melyet V\u00e1gi Bence rendez\u0151-koreogr\u00e1fus alap\u00edtott. A t\u00e1rsulat \u00faj ir\u00e1nyt mutatott a kort\u00e1rs el\u0151ad\u00f3m\u0171v\u00e9szetben: kialak\u00edtotta saj\u00e1t, egyed\u00fcl\u00e1ll\u00f3 formanyelv\u00e9t, a cirque danse-t, amelyben az \u00fajcirkusz, a modern \u00e9s a klasszikus t\u00e1nc elemei szervesen fon\u00f3dnak \u00f6ssze.\",\"breadcrumb\":{\"@id\":\"https:\/\/recirquel.com\/hu\/#breadcrumb\"},\"inLanguage\":\"hu\",\"potentialAction\":[{\"@type\":\"ReadAction\",\"target\":[\"https:\/\/recirquel.com\/hu\/\"]}]},{\"@type\":\"ImageObject\",\"inLanguage\":\"hu\",\"@id\":\"https:\/\/recirquel.com\/hu\/#primaryimage\",\"url\":\"https:\/\/recirquel.com\/wp-content\/uploads\/2026\/03\/wmw-juno-featured.jpg\",\"contentUrl\":\"https:\/\/recirquel.com\/wp-content\/uploads\/2026\/03\/wmw-juno-featured.jpg\",\"width\":1200,\"height\":1200,\"caption\":\"Recirquel Walk My World Juno\"},{\"@type\":\"BreadcrumbList\",\"@id\":\"https:\/\/recirquel.com\/hu\/#breadcrumb\",\"itemListElement\":[{\"@type\":\"ListItem\",\"position\":1,\"name\":\"Home\",\"item\":\"https:\/\/recirquel.com\/hu\/\"},{\"@type\":\"ListItem\",\"position\":2,\"name\":\"F\u0151oldal\"}]},{\"@type\":\"WebSite\",\"@id\":\"https:\/\/recirquel.com\/hu\/#website\",\"url\":\"https:\/\/recirquel.com\/hu\/\",\"name\":\"Recirquel\",\"description\":\"Recirquel\",\"publisher\":{\"@id\":\"https:\/\/recirquel.com\/hu\/#organization\"},\"potentialAction\":[{\"@type\":\"SearchAction\",\"target\":{\"@type\":\"EntryPoint\",\"urlTemplate\":\"https:\/\/recirquel.com\/hu\/?s={search_term_string}\"},\"query-input\":{\"@type\":\"PropertyValueSpecification\",\"valueRequired\":true,\"valueName\":\"search_term_string\"}}],\"inLanguage\":\"hu\"},{\"@type\":\"Organization\",\"@id\":\"https:\/\/recirquel.com\/hu\/#organization\",\"name\":\"Recirquel Company by Bence V\u00e1gi\",\"url\":\"https:\/\/recirquel.com\/hu\/\",\"logo\":{\"@type\":\"ImageObject\",\"inLanguage\":\"hu\",\"@id\":\"https:\/\/recirquel.com\/hu\/#\/schema\/logo\/image\/\",\"url\":\"https:\/\/i2.wp.com\/recirquel.com\/wp-content\/uploads\/2019\/06\/recirquel-logo-dark.png?fit=440%2C212&ssl=1\",\"contentUrl\":\"https:\/\/i2.wp.com\/recirquel.com\/wp-content\/uploads\/2019\/06\/recirquel-logo-dark.png?fit=440%2C212&ssl=1\",\"width\":440,\"height\":212,\"caption\":\"Recirquel Company by Bence V\u00e1gi\"},\"image\":{\"@id\":\"https:\/\/recirquel.com\/hu\/#\/schema\/logo\/image\/\"},\"sameAs\":[\"https:\/\/www.facebook.com\/Recirquel\/\",\"https:\/\/x.com\/recirquel\",\"https:\/\/www.instagram.com\/recirquelcompanybudapest\/\",\"https:\/\/www.linkedin.com\/company\/recirquel\/\",\"https:\/\/www.youtube.com\/channel\/UC4J0YqNCeTxmY4GxeFIkQPQ\"]}]}<\/script>\n<!-- \/ Yoast SEO plugin. -->","yoast_head_json":{"title":"F\u0151oldal - Recirquel","description":"A Recirquel egy vil\u00e1gh\u00edr\u0171 magyar \u00fajcirkusz-t\u00e1rsulat, melyet V\u00e1gi Bence rendez\u0151-koreogr\u00e1fus alap\u00edtott. A t\u00e1rsulat \u00faj ir\u00e1nyt mutatott a kort\u00e1rs el\u0151ad\u00f3m\u0171v\u00e9szetben: kialak\u00edtotta saj\u00e1t, egyed\u00fcl\u00e1ll\u00f3 formanyelv\u00e9t, a cirque danse-t, amelyben az \u00fajcirkusz, a modern \u00e9s a klasszikus t\u00e1nc elemei szervesen fon\u00f3dnak \u00f6ssze.","robots":{"index":"index","follow":"follow","max-snippet":"max-snippet:-1","max-image-preview":"max-image-preview:large","max-video-preview":"max-video-preview:-1"},"canonical":"https:\/\/recirquel.com\/hu\/","og_locale":"hu_HU","og_type":"article","og_title":"F\u0151oldal - Recirquel","og_description":"A Recirquel egy vil\u00e1gh\u00edr\u0171 magyar \u00fajcirkusz-t\u00e1rsulat, melyet V\u00e1gi Bence rendez\u0151-koreogr\u00e1fus alap\u00edtott. A t\u00e1rsulat \u00faj ir\u00e1nyt mutatott a kort\u00e1rs el\u0151ad\u00f3m\u0171v\u00e9szetben: kialak\u00edtotta saj\u00e1t, egyed\u00fcl\u00e1ll\u00f3 formanyelv\u00e9t, a cirque danse-t, amelyben az \u00fajcirkusz, a modern \u00e9s a klasszikus t\u00e1nc elemei szervesen fon\u00f3dnak \u00f6ssze.","og_url":"https:\/\/recirquel.com\/hu\/","og_site_name":"Recirquel","article_publisher":"https:\/\/www.facebook.com\/Recirquel\/","article_modified_time":"2026-03-25T10:31:21+00:00","og_image":[{"width":1200,"height":1200,"url":"https:\/\/recirquel.com\/wp-content\/uploads\/2026\/03\/wmw-juno-featured.jpg","type":"image\/jpeg"}],"twitter_card":"summary_large_image","twitter_site":"@recirquel","twitter_misc":{"Becs\u00fclt olvas\u00e1si id\u0151":"2 perc"},"schema":{"@context":"https:\/\/schema.org","@graph":[{"@type":"WebPage","@id":"https:\/\/recirquel.com\/hu\/","url":"https:\/\/recirquel.com\/hu\/","name":"F\u0151oldal - Recirquel","isPartOf":{"@id":"https:\/\/recirquel.com\/hu\/#website"},"primaryImageOfPage":{"@id":"https:\/\/recirquel.com\/hu\/#primaryimage"},"image":{"@id":"https:\/\/recirquel.com\/hu\/#primaryimage"},"thumbnailUrl":"https:\/\/recirquel.com\/wp-content\/uploads\/2026\/03\/wmw-juno-featured.jpg","datePublished":"2021-03-25T19:04:35+00:00","dateModified":"2026-03-25T10:31:21+00:00","description":"A Recirquel egy vil\u00e1gh\u00edr\u0171 magyar \u00fajcirkusz-t\u00e1rsulat, melyet V\u00e1gi Bence rendez\u0151-koreogr\u00e1fus alap\u00edtott. A t\u00e1rsulat \u00faj ir\u00e1nyt mutatott a kort\u00e1rs el\u0151ad\u00f3m\u0171v\u00e9szetben: kialak\u00edtotta saj\u00e1t, egyed\u00fcl\u00e1ll\u00f3 formanyelv\u00e9t, a cirque danse-t, amelyben az \u00fajcirkusz, a modern \u00e9s a klasszikus t\u00e1nc elemei szervesen fon\u00f3dnak \u00f6ssze.","breadcrumb":{"@id":"https:\/\/recirquel.com\/hu\/#breadcrumb"},"inLanguage":"hu","potentialAction":[{"@type":"ReadAction","target":["https:\/\/recirquel.com\/hu\/"]}]},{"@type":"ImageObject","inLanguage":"hu","@id":"https:\/\/recirquel.com\/hu\/#primaryimage","url":"https:\/\/recirquel.com\/wp-content\/uploads\/2026\/03\/wmw-juno-featured.jpg","contentUrl":"https:\/\/recirquel.com\/wp-content\/uploads\/2026\/03\/wmw-juno-featured.jpg","width":1200,"height":1200,"caption":"Recirquel Walk My World Juno"},{"@type":"BreadcrumbList","@id":"https:\/\/recirquel.com\/hu\/#breadcrumb","itemListElement":[{"@type":"ListItem","position":1,"name":"Home","item":"https:\/\/recirquel.com\/hu\/"},{"@type":"ListItem","position":2,"name":"F\u0151oldal"}]},{"@type":"WebSite","@id":"https:\/\/recirquel.com\/hu\/#website","url":"https:\/\/recirquel.com\/hu\/","name":"Recirquel","description":"Recirquel","publisher":{"@id":"https:\/\/recirquel.com\/hu\/#organization"},"potentialAction":[{"@type":"SearchAction","target":{"@type":"EntryPoint","urlTemplate":"https:\/\/recirquel.com\/hu\/?s={search_term_string}"},"query-input":{"@type":"PropertyValueSpecification","valueRequired":true,"valueName":"search_term_string"}}],"inLanguage":"hu"},{"@type":"Organization","@id":"https:\/\/recirquel.com\/hu\/#organization","name":"Recirquel Company by Bence V\u00e1gi","url":"https:\/\/recirquel.com\/hu\/","logo":{"@type":"ImageObject","inLanguage":"hu","@id":"https:\/\/recirquel.com\/hu\/#\/schema\/logo\/image\/","url":"https:\/\/i2.wp.com\/recirquel.com\/wp-content\/uploads\/2019\/06\/recirquel-logo-dark.png?fit=440%2C212&ssl=1","contentUrl":"https:\/\/i2.wp.com\/recirquel.com\/wp-content\/uploads\/2019\/06\/recirquel-logo-dark.png?fit=440%2C212&ssl=1","width":440,"height":212,"caption":"Recirquel Company by Bence V\u00e1gi"},"image":{"@id":"https:\/\/recirquel.com\/hu\/#\/schema\/logo\/image\/"},"sameAs":["https:\/\/www.facebook.com\/Recirquel\/","https:\/\/x.com\/recirquel","https:\/\/www.instagram.com\/recirquelcompanybudapest\/","https:\/\/www.linkedin.com\/company\/recirquel\/","https:\/\/www.youtube.com\/channel\/UC4J0YqNCeTxmY4GxeFIkQPQ"]}]}},"jetpack_sharing_enabled":true,"_links":{"self":[{"href":"https:\/\/recirquel.com\/hu\/wp-json\/wp\/v2\/pages\/1945"}],"collection":[{"href":"https:\/\/recirquel.com\/hu\/wp-json\/wp\/v2\/pages"}],"about":[{"href":"https:\/\/recirquel.com\/hu\/wp-json\/wp\/v2\/types\/page"}],"author":[{"embeddable":true,"href":"https:\/\/recirquel.com\/hu\/wp-json\/wp\/v2\/users\/9"}],"replies":[{"embeddable":true,"href":"https:\/\/recirquel.com\/hu\/wp-json\/wp\/v2\/comments?post=1945"}],"version-history":[{"count":179,"href":"https:\/\/recirquel.com\/hu\/wp-json\/wp\/v2\/pages\/1945\/revisions"}],"predecessor-version":[{"id":11616,"href":"https:\/\/recirquel.com\/hu\/wp-json\/wp\/v2\/pages\/1945\/revisions\/11616"}],"wp:featuredmedia":[{"embeddable":true,"href":"https:\/\/recirquel.com\/hu\/wp-json\/wp\/v2\/media\/11583"}],"wp:attachment":[{"href":"https:\/\/recirquel.com\/hu\/wp-json\/wp\/v2\/media?parent=1945"}],"curies":[{"name":"wp","href":"https:\/\/api.w.org\/{rel}","templated":true}]}}