{"id":1883,"date":"2021-03-25T16:44:22","date_gmt":"2021-03-25T16:44:22","guid":{"rendered":"https:\/\/recirquel.com\/?page_id=1883"},"modified":"2021-11-25T17:59:49","modified_gmt":"2021-11-25T16:59:49","slug":"naptar","status":"publish","type":"page","link":"https:\/\/recirquel.com\/hu\/naptar\/","title":{"rendered":"Napt\u00e1r"},"content":{"rendered":"<div id=\"pl-1883\"  class=\"panel-layout\" ><div id=\"pg-1883-0\"  class=\"panel-grid panel-has-style\" ><div class=\"panel-row-style panel-row-style-for-1883-0\" ><div id=\"pgc-1883-0-0\"  class=\"panel-grid-cell\" ><div id=\"panel-1883-0-0-0\" class=\"so-panel widget widget_calendar-widget panel-first-child panel-last-child\" data-index=\"0\" ><div\n\t\t\t\n\t\t\tclass=\"so-widget-calendar-widget so-widget-calendar-widget-default-d75171398898-1883\"\n\t\t\t\n\t\t><div class=\"calendar-header\">\n  <div class=\"calendar-pager-bg pr-3\">\n    <a class=\"calendar-pager calendar-pager-prev\" href=\"https:\/\/recirquel.com\/hu\/wp-json\/wp\/v2\/pages\/1883\/?calendar_year=2026&calendar_month=03\">&lt;<\/a>\n  <\/div>\n  <h1 class=\"calendar-header-title\">\n    <span class=\"calendar-month\">\u00c1prilis<\/span>\n    <span class=\"calendar-year\">2026<\/span>\n  <\/h1>\n  <div class=\"calendar-pager-bg pl-3\">\n    <a class=\"calendar-pager calendar-pager-next\" href=\"https:\/\/recirquel.com\/hu\/wp-json\/wp\/v2\/pages\/1883\/?calendar_year=2026&calendar_month=05\">&gt;<\/a>\n  <\/div>\n<\/div>\n\n<div class=\"filters justify-content-center d-none d-sm-flex\">\n  <a class=\"p-3 filter active\" data-filter=\"*\" href=\"#\">Minden el\u0151ad\u00e1s<\/a>\n  <a class=\"p-3 filter\" data-filter=\".show-8613\" href=\"#\">Paradisum<\/a>\n<\/div>\n\n<div class=\"filter-select-wrap d-block d-sm-none\">\n  <select class=\"filter-select\">\n    <option value=\"*\">Minden el\u0151ad\u00e1s<\/option>\n    <option value=\".show-8613\">Paradisum<\/option>\n  <\/select>\n<\/div>\n\n<div class=\"row events-list grid-isotope\">\n  <div class=\"grid-sizer col-6 col-sm-4 col-lg-3\"><\/div>\n\n      \n  <div class=\"grid-item event-card calendar-event-card col-6 col-sm-4 col-lg-3 show-8613\">\n    <div class=\"grid-item-content\">\n      <div class=\"calendar-event-card-bg\" style=\"background-image: url('https:\/\/recirquel.com\/wp-content\/uploads\/2024\/04\/calendar_paradisum-265x420-2.jpg');\"><\/div>\n      <div class=\"grid-item-content-bg\">\n        <h2 class=\"show-title\"><a href=\"https:\/\/recirquel.com\/hu\/show\/paradisum\/\">Paradisum<\/a><\/h2>\n\n        <a class=\"event-location\" target=\"_blank\" href=\"https:\/\/mupa.hu\/programok\/recirquel\/paradisum\">M\u00fcpa Budapest<br \/>Magyarorsz\u00e1g<\/a>\n\n                \n                <div class=\"event-date-box\">\n          <span class=\"event-date\">2026. 04. 20.<\/span>\n          <span class=\"event-day\">h\u00e9tf\u0151<\/span>\n        <\/div>\n\n        <div class=\"event-times\">\n                      <a href=\"https:\/\/mupa.hu\/program\/tanc\/recirquel-paradisum-2026-04-20_19-00-fesztivalszinhaz\" target=\"_blank\" class=\"event-time-btn\" class=\"event-time-button\">19:00<\/a>\n                  <\/div>\n      <\/div>\n    <\/div>\n  <\/div>\n      \n  <div class=\"grid-item event-card calendar-event-card col-6 col-sm-4 col-lg-3 show-8613\">\n    <div class=\"grid-item-content\">\n      <div class=\"calendar-event-card-bg\" style=\"background-image: url('https:\/\/recirquel.com\/wp-content\/uploads\/2024\/04\/calendar_paradisum-265x420-2.jpg');\"><\/div>\n      <div class=\"grid-item-content-bg\">\n        <h2 class=\"show-title\"><a href=\"https:\/\/recirquel.com\/hu\/show\/paradisum\/\">Paradisum<\/a><\/h2>\n\n        <a class=\"event-location\" target=\"_blank\" href=\"https:\/\/mupa.hu\/programok\/recirquel\/paradisum\">M\u00fcpa Budapest<br \/>Magyarorsz\u00e1g<\/a>\n\n                \n                <div class=\"event-date-box\">\n          <span class=\"event-date\">2026. 04. 21.<\/span>\n          <span class=\"event-day\">kedd<\/span>\n        <\/div>\n\n        <div class=\"event-times\">\n                      <a href=\"https:\/\/mupa.hu\/program\/tanc\/recirquel-paradisum-2026-04-21_19-00-fesztivalszinhaz\" target=\"_blank\" class=\"event-time-btn\" class=\"event-time-button\">19:00<\/a>\n                  <\/div>\n      <\/div>\n    <\/div>\n  <\/div>\n      \n  <div class=\"grid-item event-card calendar-event-card col-6 col-sm-4 col-lg-3 show-8613\">\n    <div class=\"grid-item-content\">\n      <div class=\"calendar-event-card-bg\" style=\"background-image: url('https:\/\/recirquel.com\/wp-content\/uploads\/2024\/04\/calendar_paradisum-265x420-2.jpg');\"><\/div>\n      <div class=\"grid-item-content-bg\">\n        <h2 class=\"show-title\"><a href=\"https:\/\/recirquel.com\/hu\/show\/paradisum\/\">Paradisum<\/a><\/h2>\n\n        <a class=\"event-location\" target=\"_blank\" href=\"https:\/\/mupa.hu\/programok\/recirquel\/paradisum\">M\u00fcpa Budapest<br \/>Magyarorsz\u00e1g<\/a>\n\n                \n                <div class=\"event-date-box\">\n          <span class=\"event-date\">2026. 04. 22.<\/span>\n          <span class=\"event-day\">szerda<\/span>\n        <\/div>\n\n        <div class=\"event-times\">\n                      <a href=\"https:\/\/mupa.hu\/program\/tanc\/recirquel-paradisum-2026-04-22_19-00-fesztivalszinhaz\" target=\"_blank\" class=\"event-time-btn\" class=\"event-time-button\">19:00<\/a>\n                  <\/div>\n      <\/div>\n    <\/div>\n  <\/div>\n      \n  <div class=\"grid-item event-card calendar-event-card col-6 col-sm-4 col-lg-3 show-8613\">\n    <div class=\"grid-item-content\">\n      <div class=\"calendar-event-card-bg\" style=\"background-image: url('https:\/\/recirquel.com\/wp-content\/uploads\/2024\/04\/calendar_paradisum-265x420-2.jpg');\"><\/div>\n      <div class=\"grid-item-content-bg\">\n        <h2 class=\"show-title\"><a href=\"https:\/\/recirquel.com\/hu\/show\/paradisum\/\">Paradisum<\/a><\/h2>\n\n        <a class=\"event-location\" target=\"_blank\" href=\"https:\/\/mupa.hu\/programok\/recirquel\/paradisum\">M\u00fcpa Budapest<br \/>Magyarorsz\u00e1g<\/a>\n\n                \n                <div class=\"event-date-box\">\n          <span class=\"event-date\">2026. 04. 23.<\/span>\n          <span class=\"event-day\">cs\u00fct\u00f6rt\u00f6k<\/span>\n        <\/div>\n\n        <div class=\"event-times\">\n                      <a href=\"https:\/\/mupa.hu\/program\/tanc\/recirquel-paradisum-2026-04-23_19-00-fesztivalszinhaz\" target=\"_blank\" class=\"event-time-btn\" class=\"event-time-button\">19:00<\/a>\n                  <\/div>\n      <\/div>\n    <\/div>\n  <\/div>\n      \n  <div class=\"grid-item event-card calendar-event-card col-6 col-sm-4 col-lg-3 show-8613\">\n    <div class=\"grid-item-content\">\n      <div class=\"calendar-event-card-bg\" style=\"background-image: url('https:\/\/recirquel.com\/wp-content\/uploads\/2024\/04\/calendar_paradisum-265x420-2.jpg');\"><\/div>\n      <div class=\"grid-item-content-bg\">\n        <h2 class=\"show-title\"><a href=\"https:\/\/recirquel.com\/hu\/show\/paradisum\/\">Paradisum<\/a><\/h2>\n\n        <a class=\"event-location\" target=\"_blank\" href=\"https:\/\/mupa.hu\/en\/events\/recirquel\/paradisum\">M\u00fcpa Budapest<br \/>Magyarorsz\u00e1g<\/a>\n\n                \n                <div class=\"event-date-box\">\n          <span class=\"event-date\">2026. 04. 24.<\/span>\n          <span class=\"event-day\">p\u00e9ntek<\/span>\n        <\/div>\n\n        <div class=\"event-times\">\n                      <a href=\"https:\/\/mupa.hu\/program\/tanc\/recirquel-paradisum-2026-04-24_19-00-fesztivalszinhaz\" target=\"_blank\" class=\"event-time-btn\" class=\"event-time-button\">19:00<\/a>\n                  <\/div>\n      <\/div>\n    <\/div>\n  <\/div>\n      \n  <div class=\"grid-item event-card calendar-event-card col-6 col-sm-4 col-lg-3 show-8613\">\n    <div class=\"grid-item-content\">\n      <div class=\"calendar-event-card-bg\" style=\"background-image: url('https:\/\/recirquel.com\/wp-content\/uploads\/2024\/04\/calendar_paradisum-265x420-2.jpg');\"><\/div>\n      <div class=\"grid-item-content-bg\">\n        <h2 class=\"show-title\"><a href=\"https:\/\/recirquel.com\/hu\/show\/paradisum\/\">Paradisum<\/a><\/h2>\n\n        <a class=\"event-location\" target=\"_blank\" href=\"https:\/\/mupa.hu\/programok\/recirquel\/paradisum\">M\u00fcpa Budapest<br \/>Magyarorsz\u00e1g<\/a>\n\n                \n                <div class=\"event-date-box\">\n          <span class=\"event-date\">2026. 04. 25.<\/span>\n          <span class=\"event-day\">szombat<\/span>\n        <\/div>\n\n        <div class=\"event-times\">\n                      <a href=\"https:\/\/mupa.hu\/program\/tanc\/recirquel-paradisum-2026-04-25_19-00-fesztivalszinhaz\" target=\"_blank\" class=\"event-time-btn\" class=\"event-time-button\">19:00<\/a>\n                  <\/div>\n      <\/div>\n    <\/div>\n  <\/div>\n\n<\/div>\n\n<\/div><\/div><\/div><\/div><\/div><\/div>","protected":false},"excerpt":{"rendered":"<p>&lt; \u00c1prilis 2026 &gt; Minden el\u0151ad\u00e1s Paradisum Minden el\u0151ad\u00e1s Paradisum Paradisum M\u00fcpa BudapestMagyarorsz\u00e1g 2026. 04. 20. h\u00e9tf\u0151 19:00 Paradisum M\u00fcpa BudapestMagyarorsz\u00e1g 2026. 04. 21. kedd 19:00 Paradisum M\u00fcpa BudapestMagyarorsz\u00e1g 2026. 04. 22. szerda 19:00 Paradisum M\u00fcpa BudapestMagyarorsz\u00e1g 2026. 04. 23. cs\u00fct\u00f6rt\u00f6k 19:00 Paradisum M\u00fcpa BudapestMagyarorsz\u00e1g 2026. 04. 24. p\u00e9ntek 19:00 Paradisum M\u00fcpa BudapestMagyarorsz\u00e1g 2026. 04. [&hellip;]<\/p>\n","protected":false},"author":9,"featured_media":3671,"parent":0,"menu_order":0,"comment_status":"closed","ping_status":"closed","template":"","meta":{"footnotes":""},"class_list":["post-1883","page","type-page","status-publish","has-post-thumbnail","hentry"],"yoast_head":"<!-- This site is optimized with the Yoast SEO plugin v23.7 - https:\/\/yoast.com\/wordpress\/plugins\/seo\/ -->\n<title>Napt\u00e1r - Recirquel<\/title>\n<meta name=\"robots\" content=\"index, follow, max-snippet:-1, max-image-preview:large, max-video-preview:-1\" \/>\n<link rel=\"canonical\" href=\"https:\/\/recirquel.com\/hu\/naptar\/\" \/>\n<meta property=\"og:locale\" content=\"hu_HU\" \/>\n<meta property=\"og:type\" content=\"article\" \/>\n<meta property=\"og:title\" content=\"Napt\u00e1r - Recirquel\" \/>\n<meta property=\"og:description\" content=\"&lt; \u00c1prilis 2026 &gt; Minden el\u0151ad\u00e1s Paradisum Minden el\u0151ad\u00e1s Paradisum Paradisum M\u00fcpa BudapestMagyarorsz\u00e1g 2026. 04. 20. h\u00e9tf\u0151 19:00 Paradisum M\u00fcpa BudapestMagyarorsz\u00e1g 2026. 04. 21. kedd 19:00 Paradisum M\u00fcpa BudapestMagyarorsz\u00e1g 2026. 04. 22. szerda 19:00 Paradisum M\u00fcpa BudapestMagyarorsz\u00e1g 2026. 04. 23. cs\u00fct\u00f6rt\u00f6k 19:00 Paradisum M\u00fcpa BudapestMagyarorsz\u00e1g 2026. 04. 24. p\u00e9ntek 19:00 Paradisum M\u00fcpa BudapestMagyarorsz\u00e1g 2026. 04. [&hellip;]\" \/>\n<meta property=\"og:url\" content=\"https:\/\/recirquel.com\/hu\/naptar\/\" \/>\n<meta property=\"og:site_name\" content=\"Recirquel\" \/>\n<meta property=\"article:publisher\" content=\"https:\/\/www.facebook.com\/Recirquel\/\" \/>\n<meta property=\"article:modified_time\" content=\"2021-11-25T16:59:49+00:00\" \/>\n<meta property=\"og:image\" content=\"https:\/\/recirquel.com\/wp-content\/uploads\/2021\/11\/458A8268_HirlingBalint-copy-scaled.jpg\" \/>\n\t<meta property=\"og:image:width\" content=\"2048\" \/>\n\t<meta property=\"og:image:height\" content=\"1365\" \/>\n\t<meta property=\"og:image:type\" content=\"image\/jpeg\" \/>\n<meta name=\"twitter:card\" content=\"summary_large_image\" \/>\n<meta name=\"twitter:site\" content=\"@recirquel\" \/>\n<script type=\"application\/ld+json\" class=\"yoast-schema-graph\">{\"@context\":\"https:\/\/schema.org\",\"@graph\":[{\"@type\":\"WebPage\",\"@id\":\"https:\/\/recirquel.com\/hu\/naptar\/\",\"url\":\"https:\/\/recirquel.com\/hu\/naptar\/\",\"name\":\"Napt\u00e1r - Recirquel\",\"isPartOf\":{\"@id\":\"https:\/\/recirquel.com\/hu\/#website\"},\"primaryImageOfPage\":{\"@id\":\"https:\/\/recirquel.com\/hu\/naptar\/#primaryimage\"},\"image\":{\"@id\":\"https:\/\/recirquel.com\/hu\/naptar\/#primaryimage\"},\"thumbnailUrl\":\"https:\/\/recirquel.com\/wp-content\/uploads\/2021\/11\/458A8268_HirlingBalint-copy-scaled.jpg\",\"datePublished\":\"2021-03-25T16:44:22+00:00\",\"dateModified\":\"2021-11-25T16:59:49+00:00\",\"breadcrumb\":{\"@id\":\"https:\/\/recirquel.com\/hu\/naptar\/#breadcrumb\"},\"inLanguage\":\"hu\",\"potentialAction\":[{\"@type\":\"ReadAction\",\"target\":[\"https:\/\/recirquel.com\/hu\/naptar\/\"]}]},{\"@type\":\"ImageObject\",\"inLanguage\":\"hu\",\"@id\":\"https:\/\/recirquel.com\/hu\/naptar\/#primaryimage\",\"url\":\"https:\/\/recirquel.com\/wp-content\/uploads\/2021\/11\/458A8268_HirlingBalint-copy-scaled.jpg\",\"contentUrl\":\"https:\/\/recirquel.com\/wp-content\/uploads\/2021\/11\/458A8268_HirlingBalint-copy-scaled.jpg\",\"width\":2048,\"height\":1365},{\"@type\":\"BreadcrumbList\",\"@id\":\"https:\/\/recirquel.com\/hu\/naptar\/#breadcrumb\",\"itemListElement\":[{\"@type\":\"ListItem\",\"position\":1,\"name\":\"Home\",\"item\":\"https:\/\/recirquel.com\/hu\/\"},{\"@type\":\"ListItem\",\"position\":2,\"name\":\"Napt\u00e1r\"}]},{\"@type\":\"WebSite\",\"@id\":\"https:\/\/recirquel.com\/hu\/#website\",\"url\":\"https:\/\/recirquel.com\/hu\/\",\"name\":\"Recirquel\",\"description\":\"Recirquel\",\"publisher\":{\"@id\":\"https:\/\/recirquel.com\/hu\/#organization\"},\"potentialAction\":[{\"@type\":\"SearchAction\",\"target\":{\"@type\":\"EntryPoint\",\"urlTemplate\":\"https:\/\/recirquel.com\/hu\/?s={search_term_string}\"},\"query-input\":{\"@type\":\"PropertyValueSpecification\",\"valueRequired\":true,\"valueName\":\"search_term_string\"}}],\"inLanguage\":\"hu\"},{\"@type\":\"Organization\",\"@id\":\"https:\/\/recirquel.com\/hu\/#organization\",\"name\":\"Recirquel Company by Bence V\u00e1gi\",\"url\":\"https:\/\/recirquel.com\/hu\/\",\"logo\":{\"@type\":\"ImageObject\",\"inLanguage\":\"hu\",\"@id\":\"https:\/\/recirquel.com\/hu\/#\/schema\/logo\/image\/\",\"url\":\"https:\/\/i2.wp.com\/recirquel.com\/wp-content\/uploads\/2019\/06\/recirquel-logo-dark.png?fit=440%2C212&ssl=1\",\"contentUrl\":\"https:\/\/i2.wp.com\/recirquel.com\/wp-content\/uploads\/2019\/06\/recirquel-logo-dark.png?fit=440%2C212&ssl=1\",\"width\":440,\"height\":212,\"caption\":\"Recirquel Company by Bence V\u00e1gi\"},\"image\":{\"@id\":\"https:\/\/recirquel.com\/hu\/#\/schema\/logo\/image\/\"},\"sameAs\":[\"https:\/\/www.facebook.com\/Recirquel\/\",\"https:\/\/x.com\/recirquel\",\"https:\/\/www.instagram.com\/recirquelcompanybudapest\/\",\"https:\/\/www.linkedin.com\/company\/recirquel\/\",\"https:\/\/www.youtube.com\/channel\/UC4J0YqNCeTxmY4GxeFIkQPQ\"]}]}<\/script>\n<!-- \/ Yoast SEO plugin. -->","yoast_head_json":{"title":"Napt\u00e1r - Recirquel","robots":{"index":"index","follow":"follow","max-snippet":"max-snippet:-1","max-image-preview":"max-image-preview:large","max-video-preview":"max-video-preview:-1"},"canonical":"https:\/\/recirquel.com\/hu\/naptar\/","og_locale":"hu_HU","og_type":"article","og_title":"Napt\u00e1r - Recirquel","og_description":"&lt; \u00c1prilis 2026 &gt; Minden el\u0151ad\u00e1s Paradisum Minden el\u0151ad\u00e1s Paradisum Paradisum M\u00fcpa BudapestMagyarorsz\u00e1g 2026. 04. 20. h\u00e9tf\u0151 19:00 Paradisum M\u00fcpa BudapestMagyarorsz\u00e1g 2026. 04. 21. kedd 19:00 Paradisum M\u00fcpa BudapestMagyarorsz\u00e1g 2026. 04. 22. szerda 19:00 Paradisum M\u00fcpa BudapestMagyarorsz\u00e1g 2026. 04. 23. cs\u00fct\u00f6rt\u00f6k 19:00 Paradisum M\u00fcpa BudapestMagyarorsz\u00e1g 2026. 04. 24. p\u00e9ntek 19:00 Paradisum M\u00fcpa BudapestMagyarorsz\u00e1g 2026. 04. [&hellip;]","og_url":"https:\/\/recirquel.com\/hu\/naptar\/","og_site_name":"Recirquel","article_publisher":"https:\/\/www.facebook.com\/Recirquel\/","article_modified_time":"2021-11-25T16:59:49+00:00","og_image":[{"width":2048,"height":1365,"url":"https:\/\/recirquel.com\/wp-content\/uploads\/2021\/11\/458A8268_HirlingBalint-copy-scaled.jpg","type":"image\/jpeg"}],"twitter_card":"summary_large_image","twitter_site":"@recirquel","schema":{"@context":"https:\/\/schema.org","@graph":[{"@type":"WebPage","@id":"https:\/\/recirquel.com\/hu\/naptar\/","url":"https:\/\/recirquel.com\/hu\/naptar\/","name":"Napt\u00e1r - Recirquel","isPartOf":{"@id":"https:\/\/recirquel.com\/hu\/#website"},"primaryImageOfPage":{"@id":"https:\/\/recirquel.com\/hu\/naptar\/#primaryimage"},"image":{"@id":"https:\/\/recirquel.com\/hu\/naptar\/#primaryimage"},"thumbnailUrl":"https:\/\/recirquel.com\/wp-content\/uploads\/2021\/11\/458A8268_HirlingBalint-copy-scaled.jpg","datePublished":"2021-03-25T16:44:22+00:00","dateModified":"2021-11-25T16:59:49+00:00","breadcrumb":{"@id":"https:\/\/recirquel.com\/hu\/naptar\/#breadcrumb"},"inLanguage":"hu","potentialAction":[{"@type":"ReadAction","target":["https:\/\/recirquel.com\/hu\/naptar\/"]}]},{"@type":"ImageObject","inLanguage":"hu","@id":"https:\/\/recirquel.com\/hu\/naptar\/#primaryimage","url":"https:\/\/recirquel.com\/wp-content\/uploads\/2021\/11\/458A8268_HirlingBalint-copy-scaled.jpg","contentUrl":"https:\/\/recirquel.com\/wp-content\/uploads\/2021\/11\/458A8268_HirlingBalint-copy-scaled.jpg","width":2048,"height":1365},{"@type":"BreadcrumbList","@id":"https:\/\/recirquel.com\/hu\/naptar\/#breadcrumb","itemListElement":[{"@type":"ListItem","position":1,"name":"Home","item":"https:\/\/recirquel.com\/hu\/"},{"@type":"ListItem","position":2,"name":"Napt\u00e1r"}]},{"@type":"WebSite","@id":"https:\/\/recirquel.com\/hu\/#website","url":"https:\/\/recirquel.com\/hu\/","name":"Recirquel","description":"Recirquel","publisher":{"@id":"https:\/\/recirquel.com\/hu\/#organization"},"potentialAction":[{"@type":"SearchAction","target":{"@type":"EntryPoint","urlTemplate":"https:\/\/recirquel.com\/hu\/?s={search_term_string}"},"query-input":{"@type":"PropertyValueSpecification","valueRequired":true,"valueName":"search_term_string"}}],"inLanguage":"hu"},{"@type":"Organization","@id":"https:\/\/recirquel.com\/hu\/#organization","name":"Recirquel Company by Bence V\u00e1gi","url":"https:\/\/recirquel.com\/hu\/","logo":{"@type":"ImageObject","inLanguage":"hu","@id":"https:\/\/recirquel.com\/hu\/#\/schema\/logo\/image\/","url":"https:\/\/i2.wp.com\/recirquel.com\/wp-content\/uploads\/2019\/06\/recirquel-logo-dark.png?fit=440%2C212&ssl=1","contentUrl":"https:\/\/i2.wp.com\/recirquel.com\/wp-content\/uploads\/2019\/06\/recirquel-logo-dark.png?fit=440%2C212&ssl=1","width":440,"height":212,"caption":"Recirquel Company by Bence V\u00e1gi"},"image":{"@id":"https:\/\/recirquel.com\/hu\/#\/schema\/logo\/image\/"},"sameAs":["https:\/\/www.facebook.com\/Recirquel\/","https:\/\/x.com\/recirquel","https:\/\/www.instagram.com\/recirquelcompanybudapest\/","https:\/\/www.linkedin.com\/company\/recirquel\/","https:\/\/www.youtube.com\/channel\/UC4J0YqNCeTxmY4GxeFIkQPQ"]}]}},"jetpack_sharing_enabled":true,"_links":{"self":[{"href":"https:\/\/recirquel.com\/hu\/wp-json\/wp\/v2\/pages\/1883"}],"collection":[{"href":"https:\/\/recirquel.com\/hu\/wp-json\/wp\/v2\/pages"}],"about":[{"href":"https:\/\/recirquel.com\/hu\/wp-json\/wp\/v2\/types\/page"}],"author":[{"embeddable":true,"href":"https:\/\/recirquel.com\/hu\/wp-json\/wp\/v2\/users\/9"}],"replies":[{"embeddable":true,"href":"https:\/\/recirquel.com\/hu\/wp-json\/wp\/v2\/comments?post=1883"}],"version-history":[{"count":8,"href":"https:\/\/recirquel.com\/hu\/wp-json\/wp\/v2\/pages\/1883\/revisions"}],"predecessor-version":[{"id":3685,"href":"https:\/\/recirquel.com\/hu\/wp-json\/wp\/v2\/pages\/1883\/revisions\/3685"}],"wp:featuredmedia":[{"embeddable":true,"href":"https:\/\/recirquel.com\/hu\/wp-json\/wp\/v2\/media\/3671"}],"wp:attachment":[{"href":"https:\/\/recirquel.com\/hu\/wp-json\/wp\/v2\/media?parent=1883"}],"curies":[{"name":"wp","href":"https:\/\/api.w.org\/{rel}","templated":true}]}}