{"id":1850,"date":"2021-03-25T18:36:14","date_gmt":"2021-03-25T18:36:14","guid":{"rendered":"https:\/\/recirquel.com\/?page_id=1850"},"modified":"2023-07-24T10:38:14","modified_gmt":"2023-07-24T08:38:14","slug":"tortenet","status":"publish","type":"page","link":"https:\/\/recirquel.com\/hu\/tortenet\/","title":{"rendered":"T\u00f6rt\u00e9net"},"content":{"rendered":"<div id=\"pl-1850\"  class=\"panel-layout\" ><div id=\"pg-1850-0\"  class=\"panel-grid panel-has-style\" ><div class=\"siteorigin-panels-stretch panel-row-style panel-row-style-for-1850-0\" data-stretch-type=\"full-stretched\" ><div id=\"pgc-1850-0-0\"  class=\"panel-grid-cell\" ><div id=\"panel-1850-0-0-0\" class=\"so-panel widget widget_page-top panel-first-child panel-last-child\" data-index=\"0\" ><div\n\t\t\t\n\t\t\tclass=\"so-widget-page-top so-widget-page-top-default-d75171398898-1850\"\n\t\t\t\n\t\t>\t\t<div class=\"page-top angle-blue text-white\">\r\n\t\t<div class=\"page-top-bg position-absolute w-100 h-100 jarallax\" data-jarallax style=\"top: 0; left: 0;\">\r\n\t\t\t<picture class=\"jarallax-img\">\r\n\t\t\t\t\t\t    <img decoding=\"async\" src=\"https:\/\/recirquel.com\/wp-content\/uploads\/2023\/06\/Recirquel-IMA_performer-Gabor-ZSIROS_photo-Balint-HIRLING_05-1920x1280.jpg\" alt=\"T\u00f6rt\u00e9net\" class=\"w-100 h-100\" style=\"object-fit: cover; object-position: center;\">\r\n\t\t  <\/picture>\r\n\t\t<\/div>\r\n\r\n\t\t<div class=\"container\">\r\n\t\t\t<div class=\"row align-items-end\">\r\n\t\t\t\t<div class=\"col-md-12\">\r\n\t\t\t\t\t<div class=\"page-top-meta text-center\">\r\n\t\t\t\t\t\t<h1 class=\"page-top-meta-title\">T\u00f6rt\u00e9net<\/h1>\r\n\t\t\t\t\t\t<p class=\"page-top-meta-subtitle\"><\/p>\r\n\t\t\t\t\t\t<div class=\"page-top-meta-btn-wrapper text-center\">\r\n\t\t\t\t\t\t\t<a href=\"#details\" class=\"page-top-meta-btn\">b\u0151vebben<\/a>\r\n\t\t\t\t\t\t<\/div>\r\n\t\t\t\t\t<\/div>\r\n\t\t\t\t<\/div>\r\n\t\t\t<\/div>\r\n\t\t<\/div>\r\n\t<\/div>\r\n<\/div><\/div><\/div><\/div><\/div><div id=\"pg-1850-1\"  class=\"panel-grid panel-has-style\" ><div class=\"siteorigin-panels-stretch panel-row-style panel-row-style-for-1850-1\" id=\"details\" data-stretch-type=\"full-stretched\" ><div id=\"pgc-1850-1-0\"  class=\"panel-grid-cell\" ><div id=\"panel-1850-1-0-0\" class=\"so-panel widget widget_page-content panel-first-child panel-last-child\" data-index=\"1\" ><div\n\t\t\t\n\t\t\tclass=\"so-widget-page-content so-widget-page-content-default-d75171398898-1850\"\n\t\t\t\n\t\t>\t<div class=\"page-content\">\r\n\t\t<div class=\"page-content-color blue\">\r\n\t\t\t<div class=\"container\">\r\n\t\t\t\t<div class=\"row\">\r\n\t\t\t\t\t<div class=\"col-md-8 offset-md-2 text-center\">\r\n\t\t\t\t\t\t<h2 class=\"page-content-title\">Recirquel<\/h2>\r\n\t\t\t\t\t<\/div>\r\n\t\t\t\t\t<div class=\"col-md-8 offset-md-2 text-center\">\r\n\t\t\t\t\t\t<div class=\"page-content-text\"><p style=\"text-align: left;\">A Recirquel T\u00e1rsulatot 2012-ben alap\u00edtotta V\u00e1gi Bence rendez\u0151-koreogr\u00e1fus, m\u00e1ra a vil\u00e1g egyik vezet\u0151 \u00fajcirkusz t\u00e1rsulat\u00e1v\u00e1 n\u0151tte ki mag\u00e1t. Az \u00fajcirkuszt a t\u00e1nc \u00e9s a sz\u00ednh\u00e1z vil\u00e1g\u00e1val egyedi m\u00f3don egyes\u00edt\u0151 el\u0151ad\u00e1sokkal V\u00e1gi Bence c\u00e9lja kezdetekt\u0151l egy k\u00f6z\u00e9p-kelet-eur\u00f3pai, magyar \u00fajcirkusz ir\u00e1nyzat megteremt\u00e9se volt.<span class=\"Apple-converted-space\">\u00a0<\/span><\/p>\n<p style=\"text-align: left;\">V\u00e1gi Bence 2012-ben 11 fiatal artist\u00e1t k\u00e9rt fel egy a 20. Sziget Fesztiv\u00e1lra k\u00e9sz\u00fcl\u0151 produkci\u00f3 megalkot\u00e1s\u00e1ra, amelyet kirobban\u00f3 siker \u00f6vezett. Nemcsak a k\u00f6z\u00f6ns\u00e9g, de a sz\u00ednh\u00e1zi szakma figyelm\u00e9t is mag\u00e1ra vonta a bemutat\u00f3: a siker nyom\u00e1n V\u00e1gi Bence \u00e9s csapata felk\u00e9r\u00e9st kapott a M\u00fcp\u00e1t\u00f3l, valamint a Budapesti Tavaszi Fesztiv\u00e1lt\u00f3l, hogy k\u00e9sz\u00edtse el els\u0151 eg\u00e9sz est\u00e9s \u00fajcirkusz el\u0151ad\u00e1s\u00e1t. K\u00e1el Csaba, a M\u00fcpa vez\u00e9rigazgat\u00f3ja kulcsszerepet j\u00e1tszott a hazai \u00fajcirkusz alapjainak megteremt\u00e9s\u00e9ben az\u00e1ltal, hogy a f\u0151k\u00e9nt klasszikus zenei, jazz \u00e9s vil\u00e1gzenei, valamint t\u00e1ncm\u0171v\u00e9szeti produkci\u00f3kat befogad\u00f3 int\u00e9zm\u00e9nyben teret engedett az \u00faj m\u0171faj sz\u00e1m\u00e1ra. Az els\u0151, <em><a href=\"https:\/\/recirquel.com\/hu\/show\/cirkusz-az-ejszakaban\/\">Cirkusz az \u00c9jszak\u00e1ban<\/a><\/em> c. el\u0151ad\u00e1s 2013-as bemutat\u00f3ja \u00f3ta a Recirquel minden produkci\u00f3ja \u00e1lland\u00f3 vend\u00e9ge a M\u00fcpa Fesztiv\u00e1l Sz\u00ednh\u00e1z\u00e1nak.<span class=\"Apple-converted-space\">\u00a0<\/span><\/p>\n<p style=\"text-align: left;\">2014 tavasz\u00e1n mutatta be a t\u00e1rsulat m\u00e1sodik eg\u00e9sz est\u00e9s produkci\u00f3j\u00e1t <a href=\"https:\/\/recirquel.com\/hu\/show\/a-meztelen-bohoc\/\"><em>A Meztelen Boh\u00f3c<\/em><\/a> c\u00edmmel, a Budapesti Tavaszi Fesztiv\u00e1l keret\u00e9ben. Ezt k\u00f6vette m\u00e9g abban az \u00e9vben a harmadik premier: a <a href=\"https:\/\/recirquel.com\/hu\/show\/parizs-ejjel\/\"><em>P\u00e1rizs \u00c9jjel<\/em><\/a> l\u00e9trehoz\u00e1s\u00e1t a vil\u00e1gh\u00edr\u0171 magyar fot\u00f3m\u0171v\u00e9sz, Brassai munk\u00e1i inspir\u00e1lt\u00e1k. <span class=\"Apple-converted-space\">\u00a0<\/span><\/p>\n<p style=\"text-align: left;\">2015 \u0151sz\u00e9n ker\u00fclt bemutat\u00e1sra V\u00e1gi Bence k\u00f6vetkez\u0151 alkot\u00e1sa, a <a href=\"https:\/\/recirquel.com\/hu\/show\/non-solus\/\"><em>Non Solus<\/em><\/a>. A duett produkci\u00f3 k\u00e9t ember egym\u00e1sra tal\u00e1l\u00e1s\u00e1nak t\u00f6rt\u00e9nete, akik \u00fatjukon bej\u00e1rj\u00e1k a k\u00e9pzelet vil\u00e1gainak legbens\u0151 m\u00e9lys\u00e9geit. A <a href=\"https:\/\/recirquel.com\/hu\/show\/non-solus\/\"><em>Non Solus<\/em><\/a> l\u00e9trehoz\u00e1sa k\u00fcl\u00f6nleges pillanatot jelentett a Recirquel munk\u00e1ss\u00e1g\u00e1ban: az \u00e9vek \u00f3ta az \u00fajcirkusz \u00e9s a t\u00e1rsm\u0171v\u00e9szetek f\u00fazi\u00f3j\u00e1t f\u00f3kuszba \u00e1ll\u00edt\u00f3 t\u00e1rsulat ekkor fordult egy forradalmi \u00faj m\u0171faj, a <a href=\"https:\/\/recirquel.com\/hu\/cirque-danse\/\"><em>cirque danse<\/em><\/a> kidolgoz\u00e1sa fel\u00e9.<span class=\"Apple-converted-space\">\u00a0<\/span><\/p>\n<p style=\"text-align: left;\">A 2018-as <a href=\"https:\/\/recirquel.com\/hu\/show\/my-land\/\"><em>My Land<\/em><\/a> l\u00e9trehoz\u00e1sa m\u00e1r igazi m\u00e9rf\u00f6ldk\u00f6vet jelentett az \u00faj m\u0171faj kiforr\u00e1s\u00e1ban. Az emberis\u00e9g \u00e9s az anyaf\u00f6ld \u00f6r\u00f6k kapcsolat\u00e1t, az emberi l\u00e9tez\u00e9s gy\u00f6kereit f\u00f3kuszba \u00e1ll\u00edt\u00f3 produkci\u00f3 az Edinburgh Fringe Festival keret\u00e9ben ker\u00fclt bemutat\u00e1sra: premierj\u00e9t k\u00f6vet\u0151en a k\u00e9t fesztiv\u00e1l, az Edinburgh Fringe \u00e9s az Edinburgh International kritikusai a legjobb el\u0151ad\u00e1snak \u00edt\u00e9lt\u00e9k a t\u00e1rsulat munk\u00e1j\u00e1t a The List rangsor\u00e1ban.<span class=\"Apple-converted-space\">\u00a02022-ben\u00a0Eur\u00f3pa vezet\u0151 kultur\u00e1lis\u00a0telev\u00edzi\u00f3ja, az <a href=\"https:\/\/recirquel.com\/hu\/2022\/07\/14\/a-vilag-vezeto-muveszeti-tevecsatornaja-keszitett-egesz-estes-dokumentumfilmet-a-recirquelrol\/\">ARTE eg\u00e9sz est\u00e9s dokumentumfilmet k\u00e9sz\u00edtett<\/a> a <em>My Land<\/em>-r\u0151l.<\/span><\/p>\n<p style=\"text-align: left;\">A 2020 \u0151sz\u00e9n bemutatott\u00a0<a href=\"https:\/\/recirquel.com\/hu\/?post_type=show&amp;p=1952\"><em>Solus Amor<\/em><\/a> a <a href=\"https:\/\/recirquel.com\/hu\/show\/non-solus\/\"><em>Non Solus<\/em><\/a> \u00e9s a <a href=\"https:\/\/recirquel.com\/hu\/show\/my-land\/\"><em>My Land<\/em><\/a> t\u00e1rsa. A t\u00e1rsulat egyik legnagyobb volumen\u0171 saj\u00e1t produkci\u00f3jak\u00e9nt z\u00e1rja V\u00e1gi Bence tril\u00f3gi\u00e1j\u00e1t, mely a cirque danse szellemis\u00e9g\u00e9ben sz\u00fcletett.<span class=\"Apple-converted-space\">\u00a0<\/span><\/p>\n<p style=\"text-align: left;\">A <a href=\"https:\/\/recirquel.com\/hu\/cirque-danse\/\"><em>cirque danse<\/em><\/a> kezdeti kibontakoz\u00e1s\u00e1nak tekinthet\u0151 a 17. FINA Vizes Vil\u00e1gbajnoks\u00e1g z\u00e1r\u00f3\u00fcnneps\u00e9ge is. A 2017-ben Budapesten megrendezett vil\u00e1gesem\u00e9ny z\u00e1r\u00f3cerem\u00f3ni\u00e1j\u00e1ra V\u00e1gi Bence a vil\u00e1g 18 orsz\u00e1g\u00e1b\u00f3l v\u00e1logatott \u00f6ssze t\u00f6bb mint 200 artist\u00e1t \u00e9s t\u00e1ncost. A Papp L\u00e1szl\u00f3 Sportar\u00e9n\u00e1ban megrendezett grandi\u00f3zus produkci\u00f3, melyet a csodaszarvas legend\u00e1ja ihletett, egyedi m\u00f3don \u00f6tv\u00f6zte a grandi\u00f3zusra \u00e1lmodott l\u00e1tv\u00e1nyvil\u00e1got a t\u00e1ncm\u0171v\u00e9szet nyelv\u00e9vel \u00e9s a cirkuszm\u0171v\u00e9szet vil\u00e1gklasszisainak tud\u00e1s\u00e1val.<\/p>\n<p style=\"text-align: left;\"><span class=\"Apple-converted-space\">A Recirquel nev\u00e9vel vil\u00e1gszerte \u00f6sszeforrott m\u0171fajt a 2022 \u00e1prilis\u00e1ban a Bart\u00f3k Tavasz keret\u00e9ben a M\u00fcpa mellett fel\u00e1ll\u00edtott s\u00e1torban bemutatott <a href=\"https:\/\/recirquel.com\/hu\/show\/ima\/\"><em>IMA<\/em><\/a> egy \u00fajabb szintre emelte, az el\u0151ad\u00f3m\u0171v\u00e9szetek vil\u00e1g\u00e1nak innovat\u00edv produkci\u00f3jak\u00e9nt immerz\u00edv install\u00e1ci\u00f3ba invit\u00e1lta a n\u00e9z\u0151ket.<\/span><\/p>\n<p style=\"text-align: left;\">A Recirquel csapat\u00e1t m\u00e1r nem csak a M\u00fcpa k\u00f6z\u00f6ns\u00e9ge, hanem az eg\u00e9sz vil\u00e1g a tenyer\u00e9n hordozza \u2013 Edinburgh, Bogota, P\u00e1rizs, Montr\u00e9al, Avignon, New York csak n\u00e9h\u00e1ny helysz\u00edn az egyre hosszabbra ny\u00fal\u00f3 turn\u00e9list\u00e1b\u00f3l. Az elm\u00falt t\u00edz \u00e9vben a Recirquel Magyarorsz\u00e1g egyik legismertebb \u00e9s legn\u00e9pszer\u0171bb kultur\u00e1lis int\u00e9zm\u00e9ny\u00e9v\u00e9 n\u0151tte ki mag\u00e1t, mik\u00f6zben folyamatosan keress\u00fck az alkot\u00e1s \u00faj form\u00e1it. Az\u00a0<a href=\"https:\/\/recirquel.com\/hu\/show\/ima\/\"><em>IMA<\/em><\/a> \u00e9s a \u00f6t\u00f6dik t\u00e9li \u00e9vad\u00e1t 2023 janu\u00e1rj\u00e1ban z\u00e1r\u00f3\u00a0<a href=\"https:\/\/recirquel.com\/hu\/show\/kristaly\/\"><em>Krist\u00e1ly<\/em><\/a> c\u00edm\u0171 t\u00e9li \u00fajcirkusz-mese az immerz\u00edv sz\u00ednh\u00e1zi produkci\u00f3k vil\u00e1g\u00e1nak \u00faj\u00edt\u00f3 alkot\u00e1sai.<\/p>\n<\/div>\r\n\t\t\t\t\t<\/div>\r\n\t\t\t\t<\/div>\r\n\t\t\t<\/div>\r\n\t\t<\/div>\r\n\t<\/div>\r\n<\/div><\/div><\/div><\/div><\/div><div id=\"pg-1850-2\"  class=\"panel-grid panel-has-style\" ><div class=\"siteorigin-panels-stretch panel-row-style panel-row-style-for-1850-2\" data-stretch-type=\"full-stretched\" ><div id=\"pgc-1850-2-0\"  class=\"panel-grid-cell\" ><div id=\"panel-1850-2-0-0\" class=\"so-panel widget widget_full-image-with-angle panel-first-child panel-last-child\" data-index=\"2\" ><div\n\t\t\t\n\t\t\tclass=\"so-widget-full-image-with-angle so-widget-full-image-with-angle-default-d75171398898-1850\"\n\t\t\t\n\t\t>\t<div class=\"full-image-with-angle angle-top-blue\">\r\n\t\t<div class=\"container\">\r\n\t\t\t<div class=\"row\">\r\n\t\t\t\t<div class=\"col-md-12\">\r\n\t\t\t\t\t<div class=\"full-image-with-angle-image\" data-jarallax-element=\"30\">\r\n\t\t\t\t\t\t<img loading=\"lazy\" decoding=\"async\" width=\"1920\" height=\"1281\" src=\"https:\/\/recirquel.com\/wp-content\/uploads\/2019\/05\/myland_1920-1920x1281.jpg\" class=\"full-image-with-angle-image-img\" alt=\"\" srcset=\"https:\/\/recirquel.com\/wp-content\/uploads\/2019\/05\/myland_1920.jpg 1920w, https:\/\/recirquel.com\/wp-content\/uploads\/2019\/05\/myland_1920-300x200.jpg 300w, https:\/\/recirquel.com\/wp-content\/uploads\/2019\/05\/myland_1920-768x512.jpg 768w, https:\/\/recirquel.com\/wp-content\/uploads\/2019\/05\/myland_1920-1024x683.jpg 1024w, https:\/\/recirquel.com\/wp-content\/uploads\/2019\/05\/myland_1920-570x380.jpg 570w, https:\/\/recirquel.com\/wp-content\/uploads\/2019\/05\/myland_1920-654x436.jpg 654w, https:\/\/recirquel.com\/wp-content\/uploads\/2019\/05\/myland_1920-272x182.jpg 272w\" sizes=\"(max-width: 1920px) 100vw, 1920px\" \/>\t\t\t\t\t<\/div>\r\n\t\t\t\t<\/div>\r\n\t\t\t<\/div>\r\n\t\t<\/div>\r\n\t<\/div>\r\n<\/div><\/div><\/div><\/div><\/div><\/div>","protected":false},"excerpt":{"rendered":"<p>T\u00f6rt\u00e9net b\u0151vebben Recirquel A Recirquel T\u00e1rsulatot 2012-ben alap\u00edtotta V\u00e1gi Bence rendez\u0151-koreogr\u00e1fus, m\u00e1ra a vil\u00e1g egyik vezet\u0151 \u00fajcirkusz t\u00e1rsulat\u00e1v\u00e1 n\u0151tte ki mag\u00e1t. Az \u00fajcirkuszt a t\u00e1nc \u00e9s a sz\u00ednh\u00e1z vil\u00e1g\u00e1val egyedi m\u00f3don egyes\u00edt\u0151 el\u0151ad\u00e1sokkal V\u00e1gi Bence c\u00e9lja kezdetekt\u0151l egy k\u00f6z\u00e9p-kelet-eur\u00f3pai, magyar \u00fajcirkusz ir\u00e1nyzat megteremt\u00e9se volt.\u00a0 V\u00e1gi Bence 2012-ben 11 fiatal artist\u00e1t k\u00e9rt fel egy a 20. [&hellip;]<\/p>\n","protected":false},"author":9,"featured_media":0,"parent":0,"menu_order":0,"comment_status":"closed","ping_status":"closed","template":"","meta":{"footnotes":""},"class_list":["post-1850","page","type-page","status-publish","hentry"],"yoast_head":"<!-- This site is optimized with the Yoast SEO plugin v23.7 - https:\/\/yoast.com\/wordpress\/plugins\/seo\/ -->\n<title>T\u00f6rt\u00e9net - Recirquel<\/title>\n<meta name=\"robots\" content=\"index, follow, max-snippet:-1, max-image-preview:large, max-video-preview:-1\" \/>\n<link rel=\"canonical\" href=\"https:\/\/recirquel.com\/hu\/tortenet\/\" \/>\n<meta property=\"og:locale\" content=\"hu_HU\" \/>\n<meta property=\"og:type\" content=\"article\" \/>\n<meta property=\"og:title\" content=\"T\u00f6rt\u00e9net - Recirquel\" \/>\n<meta property=\"og:description\" content=\"T\u00f6rt\u00e9net b\u0151vebben Recirquel A Recirquel T\u00e1rsulatot 2012-ben alap\u00edtotta V\u00e1gi Bence rendez\u0151-koreogr\u00e1fus, m\u00e1ra a vil\u00e1g egyik vezet\u0151 \u00fajcirkusz t\u00e1rsulat\u00e1v\u00e1 n\u0151tte ki mag\u00e1t. Az \u00fajcirkuszt a t\u00e1nc \u00e9s a sz\u00ednh\u00e1z vil\u00e1g\u00e1val egyedi m\u00f3don egyes\u00edt\u0151 el\u0151ad\u00e1sokkal V\u00e1gi Bence c\u00e9lja kezdetekt\u0151l egy k\u00f6z\u00e9p-kelet-eur\u00f3pai, magyar \u00fajcirkusz ir\u00e1nyzat megteremt\u00e9se volt.\u00a0 V\u00e1gi Bence 2012-ben 11 fiatal artist\u00e1t k\u00e9rt fel egy a 20. [&hellip;]\" \/>\n<meta property=\"og:url\" content=\"https:\/\/recirquel.com\/hu\/tortenet\/\" \/>\n<meta property=\"og:site_name\" content=\"Recirquel\" \/>\n<meta property=\"article:publisher\" content=\"https:\/\/www.facebook.com\/Recirquel\/\" \/>\n<meta property=\"article:modified_time\" content=\"2023-07-24T08:38:14+00:00\" \/>\n<meta name=\"twitter:card\" content=\"summary_large_image\" \/>\n<meta name=\"twitter:site\" content=\"@recirquel\" \/>\n<meta name=\"twitter:label1\" content=\"Becs\u00fclt olvas\u00e1si id\u0151\" \/>\n\t<meta name=\"twitter:data1\" content=\"1 perc\" \/>\n<script type=\"application\/ld+json\" class=\"yoast-schema-graph\">{\"@context\":\"https:\/\/schema.org\",\"@graph\":[{\"@type\":\"WebPage\",\"@id\":\"https:\/\/recirquel.com\/hu\/tortenet\/\",\"url\":\"https:\/\/recirquel.com\/hu\/tortenet\/\",\"name\":\"T\u00f6rt\u00e9net - Recirquel\",\"isPartOf\":{\"@id\":\"https:\/\/recirquel.com\/hu\/#website\"},\"datePublished\":\"2021-03-25T18:36:14+00:00\",\"dateModified\":\"2023-07-24T08:38:14+00:00\",\"breadcrumb\":{\"@id\":\"https:\/\/recirquel.com\/hu\/tortenet\/#breadcrumb\"},\"inLanguage\":\"hu\",\"potentialAction\":[{\"@type\":\"ReadAction\",\"target\":[\"https:\/\/recirquel.com\/hu\/tortenet\/\"]}]},{\"@type\":\"BreadcrumbList\",\"@id\":\"https:\/\/recirquel.com\/hu\/tortenet\/#breadcrumb\",\"itemListElement\":[{\"@type\":\"ListItem\",\"position\":1,\"name\":\"Home\",\"item\":\"https:\/\/recirquel.com\/hu\/\"},{\"@type\":\"ListItem\",\"position\":2,\"name\":\"T\u00f6rt\u00e9net\"}]},{\"@type\":\"WebSite\",\"@id\":\"https:\/\/recirquel.com\/hu\/#website\",\"url\":\"https:\/\/recirquel.com\/hu\/\",\"name\":\"Recirquel\",\"description\":\"Recirquel\",\"publisher\":{\"@id\":\"https:\/\/recirquel.com\/hu\/#organization\"},\"potentialAction\":[{\"@type\":\"SearchAction\",\"target\":{\"@type\":\"EntryPoint\",\"urlTemplate\":\"https:\/\/recirquel.com\/hu\/?s={search_term_string}\"},\"query-input\":{\"@type\":\"PropertyValueSpecification\",\"valueRequired\":true,\"valueName\":\"search_term_string\"}}],\"inLanguage\":\"hu\"},{\"@type\":\"Organization\",\"@id\":\"https:\/\/recirquel.com\/hu\/#organization\",\"name\":\"Recirquel Company by Bence V\u00e1gi\",\"url\":\"https:\/\/recirquel.com\/hu\/\",\"logo\":{\"@type\":\"ImageObject\",\"inLanguage\":\"hu\",\"@id\":\"https:\/\/recirquel.com\/hu\/#\/schema\/logo\/image\/\",\"url\":\"https:\/\/i2.wp.com\/recirquel.com\/wp-content\/uploads\/2019\/06\/recirquel-logo-dark.png?fit=440%2C212&ssl=1\",\"contentUrl\":\"https:\/\/i2.wp.com\/recirquel.com\/wp-content\/uploads\/2019\/06\/recirquel-logo-dark.png?fit=440%2C212&ssl=1\",\"width\":440,\"height\":212,\"caption\":\"Recirquel Company by Bence V\u00e1gi\"},\"image\":{\"@id\":\"https:\/\/recirquel.com\/hu\/#\/schema\/logo\/image\/\"},\"sameAs\":[\"https:\/\/www.facebook.com\/Recirquel\/\",\"https:\/\/x.com\/recirquel\",\"https:\/\/www.instagram.com\/recirquelcompanybudapest\/\",\"https:\/\/www.linkedin.com\/company\/recirquel\/\",\"https:\/\/www.youtube.com\/channel\/UC4J0YqNCeTxmY4GxeFIkQPQ\"]}]}<\/script>\n<!-- \/ Yoast SEO plugin. -->","yoast_head_json":{"title":"T\u00f6rt\u00e9net - Recirquel","robots":{"index":"index","follow":"follow","max-snippet":"max-snippet:-1","max-image-preview":"max-image-preview:large","max-video-preview":"max-video-preview:-1"},"canonical":"https:\/\/recirquel.com\/hu\/tortenet\/","og_locale":"hu_HU","og_type":"article","og_title":"T\u00f6rt\u00e9net - Recirquel","og_description":"T\u00f6rt\u00e9net b\u0151vebben Recirquel A Recirquel T\u00e1rsulatot 2012-ben alap\u00edtotta V\u00e1gi Bence rendez\u0151-koreogr\u00e1fus, m\u00e1ra a vil\u00e1g egyik vezet\u0151 \u00fajcirkusz t\u00e1rsulat\u00e1v\u00e1 n\u0151tte ki mag\u00e1t. Az \u00fajcirkuszt a t\u00e1nc \u00e9s a sz\u00ednh\u00e1z vil\u00e1g\u00e1val egyedi m\u00f3don egyes\u00edt\u0151 el\u0151ad\u00e1sokkal V\u00e1gi Bence c\u00e9lja kezdetekt\u0151l egy k\u00f6z\u00e9p-kelet-eur\u00f3pai, magyar \u00fajcirkusz ir\u00e1nyzat megteremt\u00e9se volt.\u00a0 V\u00e1gi Bence 2012-ben 11 fiatal artist\u00e1t k\u00e9rt fel egy a 20. [&hellip;]","og_url":"https:\/\/recirquel.com\/hu\/tortenet\/","og_site_name":"Recirquel","article_publisher":"https:\/\/www.facebook.com\/Recirquel\/","article_modified_time":"2023-07-24T08:38:14+00:00","twitter_card":"summary_large_image","twitter_site":"@recirquel","twitter_misc":{"Becs\u00fclt olvas\u00e1si id\u0151":"1 perc"},"schema":{"@context":"https:\/\/schema.org","@graph":[{"@type":"WebPage","@id":"https:\/\/recirquel.com\/hu\/tortenet\/","url":"https:\/\/recirquel.com\/hu\/tortenet\/","name":"T\u00f6rt\u00e9net - Recirquel","isPartOf":{"@id":"https:\/\/recirquel.com\/hu\/#website"},"datePublished":"2021-03-25T18:36:14+00:00","dateModified":"2023-07-24T08:38:14+00:00","breadcrumb":{"@id":"https:\/\/recirquel.com\/hu\/tortenet\/#breadcrumb"},"inLanguage":"hu","potentialAction":[{"@type":"ReadAction","target":["https:\/\/recirquel.com\/hu\/tortenet\/"]}]},{"@type":"BreadcrumbList","@id":"https:\/\/recirquel.com\/hu\/tortenet\/#breadcrumb","itemListElement":[{"@type":"ListItem","position":1,"name":"Home","item":"https:\/\/recirquel.com\/hu\/"},{"@type":"ListItem","position":2,"name":"T\u00f6rt\u00e9net"}]},{"@type":"WebSite","@id":"https:\/\/recirquel.com\/hu\/#website","url":"https:\/\/recirquel.com\/hu\/","name":"Recirquel","description":"Recirquel","publisher":{"@id":"https:\/\/recirquel.com\/hu\/#organization"},"potentialAction":[{"@type":"SearchAction","target":{"@type":"EntryPoint","urlTemplate":"https:\/\/recirquel.com\/hu\/?s={search_term_string}"},"query-input":{"@type":"PropertyValueSpecification","valueRequired":true,"valueName":"search_term_string"}}],"inLanguage":"hu"},{"@type":"Organization","@id":"https:\/\/recirquel.com\/hu\/#organization","name":"Recirquel Company by Bence V\u00e1gi","url":"https:\/\/recirquel.com\/hu\/","logo":{"@type":"ImageObject","inLanguage":"hu","@id":"https:\/\/recirquel.com\/hu\/#\/schema\/logo\/image\/","url":"https:\/\/i2.wp.com\/recirquel.com\/wp-content\/uploads\/2019\/06\/recirquel-logo-dark.png?fit=440%2C212&ssl=1","contentUrl":"https:\/\/i2.wp.com\/recirquel.com\/wp-content\/uploads\/2019\/06\/recirquel-logo-dark.png?fit=440%2C212&ssl=1","width":440,"height":212,"caption":"Recirquel Company by Bence V\u00e1gi"},"image":{"@id":"https:\/\/recirquel.com\/hu\/#\/schema\/logo\/image\/"},"sameAs":["https:\/\/www.facebook.com\/Recirquel\/","https:\/\/x.com\/recirquel","https:\/\/www.instagram.com\/recirquelcompanybudapest\/","https:\/\/www.linkedin.com\/company\/recirquel\/","https:\/\/www.youtube.com\/channel\/UC4J0YqNCeTxmY4GxeFIkQPQ"]}]}},"jetpack_sharing_enabled":true,"_links":{"self":[{"href":"https:\/\/recirquel.com\/hu\/wp-json\/wp\/v2\/pages\/1850"}],"collection":[{"href":"https:\/\/recirquel.com\/hu\/wp-json\/wp\/v2\/pages"}],"about":[{"href":"https:\/\/recirquel.com\/hu\/wp-json\/wp\/v2\/types\/page"}],"author":[{"embeddable":true,"href":"https:\/\/recirquel.com\/hu\/wp-json\/wp\/v2\/users\/9"}],"replies":[{"embeddable":true,"href":"https:\/\/recirquel.com\/hu\/wp-json\/wp\/v2\/comments?post=1850"}],"version-history":[{"count":35,"href":"https:\/\/recirquel.com\/hu\/wp-json\/wp\/v2\/pages\/1850\/revisions"}],"predecessor-version":[{"id":7034,"href":"https:\/\/recirquel.com\/hu\/wp-json\/wp\/v2\/pages\/1850\/revisions\/7034"}],"wp:attachment":[{"href":"https:\/\/recirquel.com\/hu\/wp-json\/wp\/v2\/media?parent=1850"}],"curies":[{"name":"wp","href":"https:\/\/api.w.org\/{rel}","templated":true}]}}