{"id":1710,"date":"2019-05-12T16:11:38","date_gmt":"2019-05-12T16:11:38","guid":{"rendered":"https:\/\/recirquel.com\/fina-2017\/"},"modified":"2021-03-26T16:01:20","modified_gmt":"2021-03-26T16:01:20","slug":"fina-2017","status":"publish","type":"page","link":"https:\/\/recirquel.com\/hu\/fina-2017\/","title":{"rendered":"FINA 2017"},"content":{"rendered":"<div id=\"pl-1710\"  class=\"panel-layout\" ><div id=\"pg-1710-0\"  class=\"panel-grid panel-has-style\" ><div class=\"siteorigin-panels-stretch panel-row-style panel-row-style-for-1710-0\" data-stretch-type=\"full-stretched\" ><div id=\"pgc-1710-0-0\"  class=\"panel-grid-cell\" ><div id=\"panel-1710-0-0-0\" class=\"so-panel widget widget_page-top panel-first-child panel-last-child\" data-index=\"0\" ><div\n\t\t\t\n\t\t\tclass=\"so-widget-page-top so-widget-page-top-default-d75171398898-1710\"\n\t\t\t\n\t\t>\t\t<div class=\"page-top angle-blue text-white\">\r\n\t\t<div class=\"page-top-bg position-absolute w-100 h-100 jarallax\" data-jarallax style=\"top: 0; left: 0;\">\r\n\t\t\t<picture class=\"jarallax-img\">\r\n\t\t\t\t\t\t    <img decoding=\"async\" src=\"https:\/\/recirquel.com\/wp-content\/uploads\/2019\/05\/recirquel-fina-01-1920x933.jpg\" alt=\"FINA 2017\" class=\"w-100 h-100\" style=\"object-fit: cover; object-position: center;\">\r\n\t\t  <\/picture>\r\n\t\t<\/div>\r\n\r\n\t\t<div class=\"container\">\r\n\t\t\t<div class=\"row align-items-end\">\r\n\t\t\t\t<div class=\"col-md-12\">\r\n\t\t\t\t\t<div class=\"page-top-meta text-center\">\r\n\t\t\t\t\t\t<h1 class=\"page-top-meta-title\">FINA 2017<\/h1>\r\n\t\t\t\t\t\t<p class=\"page-top-meta-subtitle\">Z\u00e1r\u00f3 cerem\u00f3nia<\/p>\r\n\t\t\t\t\t\t<div class=\"page-top-meta-btn-wrapper text-center\">\r\n\t\t\t\t\t\t\t<a href=\"#details\" class=\"page-top-meta-btn\">b\u0151vebben<\/a>\r\n\t\t\t\t\t\t<\/div>\r\n\t\t\t\t\t<\/div>\r\n\t\t\t\t<\/div>\r\n\t\t\t<\/div>\r\n\t\t<\/div>\r\n\t<\/div>\r\n<\/div><\/div><\/div><\/div><\/div><div id=\"pg-1710-1\"  class=\"panel-grid panel-has-style\" ><div class=\"siteorigin-panels-stretch panel-row-style panel-row-style-for-1710-1\" id=\"details\" data-stretch-type=\"full-stretched\" ><div id=\"pgc-1710-1-0\"  class=\"panel-grid-cell\" ><div id=\"panel-1710-1-0-0\" class=\"so-panel widget widget_page-content panel-first-child panel-last-child\" data-index=\"1\" ><div\n\t\t\t\n\t\t\tclass=\"so-widget-page-content so-widget-page-content-default-d75171398898-1710\"\n\t\t\t\n\t\t>\t<div class=\"page-content\">\r\n\t\t<div class=\"page-content-color blue\">\r\n\t\t\t<div class=\"container\">\r\n\t\t\t\t<div class=\"row\">\r\n\t\t\t\t\t<div class=\"col-md-7 offset-md-4\">\r\n\t\t\t\t\t\t<h2 class=\"page-content-title\"><p>A Csodaszarvas Legend\u00e1ja<\/p>\n<\/h2>\r\n\t\t\t\t\t<\/div>\r\n\t\t\t\t\t<div class=\"col-md-6 offset-md-5\">\r\n\t\t\t\t\t\t<div class=\"page-content-text\"><p>V\u00e1gi Bence 2017-ben felk\u00e9r\u00e9st kapott a 17. FINA Vizes Vil\u00e1gbajnoks\u00e1g Z\u00e1r\u00f3\u00fcnneps\u00e9g\u00e9nek megrendez\u00e9s\u00e9re, mely a Papp L\u00e1szl\u00f3 Budapest Sportar\u00e9n\u00e1ban ker\u00fclt bemutat\u00e1sra.<span class=\"Apple-converted-space\">\u00a0<\/span><\/p>\n<p>A grandi\u00f3zus \u00fajcirkusz produkci\u00f3t az egyik leg\u0151sibb magyar legenda, A Csodaszarvas Legend\u00e1ja ihletett. A vil\u00e1g 18 orsz\u00e1g\u00e1b\u00f3l megh\u00edvott, t\u00f6bb mint 200 vil\u00e1gklasszis artista \u00e9s t\u00e1ncos k\u00f6zrem\u0171k\u00f6d\u00e9s\u00e9vel megval\u00f3sul\u00f3 el\u0151ad\u00e1s az \u00fajcirkusz, a t\u00e1nc, a sz\u00ednh\u00e1z \u00e9s a b\u00e1bm\u0171v\u00e9szet elemeit \u00f6tv\u00f6zte.<\/p>\n<\/div>\r\n\t\t\t\t\t<\/div>\r\n\t\t\t\t<\/div>\r\n\t\t\t<\/div>\r\n\t\t<\/div>\r\n\t<\/div>\r\n<\/div><\/div><\/div><\/div><\/div><div id=\"pg-1710-2\"  class=\"panel-grid panel-has-style\" ><div class=\"siteorigin-panels-stretch panel-row-style panel-row-style-for-1710-2\" data-stretch-type=\"full-stretched\" ><div id=\"pgc-1710-2-0\"  class=\"panel-grid-cell\" ><div id=\"panel-1710-2-0-0\" class=\"so-panel widget widget_page-image panel-first-child panel-last-child\" data-index=\"2\" ><div\n\t\t\t\n\t\t\tclass=\"so-widget-page-image so-widget-page-image-default-d75171398898-1710\"\n\t\t\t\n\t\t>\t\t<div class=\"page-image angle-top-blue angle-bottom-none\" style=\"background-image: url('https:\/\/recirquel.com\/wp-content\/uploads\/2019\/05\/recirquel-fina-02-1920x1160.jpg');\" data-jarallax>\r\n\t\t\r\n\t<\/div>\r\n<\/div><\/div><\/div><\/div><\/div><div id=\"pg-1710-3\"  class=\"panel-grid panel-has-style\" ><div class=\"siteorigin-panels-stretch panel-row-style panel-row-style-for-1710-3\" data-stretch-type=\"full-stretched\" ><div id=\"pgc-1710-3-0\"  class=\"panel-grid-cell\" ><div id=\"panel-1710-3-0-0\" class=\"so-panel widget widget_page-content-image panel-first-child panel-last-child\" data-index=\"3\" ><div\n\t\t\t\n\t\t\tclass=\"so-widget-page-content-image so-widget-page-content-image-default-d75171398898-1710\"\n\t\t\t\n\t\t>\t<div class=\"page-content-with-image black\">\r\n\t\t<div class=\"container\">\r\n\t\t\t<div class=\"row align-items-center\">\r\n\t\t\t\t<div class=\"col-md-7\">\r\n\t\t\t\t\t<img loading=\"lazy\" decoding=\"async\" width=\"654\" height=\"521\" src=\"https:\/\/recirquel.com\/wp-content\/uploads\/2019\/05\/recirquel-fina-05-654x521.jpg\" class=\"page-content-with-image-img\" alt=\"\" srcset=\"https:\/\/recirquel.com\/wp-content\/uploads\/2019\/05\/recirquel-fina-05-654x521.jpg 654w, https:\/\/recirquel.com\/wp-content\/uploads\/2019\/05\/recirquel-fina-05-300x239.jpg 300w, https:\/\/recirquel.com\/wp-content\/uploads\/2019\/05\/recirquel-fina-05-768x612.jpg 768w, https:\/\/recirquel.com\/wp-content\/uploads\/2019\/05\/recirquel-fina-05-1024x816.jpg 1024w, https:\/\/recirquel.com\/wp-content\/uploads\/2019\/05\/recirquel-fina-05-570x454.jpg 570w, https:\/\/recirquel.com\/wp-content\/uploads\/2019\/05\/recirquel-fina-05.jpg 1308w\" sizes=\"(max-width: 654px) 100vw, 654px\" \/>\t\t\t\t<\/div>\r\n\t\t\t\t<div class=\"col-md-5\">\r\n\t\t\t\t\t<div class=\"page-content-with-image-meta\">\r\n\t\t\t\t\t\t<h2 class=\"page-content-with-image-meta-title\">Soha nem l\u00e1tott leveg\u0151s produkci\u00f3<\/h2>\r\n\t\t\t\t\t\t<div class=\"page-content-with-image-meta-text\"><p>Urs Pilz, a vil\u00e1gh\u00edr\u0171 Monte Carlo-i Cirkuszfesztiv\u00e1l m\u0171v\u00e9szeti vezet\u0151je, valamint St\u00e9phane Lavoie, a Cit\u00e9 des arts du Cirque-nek is otthont ad\u00f3 La TOHU igazgat\u00f3ja, akik szem\u00e9lyesen is megn\u00e9zt\u00e9k az \u00fcnneps\u00e9get Budapesten, a cirkuszm\u0171v\u00e9szet j\u00f6v\u0151j\u00e9nek egyik \u00fatt\u00f6r\u0151 pillanatak\u00e9nt besz\u00e9ltek a produkci\u00f3r\u00f3l. A 23 artista el\u0151ad\u00e1s\u00e1ban l\u00e9trej\u00f6tt leveg\u0151s momentumot az \u00e1ltaluk valaha l\u00e1tott, legnagyobb leveg\u0151s jelenetk\u00e9nt emlegett\u00e9k.<\/p>\n<\/div>\r\n\t\t\t\t\t<\/div>\r\n\t\t\t\t<\/div>\r\n\t\t\t<\/div>\r\n\t\t<\/div>\r\n\t<\/div>\r\n<\/div><\/div><\/div><\/div><\/div><div id=\"pg-1710-4\"  class=\"panel-grid panel-has-style\" ><div class=\"siteorigin-panels-stretch panel-row-style panel-row-style-for-1710-4\" data-stretch-type=\"full-stretched\" ><div id=\"pgc-1710-4-0\"  class=\"panel-grid-cell\" ><div id=\"panel-1710-4-0-0\" class=\"so-panel widget widget_page-image panel-first-child panel-last-child\" data-index=\"4\" ><div\n\t\t\t\n\t\t\tclass=\"so-widget-page-image so-widget-page-image-default-d75171398898-1710\"\n\t\t\t\n\t\t>\t\t<div class=\"page-image angle-top-none angle-bottom-black\" style=\"background-image: url('https:\/\/recirquel.com\/wp-content\/uploads\/2019\/05\/recirquel-fina-03-1920x1281.jpg');\" data-jarallax>\r\n\t\t\r\n\t<\/div>\r\n<\/div><\/div><\/div><\/div><\/div><div id=\"pg-1710-5\"  class=\"panel-grid panel-has-style\" ><div class=\"siteorigin-panels-stretch panel-row-style panel-row-style-for-1710-5\" data-stretch-type=\"full-stretched\" ><div id=\"pgc-1710-5-0\"  class=\"panel-grid-cell\" ><div id=\"panel-1710-5-0-0\" class=\"so-panel widget widget_page-gallery panel-first-child panel-last-child\" data-index=\"5\" ><div\n\t\t\t\n\t\t\tclass=\"so-widget-page-gallery so-widget-page-gallery-default-d75171398898-1710\"\n\t\t\t\n\t\t>\t<div class=\"page-gallery\">\r\n\r\n\t\t<div class=\"container\">\r\n\t\t\t<div class=\"row\">\r\n\t\t\t\t<div class=\"col-md-10 offset-md-1\">\r\n\t\t\t\t\t<div class=\"widget widget_section-title\"><div\n\t\t\t\n\t\t\tclass=\"so-widget-section-title so-widget-section-title-default-d75171398898\"\n\t\t\t\n\t\t>\t<div class=\"section-title text-center\">\r\n\t\t<h3 class=\"seaction-title-heading\">\r\n\t\t\t<span class=\"section-title-heading-line-1\">Fot\u00f3<\/span>\r\n\t\t\t<span class=\"section-title-heading-line-2\">Gal\u00e9ria<\/span>\r\n\t\t<\/h3>\r\n\t<\/div>\r\n<\/div><\/div>\t\t\t\t<\/div>\r\n\t\t\t<\/div>\r\n\t\t<\/div>\r\n\r\n\t\t<div class=\"page-gallery-loop-wrapper\">\r\n\t\t\t<div class=\"chocolat-parent page-gallery-loop\">\r\n\t\t\t\t\t\t\t\t\t\t\t\t\t<div class=\"page-gallery-loop-item\">\r\n\t\t\t\t\t\t\t\t<a href=\"https:\/\/recirquel.com\/wp-content\/uploads\/2019\/05\/fina-01.jpg\" class=\"chocolat-image\">\r\n\t\t\t\t\t\t\t\t<img loading=\"lazy\" decoding=\"async\" width=\"586\" height=\"586\" src=\"https:\/\/recirquel.com\/wp-content\/uploads\/2019\/05\/fina-01.jpg\" class=\"page-gallery-image\" alt=\"\" srcset=\"https:\/\/recirquel.com\/wp-content\/uploads\/2019\/05\/fina-01.jpg 586w, https:\/\/recirquel.com\/wp-content\/uploads\/2019\/05\/fina-01-150x150.jpg 150w, https:\/\/recirquel.com\/wp-content\/uploads\/2019\/05\/fina-01-300x300.jpg 300w, https:\/\/recirquel.com\/wp-content\/uploads\/2019\/05\/fina-01-570x570.jpg 570w\" sizes=\"(max-width: 586px) 100vw, 586px\" \/>\t\t\t\t\t\t\t\t<\/a>\r\n\t\t\t\t\t\t\t<\/div>\r\n\t\t\t\t\t\t\t\t\t\t\t\t\t\t<div class=\"page-gallery-loop-item\">\r\n\t\t\t\t\t\t\t\t<a href=\"https:\/\/recirquel.com\/wp-content\/uploads\/2019\/05\/fina-02.jpg\" class=\"chocolat-image\">\r\n\t\t\t\t\t\t\t\t<img loading=\"lazy\" decoding=\"async\" width=\"586\" height=\"586\" src=\"https:\/\/recirquel.com\/wp-content\/uploads\/2019\/05\/fina-02.jpg\" class=\"page-gallery-image\" alt=\"\" srcset=\"https:\/\/recirquel.com\/wp-content\/uploads\/2019\/05\/fina-02.jpg 586w, https:\/\/recirquel.com\/wp-content\/uploads\/2019\/05\/fina-02-150x150.jpg 150w, https:\/\/recirquel.com\/wp-content\/uploads\/2019\/05\/fina-02-300x300.jpg 300w, https:\/\/recirquel.com\/wp-content\/uploads\/2019\/05\/fina-02-570x570.jpg 570w\" sizes=\"(max-width: 586px) 100vw, 586px\" \/>\t\t\t\t\t\t\t\t<\/a>\r\n\t\t\t\t\t\t\t<\/div>\r\n\t\t\t\t\t\t\t\t\t\t\t\t\t\t<div class=\"page-gallery-loop-item\">\r\n\t\t\t\t\t\t\t\t<a href=\"https:\/\/recirquel.com\/wp-content\/uploads\/2019\/05\/fina-03.jpg\" class=\"chocolat-image\">\r\n\t\t\t\t\t\t\t\t<img loading=\"lazy\" decoding=\"async\" width=\"586\" height=\"586\" src=\"https:\/\/recirquel.com\/wp-content\/uploads\/2019\/05\/fina-03.jpg\" class=\"page-gallery-image\" alt=\"\" srcset=\"https:\/\/recirquel.com\/wp-content\/uploads\/2019\/05\/fina-03.jpg 586w, https:\/\/recirquel.com\/wp-content\/uploads\/2019\/05\/fina-03-150x150.jpg 150w, https:\/\/recirquel.com\/wp-content\/uploads\/2019\/05\/fina-03-300x300.jpg 300w, https:\/\/recirquel.com\/wp-content\/uploads\/2019\/05\/fina-03-570x570.jpg 570w\" sizes=\"(max-width: 586px) 100vw, 586px\" \/>\t\t\t\t\t\t\t\t<\/a>\r\n\t\t\t\t\t\t\t<\/div>\r\n\t\t\t\t\t\t\t\t\t\t<\/div>\r\n\t\t<\/div>\r\n\r\n\t<\/div>\r\n<\/div><\/div><\/div><\/div><\/div><\/div>","protected":false},"excerpt":{"rendered":"<p>FINA 2017 Z\u00e1r\u00f3 cerem\u00f3nia b\u0151vebben A Csodaszarvas Legend\u00e1ja V\u00e1gi Bence 2017-ben felk\u00e9r\u00e9st kapott a 17. FINA Vizes Vil\u00e1gbajnoks\u00e1g Z\u00e1r\u00f3\u00fcnneps\u00e9g\u00e9nek megrendez\u00e9s\u00e9re, mely a Papp L\u00e1szl\u00f3 Budapest Sportar\u00e9n\u00e1ban ker\u00fclt bemutat\u00e1sra.\u00a0 A grandi\u00f3zus \u00fajcirkusz produkci\u00f3t az egyik leg\u0151sibb magyar legenda, A Csodaszarvas Legend\u00e1ja ihletett. A vil\u00e1g 18 orsz\u00e1g\u00e1b\u00f3l megh\u00edvott, t\u00f6bb mint 200 vil\u00e1gklasszis artista \u00e9s t\u00e1ncos k\u00f6zrem\u0171k\u00f6d\u00e9s\u00e9vel megval\u00f3sul\u00f3 [&hellip;]<\/p>\n","protected":false},"author":1,"featured_media":0,"parent":0,"menu_order":0,"comment_status":"closed","ping_status":"closed","template":"","meta":{"footnotes":""},"class_list":["post-1710","page","type-page","status-publish","hentry"],"yoast_head":"<!-- This site is optimized with the Yoast SEO plugin v23.7 - https:\/\/yoast.com\/wordpress\/plugins\/seo\/ -->\n<title>FINA 2017 - Recirquel<\/title>\n<meta name=\"robots\" content=\"index, follow, max-snippet:-1, max-image-preview:large, max-video-preview:-1\" \/>\n<link rel=\"canonical\" href=\"https:\/\/recirquel.com\/hu\/fina-2017\/\" \/>\n<meta property=\"og:locale\" content=\"hu_HU\" \/>\n<meta property=\"og:type\" content=\"article\" \/>\n<meta property=\"og:title\" content=\"FINA 2017 - Recirquel\" \/>\n<meta property=\"og:description\" content=\"FINA 2017 Z\u00e1r\u00f3 cerem\u00f3nia b\u0151vebben A Csodaszarvas Legend\u00e1ja V\u00e1gi Bence 2017-ben felk\u00e9r\u00e9st kapott a 17. FINA Vizes Vil\u00e1gbajnoks\u00e1g Z\u00e1r\u00f3\u00fcnneps\u00e9g\u00e9nek megrendez\u00e9s\u00e9re, mely a Papp L\u00e1szl\u00f3 Budapest Sportar\u00e9n\u00e1ban ker\u00fclt bemutat\u00e1sra.\u00a0 A grandi\u00f3zus \u00fajcirkusz produkci\u00f3t az egyik leg\u0151sibb magyar legenda, A Csodaszarvas Legend\u00e1ja ihletett. A vil\u00e1g 18 orsz\u00e1g\u00e1b\u00f3l megh\u00edvott, t\u00f6bb mint 200 vil\u00e1gklasszis artista \u00e9s t\u00e1ncos k\u00f6zrem\u0171k\u00f6d\u00e9s\u00e9vel megval\u00f3sul\u00f3 [&hellip;]\" \/>\n<meta property=\"og:url\" content=\"https:\/\/recirquel.com\/hu\/fina-2017\/\" \/>\n<meta property=\"og:site_name\" content=\"Recirquel\" \/>\n<meta property=\"article:publisher\" content=\"https:\/\/www.facebook.com\/Recirquel\/\" \/>\n<meta property=\"article:modified_time\" content=\"2021-03-26T16:01:20+00:00\" \/>\n<meta name=\"twitter:card\" content=\"summary_large_image\" \/>\n<meta name=\"twitter:site\" content=\"@recirquel\" \/>\n<script type=\"application\/ld+json\" class=\"yoast-schema-graph\">{\"@context\":\"https:\/\/schema.org\",\"@graph\":[{\"@type\":\"WebPage\",\"@id\":\"https:\/\/recirquel.com\/hu\/fina-2017\/\",\"url\":\"https:\/\/recirquel.com\/hu\/fina-2017\/\",\"name\":\"FINA 2017 - Recirquel\",\"isPartOf\":{\"@id\":\"https:\/\/recirquel.com\/hu\/#website\"},\"datePublished\":\"2019-05-12T16:11:38+00:00\",\"dateModified\":\"2021-03-26T16:01:20+00:00\",\"breadcrumb\":{\"@id\":\"https:\/\/recirquel.com\/hu\/fina-2017\/#breadcrumb\"},\"inLanguage\":\"hu\",\"potentialAction\":[{\"@type\":\"ReadAction\",\"target\":[\"https:\/\/recirquel.com\/hu\/fina-2017\/\"]}]},{\"@type\":\"BreadcrumbList\",\"@id\":\"https:\/\/recirquel.com\/hu\/fina-2017\/#breadcrumb\",\"itemListElement\":[{\"@type\":\"ListItem\",\"position\":1,\"name\":\"Home\",\"item\":\"https:\/\/recirquel.com\/hu\/\"},{\"@type\":\"ListItem\",\"position\":2,\"name\":\"FINA 2017\"}]},{\"@type\":\"WebSite\",\"@id\":\"https:\/\/recirquel.com\/hu\/#website\",\"url\":\"https:\/\/recirquel.com\/hu\/\",\"name\":\"Recirquel\",\"description\":\"Recirquel\",\"publisher\":{\"@id\":\"https:\/\/recirquel.com\/hu\/#organization\"},\"potentialAction\":[{\"@type\":\"SearchAction\",\"target\":{\"@type\":\"EntryPoint\",\"urlTemplate\":\"https:\/\/recirquel.com\/hu\/?s={search_term_string}\"},\"query-input\":{\"@type\":\"PropertyValueSpecification\",\"valueRequired\":true,\"valueName\":\"search_term_string\"}}],\"inLanguage\":\"hu\"},{\"@type\":\"Organization\",\"@id\":\"https:\/\/recirquel.com\/hu\/#organization\",\"name\":\"Recirquel Company by Bence V\u00e1gi\",\"url\":\"https:\/\/recirquel.com\/hu\/\",\"logo\":{\"@type\":\"ImageObject\",\"inLanguage\":\"hu\",\"@id\":\"https:\/\/recirquel.com\/hu\/#\/schema\/logo\/image\/\",\"url\":\"https:\/\/i2.wp.com\/recirquel.com\/wp-content\/uploads\/2019\/06\/recirquel-logo-dark.png?fit=440%2C212&ssl=1\",\"contentUrl\":\"https:\/\/i2.wp.com\/recirquel.com\/wp-content\/uploads\/2019\/06\/recirquel-logo-dark.png?fit=440%2C212&ssl=1\",\"width\":440,\"height\":212,\"caption\":\"Recirquel Company by Bence V\u00e1gi\"},\"image\":{\"@id\":\"https:\/\/recirquel.com\/hu\/#\/schema\/logo\/image\/\"},\"sameAs\":[\"https:\/\/www.facebook.com\/Recirquel\/\",\"https:\/\/x.com\/recirquel\",\"https:\/\/www.instagram.com\/recirquelcompanybudapest\/\",\"https:\/\/www.linkedin.com\/company\/recirquel\/\",\"https:\/\/www.youtube.com\/channel\/UC4J0YqNCeTxmY4GxeFIkQPQ\"]}]}<\/script>\n<!-- \/ Yoast SEO plugin. -->","yoast_head_json":{"title":"FINA 2017 - Recirquel","robots":{"index":"index","follow":"follow","max-snippet":"max-snippet:-1","max-image-preview":"max-image-preview:large","max-video-preview":"max-video-preview:-1"},"canonical":"https:\/\/recirquel.com\/hu\/fina-2017\/","og_locale":"hu_HU","og_type":"article","og_title":"FINA 2017 - Recirquel","og_description":"FINA 2017 Z\u00e1r\u00f3 cerem\u00f3nia b\u0151vebben A Csodaszarvas Legend\u00e1ja V\u00e1gi Bence 2017-ben felk\u00e9r\u00e9st kapott a 17. FINA Vizes Vil\u00e1gbajnoks\u00e1g Z\u00e1r\u00f3\u00fcnneps\u00e9g\u00e9nek megrendez\u00e9s\u00e9re, mely a Papp L\u00e1szl\u00f3 Budapest Sportar\u00e9n\u00e1ban ker\u00fclt bemutat\u00e1sra.\u00a0 A grandi\u00f3zus \u00fajcirkusz produkci\u00f3t az egyik leg\u0151sibb magyar legenda, A Csodaszarvas Legend\u00e1ja ihletett. A vil\u00e1g 18 orsz\u00e1g\u00e1b\u00f3l megh\u00edvott, t\u00f6bb mint 200 vil\u00e1gklasszis artista \u00e9s t\u00e1ncos k\u00f6zrem\u0171k\u00f6d\u00e9s\u00e9vel megval\u00f3sul\u00f3 [&hellip;]","og_url":"https:\/\/recirquel.com\/hu\/fina-2017\/","og_site_name":"Recirquel","article_publisher":"https:\/\/www.facebook.com\/Recirquel\/","article_modified_time":"2021-03-26T16:01:20+00:00","twitter_card":"summary_large_image","twitter_site":"@recirquel","schema":{"@context":"https:\/\/schema.org","@graph":[{"@type":"WebPage","@id":"https:\/\/recirquel.com\/hu\/fina-2017\/","url":"https:\/\/recirquel.com\/hu\/fina-2017\/","name":"FINA 2017 - Recirquel","isPartOf":{"@id":"https:\/\/recirquel.com\/hu\/#website"},"datePublished":"2019-05-12T16:11:38+00:00","dateModified":"2021-03-26T16:01:20+00:00","breadcrumb":{"@id":"https:\/\/recirquel.com\/hu\/fina-2017\/#breadcrumb"},"inLanguage":"hu","potentialAction":[{"@type":"ReadAction","target":["https:\/\/recirquel.com\/hu\/fina-2017\/"]}]},{"@type":"BreadcrumbList","@id":"https:\/\/recirquel.com\/hu\/fina-2017\/#breadcrumb","itemListElement":[{"@type":"ListItem","position":1,"name":"Home","item":"https:\/\/recirquel.com\/hu\/"},{"@type":"ListItem","position":2,"name":"FINA 2017"}]},{"@type":"WebSite","@id":"https:\/\/recirquel.com\/hu\/#website","url":"https:\/\/recirquel.com\/hu\/","name":"Recirquel","description":"Recirquel","publisher":{"@id":"https:\/\/recirquel.com\/hu\/#organization"},"potentialAction":[{"@type":"SearchAction","target":{"@type":"EntryPoint","urlTemplate":"https:\/\/recirquel.com\/hu\/?s={search_term_string}"},"query-input":{"@type":"PropertyValueSpecification","valueRequired":true,"valueName":"search_term_string"}}],"inLanguage":"hu"},{"@type":"Organization","@id":"https:\/\/recirquel.com\/hu\/#organization","name":"Recirquel Company by Bence V\u00e1gi","url":"https:\/\/recirquel.com\/hu\/","logo":{"@type":"ImageObject","inLanguage":"hu","@id":"https:\/\/recirquel.com\/hu\/#\/schema\/logo\/image\/","url":"https:\/\/i2.wp.com\/recirquel.com\/wp-content\/uploads\/2019\/06\/recirquel-logo-dark.png?fit=440%2C212&ssl=1","contentUrl":"https:\/\/i2.wp.com\/recirquel.com\/wp-content\/uploads\/2019\/06\/recirquel-logo-dark.png?fit=440%2C212&ssl=1","width":440,"height":212,"caption":"Recirquel Company by Bence V\u00e1gi"},"image":{"@id":"https:\/\/recirquel.com\/hu\/#\/schema\/logo\/image\/"},"sameAs":["https:\/\/www.facebook.com\/Recirquel\/","https:\/\/x.com\/recirquel","https:\/\/www.instagram.com\/recirquelcompanybudapest\/","https:\/\/www.linkedin.com\/company\/recirquel\/","https:\/\/www.youtube.com\/channel\/UC4J0YqNCeTxmY4GxeFIkQPQ"]}]}},"jetpack_sharing_enabled":true,"_links":{"self":[{"href":"https:\/\/recirquel.com\/hu\/wp-json\/wp\/v2\/pages\/1710"}],"collection":[{"href":"https:\/\/recirquel.com\/hu\/wp-json\/wp\/v2\/pages"}],"about":[{"href":"https:\/\/recirquel.com\/hu\/wp-json\/wp\/v2\/types\/page"}],"author":[{"embeddable":true,"href":"https:\/\/recirquel.com\/hu\/wp-json\/wp\/v2\/users\/1"}],"replies":[{"embeddable":true,"href":"https:\/\/recirquel.com\/hu\/wp-json\/wp\/v2\/comments?post=1710"}],"version-history":[{"count":11,"href":"https:\/\/recirquel.com\/hu\/wp-json\/wp\/v2\/pages\/1710\/revisions"}],"predecessor-version":[{"id":1892,"href":"https:\/\/recirquel.com\/hu\/wp-json\/wp\/v2\/pages\/1710\/revisions\/1892"}],"wp:attachment":[{"href":"https:\/\/recirquel.com\/hu\/wp-json\/wp\/v2\/media?parent=1710"}],"curies":[{"name":"wp","href":"https:\/\/api.w.org\/{rel}","templated":true}]}}