{"id":10124,"date":"2024-11-25T16:36:18","date_gmt":"2024-11-25T15:36:18","guid":{"rendered":"https:\/\/recirquel.com\/?page_id=10124"},"modified":"2024-12-30T09:41:47","modified_gmt":"2024-12-30T08:41:47","slug":"casting","status":"publish","type":"page","link":"https:\/\/recirquel.com\/hu\/casting\/","title":{"rendered":"Casting"},"content":{"rendered":"<div id=\"pl-10124\"  class=\"panel-layout\" ><div id=\"pg-10124-0\"  class=\"panel-grid panel-has-style\" ><div class=\"siteorigin-panels-stretch panel-row-style panel-row-style-for-10124-0\" data-stretch-type=\"full-width-stretch\" ><div id=\"pgc-10124-0-0\"  class=\"panel-grid-cell panel-grid-cell-empty\" ><\/div><\/div><\/div><div id=\"pg-10124-1\"  class=\"panel-grid panel-no-style\" ><div id=\"pgc-10124-1-0\"  class=\"panel-grid-cell\" ><div id=\"panel-10124-1-0-0\" class=\"so-panel widget widget_sow-editor panel-first-child\" data-index=\"0\" ><div class=\"about-us-top panel-widget-style panel-widget-style-for-10124-1-0-0\" ><div\n\t\t\t\n\t\t\tclass=\"so-widget-sow-editor so-widget-sow-editor-base\"\n\t\t\t\n\t\t>\n<div class=\"siteorigin-widget-tinymce textwidget\">\n\t<h2 style=\"font-weight: 400; text-align: center;\"><strong>CASTING CALL<\/strong><\/h2>\n<p style=\"text-align: center;\"><span style=\"font-weight: 400;\">Recirquel Cirque Danse by Bence V\u00e1gi<\/span><\/p>\n<\/div>\n<\/div><\/div><\/div><div id=\"panel-10124-1-0-1\" class=\"so-panel widget widget_sow-editor panel-last-child\" data-index=\"1\" ><div class=\"about-us-quote panel-widget-style panel-widget-style-for-10124-1-0-1\" id=\"marketing-es-kommunikacios-vezeto\" ><div\n\t\t\t\n\t\t\tclass=\"so-widget-sow-editor so-widget-sow-editor-base\"\n\t\t\t\n\t\t>\n<div class=\"siteorigin-widget-tinymce textwidget\">\n\t<p style=\"text-align: left;\"><span style=\"font-weight: 400;\">A Recirquel T\u00e1rsulat magasan k\u00e9pzett el\u0151ad\u00f3m\u0171v\u00e9szeket keres \u00faj immerz\u00edv cirque danse produkci\u00f3j\u00e1hoz, mely az akrobatikus, t\u00e1ncos \u00e9s sz\u00edn\u00e9szi k\u00e9szs\u00e9g sz\u00e9les sk\u00e1l\u00e1j\u00e1n alapul.<\/span><\/p>\n<p style=\"text-align: left;\"><span style=\"font-weight: 400;\">Cirkuszi \u00e9s t\u00e1ncos h\u00e1tt\u00e9rrel rendelkez\u0151 m\u0171v\u00e9szeket keres\u00fcnk, akik nem csak a saj\u00e1t zs\u00e1ner\u00fckben, m\u0171fajukban dolgoznak magas szinten, hanem komplex dr\u00e1mai szerepeket is sz\u00edvesen v\u00e1llaln\u00e1nak. A pr\u00f3bafolyamat sor\u00e1n a kiv\u00e1lasztott el\u0151ad\u00f3k a T\u00e1rsulat csapat\u00e1val egy\u00fcttm\u0171k\u00f6dve k\u00e9sz\u00fclnek majd az el\u0151ad\u00e1sban megjelen\u0151 dr\u00e1mai \u00e9s mozg\u00e1sm\u0171v\u00e9szeti szempontb\u00f3l egyar\u00e1nt \u00f6sszetett karakterek megform\u00e1l\u00e1s\u00e1n.<\/span><\/p>\n<\/div>\n<\/div><\/div><\/div><\/div><\/div><div id=\"pg-10124-2\"  class=\"panel-grid panel-no-style\" ><div id=\"pgc-10124-2-0\"  class=\"panel-grid-cell panel-grid-cell-empty\" ><\/div><div id=\"pgc-10124-2-1\"  class=\"panel-grid-cell panel-grid-cell-mobile-last\" ><div id=\"panel-10124-2-1-0\" class=\"so-panel widget widget_sow-button panel-first-child\" data-index=\"2\" ><div\n\t\t\t\n\t\t\tclass=\"so-widget-sow-button so-widget-sow-button-wire-f7675048229d-10124\"\n\t\t\t\n\t\t><div class=\"ow-button-base ow-button-align-center\">\n\t\t\t<a\n\t\t\t\t\thref=\"https:\/\/vimeo.com\/1032008122\/11e1bdde8d?share=copy\"\n\t\t\t\t\tclass=\"sowb-button ow-icon-placement-left ow-button-hover\" target=\"_blank\" rel=\"noopener noreferrer\" \t>\n\t\t<span>\n\t\t\t\n\t\t\tCASTING TRAILER\t\t<\/span>\n\t\t\t<\/a>\n\t<\/div>\n<\/div><\/div><div id=\"panel-10124-2-1-1\" class=\"so-panel widget widget_sow-button\" data-index=\"3\" ><div\n\t\t\t\n\t\t\tclass=\"so-widget-sow-button so-widget-sow-button-wire-f7675048229d-10124\"\n\t\t\t\n\t\t><div class=\"ow-button-base ow-button-align-center\">\n\t\t\t<a\n\t\t\t\t\thref=\"https:\/\/www.youtube.com\/watch?v=DRw54i1mZnM&#038;t\"\n\t\t\t\t\tclass=\"sowb-button ow-icon-placement-left ow-button-hover\" target=\"_blank\" rel=\"noopener noreferrer\" \t>\n\t\t<span>\n\t\t\t\n\t\t\tSHOW TRAILER\t\t<\/span>\n\t\t\t<\/a>\n\t<\/div>\n<\/div><\/div><div id=\"panel-10124-2-1-2\" class=\"so-panel widget widget_sow-button panel-last-child\" data-index=\"4\" ><div\n\t\t\t\n\t\t\tclass=\"so-widget-sow-button so-widget-sow-button-wire-c7a47b47de33-10124\"\n\t\t\t\n\t\t><div class=\"ow-button-base ow-button-align-center\">\n\t\t\t<a\n\t\t\t\t\thref=\"https:\/\/recirquel.com\/\"\n\t\t\t\t\tclass=\"sowb-button ow-icon-placement-left ow-button-hover\" target=\"_blank\" rel=\"noopener noreferrer\" \t>\n\t\t<span>\n\t\t\t\n\t\t\tTOV\u00c1BBI INFORM\u00c1CI\u00d3 A RECIRQUEL T\u00c1RSULATR\u00d3L\t\t<\/span>\n\t\t\t<\/a>\n\t<\/div>\n<\/div><\/div><\/div><div id=\"pgc-10124-2-2\"  class=\"panel-grid-cell panel-grid-cell-empty\" ><\/div><\/div><div id=\"pg-10124-3\"  class=\"panel-grid panel-has-style\" ><div class=\"siteorigin-panels-stretch panel-row-style panel-row-style-for-10124-3\" data-stretch-type=\"full\" ><div id=\"pgc-10124-3-0\"  class=\"panel-grid-cell\" ><div id=\"panel-10124-3-0-0\" class=\"so-panel widget widget_sow-editor panel-first-child panel-last-child\" data-index=\"5\" ><div class=\"about-us-quote panel-widget-style panel-widget-style-for-10124-3-0-0\" id=\"marketing-es-kommunikacios-vezeto\" ><div\n\t\t\t\n\t\t\tclass=\"so-widget-sow-editor so-widget-sow-editor-base\"\n\t\t\t\n\t\t>\n<div class=\"siteorigin-widget-tinymce textwidget\">\n\t<p style=\"text-align: left;\"><span style=\"font-weight: 400;\">A k\u00f6vetkez\u0151 zs\u00e1nerekben keres\u00fcnk k\u00e9pzett m\u0171v\u00e9szeket:<\/span><\/p>\n<ul style=\"text-align: left;\">\n<li style=\"font-weight: 400;\" aria-level=\"1\"><span style=\"font-weight: 400;\">sz\u00f3l\u00f3 \u00e9s du\u00f3 gurtni (f\u00e9rfi \u00e9s n\u0151i)<\/span><\/li>\n<li style=\"font-weight: 400;\" aria-level=\"1\"><span style=\"font-weight: 400;\">k\u00ednai r\u00fad (f\u00e9rfi \u00e9s n\u0151i)<\/span><\/li>\n<li aria-level=\"1\">akrobatikus r\u00fad (f\u00e9rfi \u00e9s n\u0151i)<\/li>\n<li style=\"font-weight: 400;\" aria-level=\"1\"><span style=\"font-weight: 400;\">orosz hinta hajt\u00f3 \u00e9s flyer (f\u00e9rfi \u00e9s n\u0151i, vagy csoport)<\/span><\/li>\n<li style=\"font-weight: 400;\" aria-level=\"1\"><span style=\"font-weight: 400;\">handstandos (f\u00e9rfi \u00e9s n\u0151i)<\/span><\/li>\n<li style=\"font-weight: 400;\" aria-level=\"1\"><span style=\"font-weight: 400;\">kontakt labda (f\u00e9rfi \u00e9s n\u0151i)<\/span><\/li>\n<li style=\"font-weight: 400;\" aria-level=\"1\"><span style=\"font-weight: 400;\">parkour t\u00e1ncos (f\u00e9rfi \u00e9s n\u0151i)<\/span><\/li>\n<\/ul>\n<p>&nbsp;<\/p>\n<p style=\"text-align: left;\"><b>Casting menete<\/b><\/p>\n<p style=\"text-align: left;\"><span style=\"font-weight: 400;\">A casting els\u0151 \u00e9s m\u00e1sodik k\u00f6re jelenleg nyitott \u00e9s akt\u00edv marad 2025. janu\u00e1r 31-ig.\u00a0<\/span><\/p>\n<p style=\"text-align: left;\"><span style=\"font-weight: 400;\">Ugyanakkor k\u00e9rj\u00fck a min\u00e9l hamarabbi jelentkez\u00e9st, annak \u00e9rdek\u00e9ben, hogy a jelentkez\u0151knek min\u00e9l t\u00f6bb ideje legyen felk\u00e9sz\u00fclni a k\u00f6vetkez\u0151 fordul\u00f3kra.\u00a0<\/span><\/p>\n<p style=\"text-align: left;\"><span style=\"font-weight: 400;\">Els\u0151 fordul\u00f3<\/span><\/p>\n<p style=\"text-align: left;\"><span style=\"font-weight: 400;\">Jelentkez\u00e9s e-mailben a casting@recirquel.com <\/span><span style=\"font-weight: 400;\">e-mail c\u00edmen, az al\u00e1bbi anyagok elk\u00fcld\u00e9s\u00e9vel (1 MB-n\u00e9l nagyobb file-okat file megoszt\u00f3val k\u00e9rj\u00fck k\u00fcldeni):<\/span><\/p>\n<ul style=\"text-align: left;\">\n<li style=\"font-weight: 400;\" aria-level=\"1\"><span style=\"font-weight: 400;\">\u00f6n\u00e9letrajz<\/span><\/li>\n<li style=\"font-weight: 400;\" aria-level=\"1\"><span style=\"font-weight: 400;\">2 db aktu\u00e1lis f\u00e9nyk\u00e9p: 1 profil \u00e9s 1 teljes alakos\u00a0<\/span><\/li>\n<li style=\"font-weight: 400;\" aria-level=\"1\"><span style=\"font-weight: 400;\">2 db aktu\u00e1lis vide\u00f3felv\u00e9tel<\/span><span style=\"font-weight: 400;\">, 1 teljes sz\u00e1m \u00e9s 1 k\u00e9pess\u00e9gbemutat\u00f3 showreel.<\/span><\/li>\n<\/ul>\n<p style=\"text-align: left;\"><span style=\"font-weight: 400;\">M\u00e1sodik fordul\u00f3<\/span><\/p>\n<p style=\"text-align: left;\"><span style=\"font-weight: 400;\">Az els\u0151 fordul\u00f3ban kiv\u00e1lasztott jelentkez\u0151k\u00a0 2 db vide\u00f3t kapnak (koreogr\u00e1fia \u00e9s sz\u00edn\u00e9szi k\u00e9szs\u00e9g). A k\u00fcld\u00f6tt anyagokban szerepl\u0151 koreogr\u00e1fi\u00e1t, mozg\u00e1ssort kell megtanulni, felv\u00e9telt k\u00e9sz\u00edteni \u00e9s megosztani a casting@recirquel.com <\/span><span style=\"font-weight: 400;\">e-mail c\u00edmre k\u00fcld\u00f6tt priv\u00e1t YouTube, vimeo vagy Google Drive linkkel.\u00a0<\/span><\/p>\n<p style=\"text-align: left;\"><span style=\"font-weight: 400;\">Utols\u00f3 fordul\u00f3<\/span><\/p>\n<p style=\"text-align: left;\"><span style=\"font-weight: 400;\">A kiv\u00e1laszt\u00e1si folyamat utols\u00f3 fordul\u00f3ja megh\u00edv\u00e1sos alapon t\u00f6rt\u00e9nik \u00e9s 2025 febru\u00e1rj\u00e1ban ker\u00fcl r\u00e1 sor. A m\u00e1sodik fordul\u00f3 sor\u00e1n kiv\u00e1lasztott jelentkez\u0151k a Recirquel budapesti k\u00f6zpontj\u00e1ban szem\u00e9lyesen vesznek r\u00e9szt egy kreat\u00edv workshopon V\u00e1gi Benc\u00e9vel, a t\u00e1rsulat m\u0171v\u00e9szeti vezet\u0151j\u00e9vel.<\/span><\/p>\n<p style=\"text-align: left;\"><span style=\"font-weight: 400;\">K\u00e9rj\u00fck a jelentkez\u00e9seket e-mailben k\u00fcldj\u00e9k a k\u00f6vetkez\u0151 c\u00edmre: casting@recirquel.com<\/span><\/p>\n<p>&nbsp;<\/p>\n<p style=\"text-align: left;\"><b>Produkci\u00f3s menetrend<\/b><\/p>\n<p style=\"text-align: left;\"><span style=\"font-weight: 400;\">A pr\u00f3baid\u0151szak 2025 \u00e1prilis\u00e1ban kezd\u0151dik a Recirquel budapesti pr\u00f3baterm\u00e9ben.<\/span><\/p>\n<p style=\"text-align: left;\"><span style=\"font-weight: 400;\">Az el\u0151ad\u00e1sok Budapesten 2025 okt\u00f3ber\u00e9t\u0151l kezd\u0151dnek; minimum 1 \u00e9ves id\u0151tartamra el\u00e9rhet\u0151 fell\u00e9p\u0151ket keres\u00fcnk.\u00a0<\/span><\/p>\n<p style=\"text-align: left;\"><span style=\"font-weight: 400;\">Az el\u0151ad\u00e1s egy immerz\u00edv el\u0151ad\u00f3t\u00e9rben fog zajlani Budapest k\u00f6zpontj\u00e1ban.\u00a0<\/span><\/p>\n<p style=\"font-weight: 400; text-align: left;\"><br style=\"font-weight: 400;\" \/><br style=\"font-weight: 400;\" \/><\/p>\n<\/div>\n<\/div><\/div><\/div><\/div><\/div><\/div><div id=\"pg-10124-4\"  class=\"panel-grid panel-has-style\" ><div class=\"siteorigin-panels-stretch panel-row-style panel-row-style-for-10124-4\" data-stretch-type=\"full\" ><div id=\"pgc-10124-4-0\"  class=\"panel-grid-cell panel-grid-cell-empty\" ><\/div><\/div><\/div><div id=\"pg-10124-5\"  class=\"panel-grid panel-has-style\" ><div class=\"siteorigin-panels-stretch panel-row-style panel-row-style-for-10124-5\" data-stretch-type=\"full-width-stretch\" ><div id=\"pgc-10124-5-0\"  class=\"panel-grid-cell panel-grid-cell-empty\" ><\/div><\/div><\/div><\/div>","protected":false},"excerpt":{"rendered":"<p>CASTING CALL Recirquel Cirque Danse by Bence V\u00e1gi A Recirquel T\u00e1rsulat magasan k\u00e9pzett el\u0151ad\u00f3m\u0171v\u00e9szeket keres \u00faj immerz\u00edv cirque danse produkci\u00f3j\u00e1hoz, mely az akrobatikus, t\u00e1ncos \u00e9s sz\u00edn\u00e9szi k\u00e9szs\u00e9g sz\u00e9les sk\u00e1l\u00e1j\u00e1n alapul. Cirkuszi \u00e9s t\u00e1ncos h\u00e1tt\u00e9rrel rendelkez\u0151 m\u0171v\u00e9szeket keres\u00fcnk, akik nem csak a saj\u00e1t zs\u00e1ner\u00fckben, m\u0171fajukban dolgoznak magas szinten, hanem komplex dr\u00e1mai szerepeket is sz\u00edvesen v\u00e1llaln\u00e1nak. A [&hellip;]<\/p>\n","protected":false},"author":9,"featured_media":0,"parent":0,"menu_order":0,"comment_status":"closed","ping_status":"closed","template":"template-cirque-danse.php","meta":{"footnotes":""},"class_list":["post-10124","page","type-page","status-publish","hentry"],"yoast_head":"<!-- This site is optimized with the Yoast SEO plugin v23.7 - https:\/\/yoast.com\/wordpress\/plugins\/seo\/ -->\n<title>Casting - Recirquel<\/title>\n<meta name=\"robots\" content=\"index, follow, max-snippet:-1, max-image-preview:large, max-video-preview:-1\" \/>\n<link rel=\"canonical\" href=\"https:\/\/recirquel.com\/hu\/casting\/\" \/>\n<meta property=\"og:locale\" content=\"hu_HU\" \/>\n<meta property=\"og:type\" content=\"article\" \/>\n<meta property=\"og:title\" content=\"Casting - Recirquel\" \/>\n<meta property=\"og:description\" content=\"CASTING CALL Recirquel Cirque Danse by Bence V\u00e1gi A Recirquel T\u00e1rsulat magasan k\u00e9pzett el\u0151ad\u00f3m\u0171v\u00e9szeket keres \u00faj immerz\u00edv cirque danse produkci\u00f3j\u00e1hoz, mely az akrobatikus, t\u00e1ncos \u00e9s sz\u00edn\u00e9szi k\u00e9szs\u00e9g sz\u00e9les sk\u00e1l\u00e1j\u00e1n alapul. Cirkuszi \u00e9s t\u00e1ncos h\u00e1tt\u00e9rrel rendelkez\u0151 m\u0171v\u00e9szeket keres\u00fcnk, akik nem csak a saj\u00e1t zs\u00e1ner\u00fckben, m\u0171fajukban dolgoznak magas szinten, hanem komplex dr\u00e1mai szerepeket is sz\u00edvesen v\u00e1llaln\u00e1nak. A [&hellip;]\" \/>\n<meta property=\"og:url\" content=\"https:\/\/recirquel.com\/hu\/casting\/\" \/>\n<meta property=\"og:site_name\" content=\"Recirquel\" \/>\n<meta property=\"article:publisher\" content=\"https:\/\/www.facebook.com\/Recirquel\/\" \/>\n<meta property=\"article:modified_time\" content=\"2024-12-30T08:41:47+00:00\" \/>\n<meta name=\"twitter:card\" content=\"summary_large_image\" \/>\n<meta name=\"twitter:site\" content=\"@recirquel\" \/>\n<meta name=\"twitter:label1\" content=\"Becs\u00fclt olvas\u00e1si id\u0151\" \/>\n\t<meta name=\"twitter:data1\" content=\"2 perc\" \/>\n<script type=\"application\/ld+json\" class=\"yoast-schema-graph\">{\"@context\":\"https:\/\/schema.org\",\"@graph\":[{\"@type\":\"WebPage\",\"@id\":\"https:\/\/recirquel.com\/hu\/casting\/\",\"url\":\"https:\/\/recirquel.com\/hu\/casting\/\",\"name\":\"Casting - Recirquel\",\"isPartOf\":{\"@id\":\"https:\/\/recirquel.com\/hu\/#website\"},\"datePublished\":\"2024-11-25T15:36:18+00:00\",\"dateModified\":\"2024-12-30T08:41:47+00:00\",\"breadcrumb\":{\"@id\":\"https:\/\/recirquel.com\/hu\/casting\/#breadcrumb\"},\"inLanguage\":\"hu\",\"potentialAction\":[{\"@type\":\"ReadAction\",\"target\":[\"https:\/\/recirquel.com\/hu\/casting\/\"]}]},{\"@type\":\"BreadcrumbList\",\"@id\":\"https:\/\/recirquel.com\/hu\/casting\/#breadcrumb\",\"itemListElement\":[{\"@type\":\"ListItem\",\"position\":1,\"name\":\"Home\",\"item\":\"https:\/\/recirquel.com\/hu\/\"},{\"@type\":\"ListItem\",\"position\":2,\"name\":\"Casting\"}]},{\"@type\":\"WebSite\",\"@id\":\"https:\/\/recirquel.com\/hu\/#website\",\"url\":\"https:\/\/recirquel.com\/hu\/\",\"name\":\"Recirquel\",\"description\":\"Recirquel\",\"publisher\":{\"@id\":\"https:\/\/recirquel.com\/hu\/#organization\"},\"potentialAction\":[{\"@type\":\"SearchAction\",\"target\":{\"@type\":\"EntryPoint\",\"urlTemplate\":\"https:\/\/recirquel.com\/hu\/?s={search_term_string}\"},\"query-input\":{\"@type\":\"PropertyValueSpecification\",\"valueRequired\":true,\"valueName\":\"search_term_string\"}}],\"inLanguage\":\"hu\"},{\"@type\":\"Organization\",\"@id\":\"https:\/\/recirquel.com\/hu\/#organization\",\"name\":\"Recirquel Company by Bence V\u00e1gi\",\"url\":\"https:\/\/recirquel.com\/hu\/\",\"logo\":{\"@type\":\"ImageObject\",\"inLanguage\":\"hu\",\"@id\":\"https:\/\/recirquel.com\/hu\/#\/schema\/logo\/image\/\",\"url\":\"https:\/\/i2.wp.com\/recirquel.com\/wp-content\/uploads\/2019\/06\/recirquel-logo-dark.png?fit=440%2C212&ssl=1\",\"contentUrl\":\"https:\/\/i2.wp.com\/recirquel.com\/wp-content\/uploads\/2019\/06\/recirquel-logo-dark.png?fit=440%2C212&ssl=1\",\"width\":440,\"height\":212,\"caption\":\"Recirquel Company by Bence V\u00e1gi\"},\"image\":{\"@id\":\"https:\/\/recirquel.com\/hu\/#\/schema\/logo\/image\/\"},\"sameAs\":[\"https:\/\/www.facebook.com\/Recirquel\/\",\"https:\/\/x.com\/recirquel\",\"https:\/\/www.instagram.com\/recirquelcompanybudapest\/\",\"https:\/\/www.linkedin.com\/company\/recirquel\/\",\"https:\/\/www.youtube.com\/channel\/UC4J0YqNCeTxmY4GxeFIkQPQ\"]}]}<\/script>\n<!-- \/ Yoast SEO plugin. -->","yoast_head_json":{"title":"Casting - Recirquel","robots":{"index":"index","follow":"follow","max-snippet":"max-snippet:-1","max-image-preview":"max-image-preview:large","max-video-preview":"max-video-preview:-1"},"canonical":"https:\/\/recirquel.com\/hu\/casting\/","og_locale":"hu_HU","og_type":"article","og_title":"Casting - Recirquel","og_description":"CASTING CALL Recirquel Cirque Danse by Bence V\u00e1gi A Recirquel T\u00e1rsulat magasan k\u00e9pzett el\u0151ad\u00f3m\u0171v\u00e9szeket keres \u00faj immerz\u00edv cirque danse produkci\u00f3j\u00e1hoz, mely az akrobatikus, t\u00e1ncos \u00e9s sz\u00edn\u00e9szi k\u00e9szs\u00e9g sz\u00e9les sk\u00e1l\u00e1j\u00e1n alapul. Cirkuszi \u00e9s t\u00e1ncos h\u00e1tt\u00e9rrel rendelkez\u0151 m\u0171v\u00e9szeket keres\u00fcnk, akik nem csak a saj\u00e1t zs\u00e1ner\u00fckben, m\u0171fajukban dolgoznak magas szinten, hanem komplex dr\u00e1mai szerepeket is sz\u00edvesen v\u00e1llaln\u00e1nak. A [&hellip;]","og_url":"https:\/\/recirquel.com\/hu\/casting\/","og_site_name":"Recirquel","article_publisher":"https:\/\/www.facebook.com\/Recirquel\/","article_modified_time":"2024-12-30T08:41:47+00:00","twitter_card":"summary_large_image","twitter_site":"@recirquel","twitter_misc":{"Becs\u00fclt olvas\u00e1si id\u0151":"2 perc"},"schema":{"@context":"https:\/\/schema.org","@graph":[{"@type":"WebPage","@id":"https:\/\/recirquel.com\/hu\/casting\/","url":"https:\/\/recirquel.com\/hu\/casting\/","name":"Casting - Recirquel","isPartOf":{"@id":"https:\/\/recirquel.com\/hu\/#website"},"datePublished":"2024-11-25T15:36:18+00:00","dateModified":"2024-12-30T08:41:47+00:00","breadcrumb":{"@id":"https:\/\/recirquel.com\/hu\/casting\/#breadcrumb"},"inLanguage":"hu","potentialAction":[{"@type":"ReadAction","target":["https:\/\/recirquel.com\/hu\/casting\/"]}]},{"@type":"BreadcrumbList","@id":"https:\/\/recirquel.com\/hu\/casting\/#breadcrumb","itemListElement":[{"@type":"ListItem","position":1,"name":"Home","item":"https:\/\/recirquel.com\/hu\/"},{"@type":"ListItem","position":2,"name":"Casting"}]},{"@type":"WebSite","@id":"https:\/\/recirquel.com\/hu\/#website","url":"https:\/\/recirquel.com\/hu\/","name":"Recirquel","description":"Recirquel","publisher":{"@id":"https:\/\/recirquel.com\/hu\/#organization"},"potentialAction":[{"@type":"SearchAction","target":{"@type":"EntryPoint","urlTemplate":"https:\/\/recirquel.com\/hu\/?s={search_term_string}"},"query-input":{"@type":"PropertyValueSpecification","valueRequired":true,"valueName":"search_term_string"}}],"inLanguage":"hu"},{"@type":"Organization","@id":"https:\/\/recirquel.com\/hu\/#organization","name":"Recirquel Company by Bence V\u00e1gi","url":"https:\/\/recirquel.com\/hu\/","logo":{"@type":"ImageObject","inLanguage":"hu","@id":"https:\/\/recirquel.com\/hu\/#\/schema\/logo\/image\/","url":"https:\/\/i2.wp.com\/recirquel.com\/wp-content\/uploads\/2019\/06\/recirquel-logo-dark.png?fit=440%2C212&ssl=1","contentUrl":"https:\/\/i2.wp.com\/recirquel.com\/wp-content\/uploads\/2019\/06\/recirquel-logo-dark.png?fit=440%2C212&ssl=1","width":440,"height":212,"caption":"Recirquel Company by Bence V\u00e1gi"},"image":{"@id":"https:\/\/recirquel.com\/hu\/#\/schema\/logo\/image\/"},"sameAs":["https:\/\/www.facebook.com\/Recirquel\/","https:\/\/x.com\/recirquel","https:\/\/www.instagram.com\/recirquelcompanybudapest\/","https:\/\/www.linkedin.com\/company\/recirquel\/","https:\/\/www.youtube.com\/channel\/UC4J0YqNCeTxmY4GxeFIkQPQ"]}]}},"jetpack_sharing_enabled":true,"_links":{"self":[{"href":"https:\/\/recirquel.com\/hu\/wp-json\/wp\/v2\/pages\/10124"}],"collection":[{"href":"https:\/\/recirquel.com\/hu\/wp-json\/wp\/v2\/pages"}],"about":[{"href":"https:\/\/recirquel.com\/hu\/wp-json\/wp\/v2\/types\/page"}],"author":[{"embeddable":true,"href":"https:\/\/recirquel.com\/hu\/wp-json\/wp\/v2\/users\/9"}],"replies":[{"embeddable":true,"href":"https:\/\/recirquel.com\/hu\/wp-json\/wp\/v2\/comments?post=10124"}],"version-history":[{"count":21,"href":"https:\/\/recirquel.com\/hu\/wp-json\/wp\/v2\/pages\/10124\/revisions"}],"predecessor-version":[{"id":10132,"href":"https:\/\/recirquel.com\/hu\/wp-json\/wp\/v2\/pages\/10124\/revisions\/10132"}],"wp:attachment":[{"href":"https:\/\/recirquel.com\/hu\/wp-json\/wp\/v2\/media?parent=10124"}],"curies":[{"name":"wp","href":"https:\/\/api.w.org\/{rel}","templated":true}]}}