{"id":3352,"date":"2021-11-18T10:04:11","date_gmt":"2021-11-18T10:04:11","guid":{"rendered":"https:\/\/recirquel.com\/?page_id=3352"},"modified":"2021-11-18T10:04:11","modified_gmt":"2021-11-18T10:04:11","slug":"fina-2017","status":"publish","type":"page","link":"https:\/\/recirquel.com\/fr\/fina-2017\/","title":{"rendered":"FINA 2017"},"content":{"rendered":"<div id=\"pl-3352\"  class=\"panel-layout\" ><div id=\"pg-3352-0\"  class=\"panel-grid panel-has-style\" ><div class=\"siteorigin-panels-stretch panel-row-style panel-row-style-for-3352-0\" data-stretch-type=\"full-stretched\" ><div id=\"pgc-3352-0-0\"  class=\"panel-grid-cell\" ><div id=\"panel-3352-0-0-0\" class=\"so-panel widget widget_page-top panel-first-child panel-last-child\" data-index=\"0\" ><div\n\t\t\t\n\t\t\tclass=\"so-widget-page-top so-widget-page-top-default-d75171398898-3352\"\n\t\t\t\n\t\t>\t\t<div class=\"page-top angle-blue text-white\">\r\n\t\t<div class=\"page-top-bg position-absolute w-100 h-100 jarallax\" data-jarallax style=\"top: 0; left: 0;\">\r\n\t\t\t<picture class=\"jarallax-img\">\r\n\t\t\t\t\t\t    <img decoding=\"async\" src=\"https:\/\/recirquel.com\/wp-content\/uploads\/2019\/05\/recirquel-fina-01-1920x933.jpg\" alt=\"FINA 2017\" class=\"w-100 h-100\" style=\"object-fit: cover; object-position: center;\">\r\n\t\t  <\/picture>\r\n\t\t<\/div>\r\n\r\n\t\t<div class=\"container\">\r\n\t\t\t<div class=\"row align-items-end\">\r\n\t\t\t\t<div class=\"col-md-12\">\r\n\t\t\t\t\t<div class=\"page-top-meta text-center\">\r\n\t\t\t\t\t\t<h1 class=\"page-top-meta-title\">FINA 2017<\/h1>\r\n\t\t\t\t\t\t<p class=\"page-top-meta-subtitle\">C\u00e9r\u00e9monie de cl\u00f4ture<\/p>\r\n\t\t\t\t\t\t<div class=\"page-top-meta-btn-wrapper text-center\">\r\n\t\t\t\t\t\t\t<a href=\"#details\" class=\"page-top-meta-btn\">En savoir plus<\/a>\r\n\t\t\t\t\t\t<\/div>\r\n\t\t\t\t\t<\/div>\r\n\t\t\t\t<\/div>\r\n\t\t\t<\/div>\r\n\t\t<\/div>\r\n\t<\/div>\r\n<\/div><\/div><\/div><\/div><\/div><div id=\"pg-3352-1\"  class=\"panel-grid panel-has-style\" ><div class=\"siteorigin-panels-stretch panel-row-style panel-row-style-for-3352-1\" id=\"details\" data-stretch-type=\"full-stretched\" ><div id=\"pgc-3352-1-0\"  class=\"panel-grid-cell\" ><div id=\"panel-3352-1-0-0\" class=\"so-panel widget widget_page-content panel-first-child panel-last-child\" data-index=\"1\" ><div\n\t\t\t\n\t\t\tclass=\"so-widget-page-content so-widget-page-content-default-d75171398898-3352\"\n\t\t\t\n\t\t>\t<div class=\"page-content\">\r\n\t\t<div class=\"page-content-color blue\">\r\n\t\t\t<div class=\"container\">\r\n\t\t\t\t<div class=\"row\">\r\n\t\t\t\t\t<div class=\"col-md-7 offset-md-4\">\r\n\t\t\t\t\t\t<h2 class=\"page-content-title\"><p><b>La L\u00e9gende du Cerf Magique<\/b><\/p>\n<\/h2>\r\n\t\t\t\t\t<\/div>\r\n\t\t\t\t\t<div class=\"col-md-6 offset-md-5\">\r\n\t\t\t\t\t\t<div class=\"page-content-text\"><p>En 2017, on a command\u00e9 \u00e0 Bence V\u00e1gi<span class=\"Apple-converted-space\">\u00a0 <\/span>la c\u00e9r\u00e9monie de cl\u00f4ture du 17<sup>e<\/sup> Championnat international de la FINA, qui a eu lieu dans la Papp L\u00e1szl\u00f3 Budapest Sportar\u00e9na, stade majeur de Budapest.<\/p>\n<p>Cette grandiose production de cirque a \u00e9t\u00e9 inspir\u00e9e par la plus ancienne l\u00e9gende hongroise, celle du cerf magique. Le spectacle r\u00e9unissait plus de 200 artistes de cirque et danseurs de niveau international, invit\u00e9s de 18 pays, pour allier les domaines du nouveau cirque, de la danse, du th\u00e9\u00e2tre et de la marionnette.<\/p>\n<\/div>\r\n\t\t\t\t\t<\/div>\r\n\t\t\t\t<\/div>\r\n\t\t\t<\/div>\r\n\t\t<\/div>\r\n\t<\/div>\r\n<\/div><\/div><\/div><\/div><\/div><div id=\"pg-3352-2\"  class=\"panel-grid panel-has-style\" ><div class=\"siteorigin-panels-stretch panel-row-style panel-row-style-for-3352-2\" data-stretch-type=\"full-stretched\" ><div id=\"pgc-3352-2-0\"  class=\"panel-grid-cell\" ><div id=\"panel-3352-2-0-0\" class=\"so-panel widget widget_page-image panel-first-child panel-last-child\" data-index=\"2\" ><div\n\t\t\t\n\t\t\tclass=\"so-widget-page-image so-widget-page-image-default-d75171398898-3352\"\n\t\t\t\n\t\t>\t\t<div class=\"page-image angle-top-blue angle-bottom-none\" style=\"background-image: url('https:\/\/recirquel.com\/wp-content\/uploads\/2019\/05\/recirquel-fina-02-1920x1160.jpg');\" data-jarallax>\r\n\t\t\r\n\t<\/div>\r\n<\/div><\/div><\/div><\/div><\/div><div id=\"pg-3352-3\"  class=\"panel-grid panel-has-style\" ><div class=\"siteorigin-panels-stretch panel-row-style panel-row-style-for-3352-3\" data-stretch-type=\"full-stretched\" ><div id=\"pgc-3352-3-0\"  class=\"panel-grid-cell\" ><div id=\"panel-3352-3-0-0\" class=\"so-panel widget widget_page-content-image panel-first-child panel-last-child\" data-index=\"3\" ><div\n\t\t\t\n\t\t\tclass=\"so-widget-page-content-image so-widget-page-content-image-default-d75171398898-3352\"\n\t\t\t\n\t\t>\t<div class=\"page-content-with-image black\">\r\n\t\t<div class=\"container\">\r\n\t\t\t<div class=\"row align-items-center\">\r\n\t\t\t\t<div class=\"col-md-7\">\r\n\t\t\t\t\t<img loading=\"lazy\" decoding=\"async\" width=\"654\" height=\"521\" src=\"https:\/\/recirquel.com\/wp-content\/uploads\/2019\/05\/recirquel-fina-05-654x521.jpg\" class=\"page-content-with-image-img\" alt=\"\" srcset=\"https:\/\/recirquel.com\/wp-content\/uploads\/2019\/05\/recirquel-fina-05-654x521.jpg 654w, https:\/\/recirquel.com\/wp-content\/uploads\/2019\/05\/recirquel-fina-05-300x239.jpg 300w, https:\/\/recirquel.com\/wp-content\/uploads\/2019\/05\/recirquel-fina-05-768x612.jpg 768w, https:\/\/recirquel.com\/wp-content\/uploads\/2019\/05\/recirquel-fina-05-1024x816.jpg 1024w, https:\/\/recirquel.com\/wp-content\/uploads\/2019\/05\/recirquel-fina-05-570x454.jpg 570w, https:\/\/recirquel.com\/wp-content\/uploads\/2019\/05\/recirquel-fina-05.jpg 1308w\" sizes=\"(max-width: 654px) 100vw, 654px\" \/>\t\t\t\t<\/div>\r\n\t\t\t\t<div class=\"col-md-5\">\r\n\t\t\t\t\t<div class=\"page-content-with-image-meta\">\r\n\t\t\t\t\t\t<h2 class=\"page-content-with-image-meta-title\">Une production a\u00e9rienne jamais vue<\/h2>\r\n\t\t\t\t\t\t<div class=\"page-content-with-image-meta-text\"><p>Urs Pils, le directeur artistique du Festival de Cirque de Monte Carlo mondialement connu, ainsi que St\u00e9phane Lavoie, le directeur de La TOHU, h\u00e9bergeant la Cit\u00e9 des arts du Cirque, ont vu la c\u00e9r\u00e9monie \u00e0 Budapest et l\u2019ont \u00e9voqu\u00e9e comme un moment pionnier pour l\u2019avenir de l\u2019art du cirque. Ils ont \u00e9voqu\u00e9 le num\u00e9ro a\u00e9rien, impliquant 23 artistes de cirque, comme la sc\u00e8ne a\u00e9rienne la plus grandiose qu\u2019ils aient jamais vue.<\/p>\n<\/div>\r\n\t\t\t\t\t<\/div>\r\n\t\t\t\t<\/div>\r\n\t\t\t<\/div>\r\n\t\t<\/div>\r\n\t<\/div>\r\n<\/div><\/div><\/div><\/div><\/div><div id=\"pg-3352-4\"  class=\"panel-grid panel-has-style\" ><div class=\"siteorigin-panels-stretch panel-row-style panel-row-style-for-3352-4\" data-stretch-type=\"full-stretched\" ><div id=\"pgc-3352-4-0\"  class=\"panel-grid-cell\" ><div id=\"panel-3352-4-0-0\" class=\"so-panel widget widget_page-image panel-first-child panel-last-child\" data-index=\"4\" ><div\n\t\t\t\n\t\t\tclass=\"so-widget-page-image so-widget-page-image-default-d75171398898-3352\"\n\t\t\t\n\t\t>\t\t<div class=\"page-image angle-top-none angle-bottom-black\" style=\"background-image: url('https:\/\/recirquel.com\/wp-content\/uploads\/2019\/05\/recirquel-fina-03-1920x1281.jpg');\" data-jarallax>\r\n\t\t\r\n\t<\/div>\r\n<\/div><\/div><\/div><\/div><\/div><div id=\"pg-3352-5\"  class=\"panel-grid panel-has-style\" ><div class=\"siteorigin-panels-stretch panel-row-style panel-row-style-for-3352-5\" data-stretch-type=\"full-stretched\" ><div id=\"pgc-3352-5-0\"  class=\"panel-grid-cell\" ><div id=\"panel-3352-5-0-0\" class=\"so-panel widget widget_page-gallery panel-first-child panel-last-child\" data-index=\"5\" ><div\n\t\t\t\n\t\t\tclass=\"so-widget-page-gallery so-widget-page-gallery-default-d75171398898-3352\"\n\t\t\t\n\t\t>\t<div class=\"page-gallery\">\r\n\r\n\t\t<div class=\"container\">\r\n\t\t\t<div class=\"row\">\r\n\t\t\t\t<div class=\"col-md-10 offset-md-1\">\r\n\t\t\t\t\t<div class=\"widget widget_section-title\"><div\n\t\t\t\n\t\t\tclass=\"so-widget-section-title so-widget-section-title-default-d75171398898\"\n\t\t\t\n\t\t>\t<div class=\"section-title text-center\">\r\n\t\t<h3 class=\"seaction-title-heading\">\r\n\t\t\t<span class=\"section-title-heading-line-1\">Galerie<\/span>\r\n\t\t\t<span class=\"section-title-heading-line-2\">de photos<\/span>\r\n\t\t<\/h3>\r\n\t<\/div>\r\n<\/div><\/div>\t\t\t\t<\/div>\r\n\t\t\t<\/div>\r\n\t\t<\/div>\r\n\r\n\t\t<div class=\"page-gallery-loop-wrapper\">\r\n\t\t\t<div class=\"chocolat-parent page-gallery-loop\">\r\n\t\t\t\t\t\t\t\t\t\t\t\t\t<div class=\"page-gallery-loop-item\">\r\n\t\t\t\t\t\t\t\t<a href=\"https:\/\/recirquel.com\/wp-content\/uploads\/2019\/05\/fina-01.jpg\" class=\"chocolat-image\">\r\n\t\t\t\t\t\t\t\t<img loading=\"lazy\" decoding=\"async\" width=\"586\" height=\"586\" src=\"https:\/\/recirquel.com\/wp-content\/uploads\/2019\/05\/fina-01.jpg\" class=\"page-gallery-image\" alt=\"\" srcset=\"https:\/\/recirquel.com\/wp-content\/uploads\/2019\/05\/fina-01.jpg 586w, https:\/\/recirquel.com\/wp-content\/uploads\/2019\/05\/fina-01-150x150.jpg 150w, https:\/\/recirquel.com\/wp-content\/uploads\/2019\/05\/fina-01-300x300.jpg 300w, https:\/\/recirquel.com\/wp-content\/uploads\/2019\/05\/fina-01-570x570.jpg 570w\" sizes=\"(max-width: 586px) 100vw, 586px\" \/>\t\t\t\t\t\t\t\t<\/a>\r\n\t\t\t\t\t\t\t<\/div>\r\n\t\t\t\t\t\t\t\t\t\t\t\t\t\t<div class=\"page-gallery-loop-item\">\r\n\t\t\t\t\t\t\t\t<a href=\"https:\/\/recirquel.com\/wp-content\/uploads\/2019\/05\/fina-02.jpg\" class=\"chocolat-image\">\r\n\t\t\t\t\t\t\t\t<img loading=\"lazy\" decoding=\"async\" width=\"586\" height=\"586\" src=\"https:\/\/recirquel.com\/wp-content\/uploads\/2019\/05\/fina-02.jpg\" class=\"page-gallery-image\" alt=\"\" srcset=\"https:\/\/recirquel.com\/wp-content\/uploads\/2019\/05\/fina-02.jpg 586w, https:\/\/recirquel.com\/wp-content\/uploads\/2019\/05\/fina-02-150x150.jpg 150w, https:\/\/recirquel.com\/wp-content\/uploads\/2019\/05\/fina-02-300x300.jpg 300w, https:\/\/recirquel.com\/wp-content\/uploads\/2019\/05\/fina-02-570x570.jpg 570w\" sizes=\"(max-width: 586px) 100vw, 586px\" \/>\t\t\t\t\t\t\t\t<\/a>\r\n\t\t\t\t\t\t\t<\/div>\r\n\t\t\t\t\t\t\t\t\t\t\t\t\t\t<div class=\"page-gallery-loop-item\">\r\n\t\t\t\t\t\t\t\t<a href=\"https:\/\/recirquel.com\/wp-content\/uploads\/2019\/05\/fina-03.jpg\" class=\"chocolat-image\">\r\n\t\t\t\t\t\t\t\t<img loading=\"lazy\" decoding=\"async\" width=\"586\" height=\"586\" src=\"https:\/\/recirquel.com\/wp-content\/uploads\/2019\/05\/fina-03.jpg\" class=\"page-gallery-image\" alt=\"\" srcset=\"https:\/\/recirquel.com\/wp-content\/uploads\/2019\/05\/fina-03.jpg 586w, https:\/\/recirquel.com\/wp-content\/uploads\/2019\/05\/fina-03-150x150.jpg 150w, https:\/\/recirquel.com\/wp-content\/uploads\/2019\/05\/fina-03-300x300.jpg 300w, https:\/\/recirquel.com\/wp-content\/uploads\/2019\/05\/fina-03-570x570.jpg 570w\" sizes=\"(max-width: 586px) 100vw, 586px\" \/>\t\t\t\t\t\t\t\t<\/a>\r\n\t\t\t\t\t\t\t<\/div>\r\n\t\t\t\t\t\t\t\t\t\t<\/div>\r\n\t\t<\/div>\r\n\r\n\t<\/div>\r\n<\/div><\/div><\/div><\/div><\/div><\/div>","protected":false},"excerpt":{"rendered":"<p>FINA 2017 C\u00e9r\u00e9monie de cl\u00f4ture En savoir plus La L\u00e9gende du Cerf Magique En 2017, on a command\u00e9 \u00e0 Bence V\u00e1gi\u00a0 la c\u00e9r\u00e9monie de cl\u00f4ture du 17e Championnat international de la FINA, qui a eu lieu dans la Papp L\u00e1szl\u00f3 Budapest Sportar\u00e9na, stade majeur de Budapest. Cette grandiose production de cirque a \u00e9t\u00e9 inspir\u00e9e par [&hellip;]<\/p>\n","protected":false},"author":9,"featured_media":0,"parent":0,"menu_order":0,"comment_status":"closed","ping_status":"closed","template":"","meta":{"footnotes":""},"class_list":["post-3352","page","type-page","status-publish","hentry"],"yoast_head":"<!-- This site is optimized with the Yoast SEO plugin v23.7 - https:\/\/yoast.com\/wordpress\/plugins\/seo\/ -->\n<title>FINA 2017 - Recirquel<\/title>\n<meta name=\"robots\" content=\"index, follow, max-snippet:-1, max-image-preview:large, max-video-preview:-1\" \/>\n<link rel=\"canonical\" href=\"https:\/\/recirquel.com\/fr\/fina-2017\/\" \/>\n<meta property=\"og:locale\" content=\"fr_FR\" \/>\n<meta property=\"og:type\" content=\"article\" \/>\n<meta property=\"og:title\" content=\"FINA 2017 - Recirquel\" \/>\n<meta property=\"og:description\" content=\"FINA 2017 C\u00e9r\u00e9monie de cl\u00f4ture En savoir plus La L\u00e9gende du Cerf Magique En 2017, on a command\u00e9 \u00e0 Bence V\u00e1gi\u00a0 la c\u00e9r\u00e9monie de cl\u00f4ture du 17e Championnat international de la FINA, qui a eu lieu dans la Papp L\u00e1szl\u00f3 Budapest Sportar\u00e9na, stade majeur de Budapest. Cette grandiose production de cirque a \u00e9t\u00e9 inspir\u00e9e par [&hellip;]\" \/>\n<meta property=\"og:url\" content=\"https:\/\/recirquel.com\/fr\/fina-2017\/\" \/>\n<meta property=\"og:site_name\" content=\"Recirquel\" \/>\n<meta property=\"article:publisher\" content=\"https:\/\/www.facebook.com\/Recirquel\/\" \/>\n<meta name=\"twitter:card\" content=\"summary_large_image\" \/>\n<meta name=\"twitter:site\" content=\"@recirquel\" \/>\n<script type=\"application\/ld+json\" class=\"yoast-schema-graph\">{\"@context\":\"https:\/\/schema.org\",\"@graph\":[{\"@type\":\"WebPage\",\"@id\":\"https:\/\/recirquel.com\/fr\/fina-2017\/\",\"url\":\"https:\/\/recirquel.com\/fr\/fina-2017\/\",\"name\":\"FINA 2017 - Recirquel\",\"isPartOf\":{\"@id\":\"https:\/\/recirquel.com\/fr\/#website\"},\"datePublished\":\"2021-11-18T10:04:11+00:00\",\"dateModified\":\"2021-11-18T10:04:11+00:00\",\"breadcrumb\":{\"@id\":\"https:\/\/recirquel.com\/fr\/fina-2017\/#breadcrumb\"},\"inLanguage\":\"fr-FR\",\"potentialAction\":[{\"@type\":\"ReadAction\",\"target\":[\"https:\/\/recirquel.com\/fr\/fina-2017\/\"]}]},{\"@type\":\"BreadcrumbList\",\"@id\":\"https:\/\/recirquel.com\/fr\/fina-2017\/#breadcrumb\",\"itemListElement\":[{\"@type\":\"ListItem\",\"position\":1,\"name\":\"Home\",\"item\":\"https:\/\/recirquel.com\/fr\/\"},{\"@type\":\"ListItem\",\"position\":2,\"name\":\"FINA 2017\"}]},{\"@type\":\"WebSite\",\"@id\":\"https:\/\/recirquel.com\/fr\/#website\",\"url\":\"https:\/\/recirquel.com\/fr\/\",\"name\":\"Recirquel\",\"description\":\"Recirquel\",\"publisher\":{\"@id\":\"https:\/\/recirquel.com\/fr\/#organization\"},\"potentialAction\":[{\"@type\":\"SearchAction\",\"target\":{\"@type\":\"EntryPoint\",\"urlTemplate\":\"https:\/\/recirquel.com\/fr\/?s={search_term_string}\"},\"query-input\":{\"@type\":\"PropertyValueSpecification\",\"valueRequired\":true,\"valueName\":\"search_term_string\"}}],\"inLanguage\":\"fr-FR\"},{\"@type\":\"Organization\",\"@id\":\"https:\/\/recirquel.com\/fr\/#organization\",\"name\":\"Recirquel Company by Bence V\u00e1gi\",\"url\":\"https:\/\/recirquel.com\/fr\/\",\"logo\":{\"@type\":\"ImageObject\",\"inLanguage\":\"fr-FR\",\"@id\":\"https:\/\/recirquel.com\/fr\/#\/schema\/logo\/image\/\",\"url\":\"https:\/\/i2.wp.com\/recirquel.com\/wp-content\/uploads\/2019\/06\/recirquel-logo-dark.png?fit=440%2C212&ssl=1\",\"contentUrl\":\"https:\/\/i2.wp.com\/recirquel.com\/wp-content\/uploads\/2019\/06\/recirquel-logo-dark.png?fit=440%2C212&ssl=1\",\"width\":440,\"height\":212,\"caption\":\"Recirquel Company by Bence V\u00e1gi\"},\"image\":{\"@id\":\"https:\/\/recirquel.com\/fr\/#\/schema\/logo\/image\/\"},\"sameAs\":[\"https:\/\/www.facebook.com\/Recirquel\/\",\"https:\/\/x.com\/recirquel\",\"https:\/\/www.instagram.com\/recirquelcompanybudapest\/\",\"https:\/\/www.linkedin.com\/company\/recirquel\/\",\"https:\/\/www.youtube.com\/channel\/UC4J0YqNCeTxmY4GxeFIkQPQ\"]}]}<\/script>\n<!-- \/ Yoast SEO plugin. -->","yoast_head_json":{"title":"FINA 2017 - Recirquel","robots":{"index":"index","follow":"follow","max-snippet":"max-snippet:-1","max-image-preview":"max-image-preview:large","max-video-preview":"max-video-preview:-1"},"canonical":"https:\/\/recirquel.com\/fr\/fina-2017\/","og_locale":"fr_FR","og_type":"article","og_title":"FINA 2017 - Recirquel","og_description":"FINA 2017 C\u00e9r\u00e9monie de cl\u00f4ture En savoir plus La L\u00e9gende du Cerf Magique En 2017, on a command\u00e9 \u00e0 Bence V\u00e1gi\u00a0 la c\u00e9r\u00e9monie de cl\u00f4ture du 17e Championnat international de la FINA, qui a eu lieu dans la Papp L\u00e1szl\u00f3 Budapest Sportar\u00e9na, stade majeur de Budapest. Cette grandiose production de cirque a \u00e9t\u00e9 inspir\u00e9e par [&hellip;]","og_url":"https:\/\/recirquel.com\/fr\/fina-2017\/","og_site_name":"Recirquel","article_publisher":"https:\/\/www.facebook.com\/Recirquel\/","twitter_card":"summary_large_image","twitter_site":"@recirquel","schema":{"@context":"https:\/\/schema.org","@graph":[{"@type":"WebPage","@id":"https:\/\/recirquel.com\/fr\/fina-2017\/","url":"https:\/\/recirquel.com\/fr\/fina-2017\/","name":"FINA 2017 - Recirquel","isPartOf":{"@id":"https:\/\/recirquel.com\/fr\/#website"},"datePublished":"2021-11-18T10:04:11+00:00","dateModified":"2021-11-18T10:04:11+00:00","breadcrumb":{"@id":"https:\/\/recirquel.com\/fr\/fina-2017\/#breadcrumb"},"inLanguage":"fr-FR","potentialAction":[{"@type":"ReadAction","target":["https:\/\/recirquel.com\/fr\/fina-2017\/"]}]},{"@type":"BreadcrumbList","@id":"https:\/\/recirquel.com\/fr\/fina-2017\/#breadcrumb","itemListElement":[{"@type":"ListItem","position":1,"name":"Home","item":"https:\/\/recirquel.com\/fr\/"},{"@type":"ListItem","position":2,"name":"FINA 2017"}]},{"@type":"WebSite","@id":"https:\/\/recirquel.com\/fr\/#website","url":"https:\/\/recirquel.com\/fr\/","name":"Recirquel","description":"Recirquel","publisher":{"@id":"https:\/\/recirquel.com\/fr\/#organization"},"potentialAction":[{"@type":"SearchAction","target":{"@type":"EntryPoint","urlTemplate":"https:\/\/recirquel.com\/fr\/?s={search_term_string}"},"query-input":{"@type":"PropertyValueSpecification","valueRequired":true,"valueName":"search_term_string"}}],"inLanguage":"fr-FR"},{"@type":"Organization","@id":"https:\/\/recirquel.com\/fr\/#organization","name":"Recirquel Company by Bence V\u00e1gi","url":"https:\/\/recirquel.com\/fr\/","logo":{"@type":"ImageObject","inLanguage":"fr-FR","@id":"https:\/\/recirquel.com\/fr\/#\/schema\/logo\/image\/","url":"https:\/\/i2.wp.com\/recirquel.com\/wp-content\/uploads\/2019\/06\/recirquel-logo-dark.png?fit=440%2C212&ssl=1","contentUrl":"https:\/\/i2.wp.com\/recirquel.com\/wp-content\/uploads\/2019\/06\/recirquel-logo-dark.png?fit=440%2C212&ssl=1","width":440,"height":212,"caption":"Recirquel Company by Bence V\u00e1gi"},"image":{"@id":"https:\/\/recirquel.com\/fr\/#\/schema\/logo\/image\/"},"sameAs":["https:\/\/www.facebook.com\/Recirquel\/","https:\/\/x.com\/recirquel","https:\/\/www.instagram.com\/recirquelcompanybudapest\/","https:\/\/www.linkedin.com\/company\/recirquel\/","https:\/\/www.youtube.com\/channel\/UC4J0YqNCeTxmY4GxeFIkQPQ"]}]}},"jetpack_sharing_enabled":true,"_links":{"self":[{"href":"https:\/\/recirquel.com\/fr\/wp-json\/wp\/v2\/pages\/3352"}],"collection":[{"href":"https:\/\/recirquel.com\/fr\/wp-json\/wp\/v2\/pages"}],"about":[{"href":"https:\/\/recirquel.com\/fr\/wp-json\/wp\/v2\/types\/page"}],"author":[{"embeddable":true,"href":"https:\/\/recirquel.com\/fr\/wp-json\/wp\/v2\/users\/9"}],"replies":[{"embeddable":true,"href":"https:\/\/recirquel.com\/fr\/wp-json\/wp\/v2\/comments?post=3352"}],"version-history":[{"count":2,"href":"https:\/\/recirquel.com\/fr\/wp-json\/wp\/v2\/pages\/3352\/revisions"}],"predecessor-version":[{"id":3363,"href":"https:\/\/recirquel.com\/fr\/wp-json\/wp\/v2\/pages\/3352\/revisions\/3363"}],"wp:attachment":[{"href":"https:\/\/recirquel.com\/fr\/wp-json\/wp\/v2\/media?parent=3352"}],"curies":[{"name":"wp","href":"https:\/\/api.w.org\/{rel}","templated":true}]}}