{"id":3135,"date":"2021-11-18T09:58:48","date_gmt":"2021-11-18T09:58:48","guid":{"rendered":"https:\/\/recirquel.com\/?page_id=3135"},"modified":"2025-01-07T09:38:40","modified_gmt":"2025-01-07T08:38:40","slug":"home","status":"publish","type":"page","link":"https:\/\/recirquel.com\/fr\/","title":{"rendered":"Home"},"content":{"rendered":"<div id=\"pl-3135\"  class=\"panel-layout\" ><div id=\"pg-3135-0\"  class=\"panel-grid panel-has-style\" ><div class=\"siteorigin-panels-stretch panel-row-style panel-row-style-for-3135-0\" data-stretch-type=\"full-width-stretch\" ><div id=\"pgc-3135-0-0\"  class=\"panel-grid-cell\" ><div id=\"panel-3135-0-0-0\" class=\"so-panel widget widget_hero-slider panel-first-child panel-last-child\" data-index=\"0\" ><div\n\t\t\t\n\t\t\tclass=\"so-widget-hero-slider so-widget-hero-slider-default-d75171398898-3135\"\n\t\t\t\n\t\t>\t<div class=\"hero-slider-wrapper\">\n\t\t<div class=\"hero-slider\">\n\t\t\t\t\t\t\t<div class=\"hero-slider-item\">\n\t\t\t\t\t<div class=\"hero-slider-item-image\">\n\t\t\t\t\t\t<picture>\n\t\t\t\t\t\t  <source media=\"(min-width: 992px)\" srcset=\"https:\/\/recirquel.com\/wp-content\/uploads\/2024\/04\/Recirquel-Paradisum_HirlingBalint_-1920x1440.jpg\">\n\t\t\t\t\t\t  <img decoding=\"async\" src=\"https:\/\/recirquel.com\/wp-content\/uploads\/2024\/04\/Recirquel_PARADISUM_Mobile-1024x1820.jpg\" alt=\"Paradisum\">\n\t\t\t\t\t\t<\/picture>\n\t\t\t\t\t<\/div>\n\n\t\t\t\t\t<div class=\"hero-slider-item-content container text-center text-white\">\n\t\t\t\t\t\t<div class=\"row align-items-center\">\n\t\t\t\t\t\t\t<div class=\"col-12\">\n\t\t\t\t\t\t\t\t\t\t\t\t\t\t\t\t<h1 class=\"hero-slider-item-content-title\">Paradisum<\/h1>\n\t\t\t\t\t\t\t\t\t\t\t\t\t\t\t\t\t\t\t\t\t\t\t\t<p class=\"hero-slider-item-content-subtitle\">Nouveau spectacle de danse cirque<\/p>\n\t\t\t\t\t\t\t\t\t\t\t\t\t\t\t\t\t\t\t\t\t\t\t\t<a href=\"https:\/\/recirquel.com\/fr\/show\/paradisum\/\" class=\"hero-slider-item-content-btn\">En savoir plus<\/a>\n\t\t\t\t\t\t\t\t\t\t\t\t\t\t\t<\/div>\n\t\t\t\t\t\t<\/div>\n\t\t\t\t\t<\/div>\n\t\t\t\t<\/div>\n\t\t\t\t\t\t\t<div class=\"hero-slider-item\">\n\t\t\t\t\t<div class=\"hero-slider-item-image\">\n\t\t\t\t\t\t<picture>\n\t\t\t\t\t\t  <source media=\"(min-width: 992px)\" srcset=\"https:\/\/recirquel.com\/wp-content\/uploads\/2022\/01\/Recirquel_SolusAmor.jpg\">\n\t\t\t\t\t\t  <img decoding=\"async\" src=\"https:\/\/recirquel.com\/wp-content\/uploads\/2022\/01\/Recirquel_SolusAmor-1024x660.jpg\" alt=\"Solus Amor\">\n\t\t\t\t\t\t<\/picture>\n\t\t\t\t\t<\/div>\n\n\t\t\t\t\t<div class=\"hero-slider-item-content container text-center text-white\">\n\t\t\t\t\t\t<div class=\"row align-items-center\">\n\t\t\t\t\t\t\t<div class=\"col-12\">\n\t\t\t\t\t\t\t\t\t\t\t\t\t\t\t\t<h2 class=\"hero-slider-item-content-title\">Solus Amor<\/h2>\n\t\t\t\t\t\t\t\t\t\t\t\t\t\t\t\t\t\t\t\t\t\t\t\t<p class=\"hero-slider-item-content-subtitle\">\u201cBallet a\u00e9rien monumental\u201d<\/p>\n\t\t\t\t\t\t\t\t\t\t\t\t\t\t\t\t\t\t\t\t\t\t\t\t<a href=\"https:\/\/recirquel.com\/fr\/show\/solus-amor\/\" class=\"hero-slider-item-content-btn\">En savoir plus<\/a>\n\t\t\t\t\t\t\t\t\t\t\t\t\t\t\t<\/div>\n\t\t\t\t\t\t<\/div>\n\t\t\t\t\t<\/div>\n\t\t\t\t<\/div>\n\t\t\t\t\t\t\t<div class=\"hero-slider-item\">\n\t\t\t\t\t<div class=\"hero-slider-item-image\">\n\t\t\t\t\t\t<picture>\n\t\t\t\t\t\t  <source media=\"(min-width: 992px)\" srcset=\"https:\/\/recirquel.com\/wp-content\/uploads\/2023\/06\/Recirquel-IMA_performer-Gabor-ZSIROS_photo-Balint-HIRLING_05-1920x1280.jpg\">\n\t\t\t\t\t\t  <img decoding=\"async\" src=\"https:\/\/recirquel.com\/wp-content\/uploads\/2023\/06\/Recirquel-IMA_performer-Gabor-ZSIROS_photo-Balint-HIRLING_05_mobile-1024x1820.jpg\" alt=\"IMA\">\n\t\t\t\t\t\t<\/picture>\n\t\t\t\t\t<\/div>\n\n\t\t\t\t\t<div class=\"hero-slider-item-content container text-center text-white\">\n\t\t\t\t\t\t<div class=\"row align-items-center\">\n\t\t\t\t\t\t\t<div class=\"col-12\">\n\t\t\t\t\t\t\t\t\t\t\t\t\t\t\t\t<h2 class=\"hero-slider-item-content-title\">IMA<\/h2>\n\t\t\t\t\t\t\t\t\t\t\t\t\t\t\t\t\t\t\t\t\t\t\t\t<p class=\"hero-slider-item-content-subtitle\">\"Un festin visuel et sonore cinq \u00e9toiles\"<\/p>\n\t\t\t\t\t\t\t\t\t\t\t\t\t\t\t\t\t\t\t\t\t\t\t\t<a href=\"https:\/\/recirquel.com\/fr\/show\/ima\/\" class=\"hero-slider-item-content-btn\">En savoir plus<\/a>\n\t\t\t\t\t\t\t\t\t\t\t\t\t\t\t<\/div>\n\t\t\t\t\t\t<\/div>\n\t\t\t\t\t<\/div>\n\t\t\t\t<\/div>\n\t\t\t\t\t\t\t<div class=\"hero-slider-item\">\n\t\t\t\t\t<div class=\"hero-slider-item-image\">\n\t\t\t\t\t\t<picture>\n\t\t\t\t\t\t  <source media=\"(min-width: 992px)\" srcset=\"https:\/\/recirquel.com\/wp-content\/uploads\/2024\/04\/Recirquel-Paradisum--1920x1080.jpg\">\n\t\t\t\t\t\t  <img decoding=\"async\" src=\"https:\/\/recirquel.com\/wp-content\/uploads\/2024\/04\/Recirquel-Paradisum-Mobile-1-1024x1820.jpg\" alt=\"Paradisum\">\n\t\t\t\t\t\t<\/picture>\n\t\t\t\t\t<\/div>\n\n\t\t\t\t\t<div class=\"hero-slider-item-content container text-center text-white\">\n\t\t\t\t\t\t<div class=\"row align-items-center\">\n\t\t\t\t\t\t\t<div class=\"col-12\">\n\t\t\t\t\t\t\t\t\t\t\t\t\t\t\t\t<h2 class=\"hero-slider-item-content-title\">Paradisum<\/h2>\n\t\t\t\t\t\t\t\t\t\t\t\t\t\t\t\t\t\t\t\t\t\t\t\t<p class=\"hero-slider-item-content-subtitle\">Premi\u00e8re internationale \u00e0 Edinburgh Fringe<\/p>\n\t\t\t\t\t\t\t\t\t\t\t\t\t\t\t\t\t\t\t\t\t\t\t\t<a href=\"https:\/\/recirquel.com\/fr\/show\/paradisum\/\" class=\"hero-slider-item-content-btn\">En savoir plus<\/a>\n\t\t\t\t\t\t\t\t\t\t\t\t\t\t\t<\/div>\n\t\t\t\t\t\t<\/div>\n\t\t\t\t\t<\/div>\n\t\t\t\t<\/div>\n\t\t\t\t\t\t\t<div class=\"hero-slider-item\">\n\t\t\t\t\t<div class=\"hero-slider-item-image\">\n\t\t\t\t\t\t<picture>\n\t\t\t\t\t\t  <source media=\"(min-width: 992px)\" srcset=\"https:\/\/recirquel.com\/wp-content\/uploads\/2022\/02\/IMA_Premier-2.jpg\">\n\t\t\t\t\t\t  <img decoding=\"async\" src=\"https:\/\/recirquel.com\/wp-content\/uploads\/2021\/12\/Recirquel-IMA-Poszter-1024x1536.jpg\" alt=\"IMA\">\n\t\t\t\t\t\t<\/picture>\n\t\t\t\t\t<\/div>\n\n\t\t\t\t\t<div class=\"hero-slider-item-content container text-center text-white\">\n\t\t\t\t\t\t<div class=\"row align-items-center\">\n\t\t\t\t\t\t\t<div class=\"col-12\">\n\t\t\t\t\t\t\t\t\t\t\t\t\t\t\t\t<h2 class=\"hero-slider-item-content-title\">IMA<\/h2>\n\t\t\t\t\t\t\t\t\t\t\t\t\t\t\t\t\t\t\t\t\t\t\t\t<p class=\"hero-slider-item-content-subtitle\">Une exp\u00e9rience immersive unique<\/p>\n\t\t\t\t\t\t\t\t\t\t\t\t\t\t\t\t\t\t\t\t\t\t\t\t<a href=\"https:\/\/recirquel.com\/fr\/show\/ima\/\" class=\"hero-slider-item-content-btn\">En savoir plus<\/a>\n\t\t\t\t\t\t\t\t\t\t\t\t\t\t\t<\/div>\n\t\t\t\t\t\t<\/div>\n\t\t\t\t\t<\/div>\n\t\t\t\t<\/div>\n\t\t\t\t\t<\/div>\n\t<\/div>\n<\/div><\/div><\/div><\/div><\/div><\/div>","protected":false},"excerpt":{"rendered":"<p>Paradisum Nouveau spectacle de danse cirque En savoir plus Solus Amor \u201cBallet a\u00e9rien monumental\u201d En savoir plus IMA \u00ab\u00a0Un festin visuel et sonore cinq \u00e9toiles\u00a0\u00bb En savoir plus Paradisum Premi\u00e8re internationale \u00e0 Edinburgh Fringe En savoir plus IMA Une exp\u00e9rience immersive unique En savoir plus<\/p>\n","protected":false},"author":9,"featured_media":0,"parent":0,"menu_order":0,"comment_status":"closed","ping_status":"closed","template":"template-pagebuilder.php","meta":{"footnotes":""},"class_list":["post-3135","page","type-page","status-publish","hentry"],"yoast_head":"<!-- This site is optimized with the Yoast SEO plugin v23.7 - https:\/\/yoast.com\/wordpress\/plugins\/seo\/ -->\n<title>Home - Recirquel<\/title>\n<meta name=\"robots\" content=\"index, follow, max-snippet:-1, max-image-preview:large, max-video-preview:-1\" \/>\n<link rel=\"canonical\" href=\"https:\/\/recirquel.com\/fr\/\" \/>\n<meta property=\"og:locale\" content=\"fr_FR\" \/>\n<meta property=\"og:type\" content=\"article\" \/>\n<meta property=\"og:title\" content=\"Home - Recirquel\" \/>\n<meta property=\"og:description\" content=\"Paradisum Nouveau spectacle de danse cirque En savoir plus Solus Amor \u201cBallet a\u00e9rien monumental\u201d En savoir plus IMA &quot;Un festin visuel et sonore cinq \u00e9toiles&quot; En savoir plus Paradisum Premi\u00e8re internationale \u00e0 Edinburgh Fringe En savoir plus IMA Une exp\u00e9rience immersive unique En savoir plus\" \/>\n<meta property=\"og:url\" content=\"https:\/\/recirquel.com\/fr\/\" \/>\n<meta property=\"og:site_name\" content=\"Recirquel\" \/>\n<meta property=\"article:publisher\" content=\"https:\/\/www.facebook.com\/Recirquel\/\" \/>\n<meta property=\"article:modified_time\" content=\"2025-01-07T08:38:40+00:00\" \/>\n<meta name=\"twitter:card\" content=\"summary_large_image\" \/>\n<meta name=\"twitter:site\" content=\"@recirquel\" \/>\n<meta name=\"twitter:label1\" content=\"Dur\u00e9e de lecture estim\u00e9e\" \/>\n\t<meta name=\"twitter:data1\" content=\"2 minutes\" \/>\n<script type=\"application\/ld+json\" class=\"yoast-schema-graph\">{\"@context\":\"https:\/\/schema.org\",\"@graph\":[{\"@type\":\"WebPage\",\"@id\":\"https:\/\/recirquel.com\/fr\/\",\"url\":\"https:\/\/recirquel.com\/fr\/\",\"name\":\"Home - Recirquel\",\"isPartOf\":{\"@id\":\"https:\/\/recirquel.com\/fr\/#website\"},\"datePublished\":\"2021-11-18T09:58:48+00:00\",\"dateModified\":\"2025-01-07T08:38:40+00:00\",\"breadcrumb\":{\"@id\":\"https:\/\/recirquel.com\/fr\/#breadcrumb\"},\"inLanguage\":\"fr-FR\",\"potentialAction\":[{\"@type\":\"ReadAction\",\"target\":[\"https:\/\/recirquel.com\/fr\/\"]}]},{\"@type\":\"BreadcrumbList\",\"@id\":\"https:\/\/recirquel.com\/fr\/#breadcrumb\",\"itemListElement\":[{\"@type\":\"ListItem\",\"position\":1,\"name\":\"Home\",\"item\":\"https:\/\/recirquel.com\/fr\/\"},{\"@type\":\"ListItem\",\"position\":2,\"name\":\"Home\"}]},{\"@type\":\"WebSite\",\"@id\":\"https:\/\/recirquel.com\/fr\/#website\",\"url\":\"https:\/\/recirquel.com\/fr\/\",\"name\":\"Recirquel\",\"description\":\"Recirquel\",\"publisher\":{\"@id\":\"https:\/\/recirquel.com\/fr\/#organization\"},\"potentialAction\":[{\"@type\":\"SearchAction\",\"target\":{\"@type\":\"EntryPoint\",\"urlTemplate\":\"https:\/\/recirquel.com\/fr\/?s={search_term_string}\"},\"query-input\":{\"@type\":\"PropertyValueSpecification\",\"valueRequired\":true,\"valueName\":\"search_term_string\"}}],\"inLanguage\":\"fr-FR\"},{\"@type\":\"Organization\",\"@id\":\"https:\/\/recirquel.com\/fr\/#organization\",\"name\":\"Recirquel Company by Bence V\u00e1gi\",\"url\":\"https:\/\/recirquel.com\/fr\/\",\"logo\":{\"@type\":\"ImageObject\",\"inLanguage\":\"fr-FR\",\"@id\":\"https:\/\/recirquel.com\/fr\/#\/schema\/logo\/image\/\",\"url\":\"https:\/\/i2.wp.com\/recirquel.com\/wp-content\/uploads\/2019\/06\/recirquel-logo-dark.png?fit=440%2C212&ssl=1\",\"contentUrl\":\"https:\/\/i2.wp.com\/recirquel.com\/wp-content\/uploads\/2019\/06\/recirquel-logo-dark.png?fit=440%2C212&ssl=1\",\"width\":440,\"height\":212,\"caption\":\"Recirquel Company by Bence V\u00e1gi\"},\"image\":{\"@id\":\"https:\/\/recirquel.com\/fr\/#\/schema\/logo\/image\/\"},\"sameAs\":[\"https:\/\/www.facebook.com\/Recirquel\/\",\"https:\/\/x.com\/recirquel\",\"https:\/\/www.instagram.com\/recirquelcompanybudapest\/\",\"https:\/\/www.linkedin.com\/company\/recirquel\/\",\"https:\/\/www.youtube.com\/channel\/UC4J0YqNCeTxmY4GxeFIkQPQ\"]}]}<\/script>\n<!-- \/ Yoast SEO plugin. -->","yoast_head_json":{"title":"Home - Recirquel","robots":{"index":"index","follow":"follow","max-snippet":"max-snippet:-1","max-image-preview":"max-image-preview:large","max-video-preview":"max-video-preview:-1"},"canonical":"https:\/\/recirquel.com\/fr\/","og_locale":"fr_FR","og_type":"article","og_title":"Home - Recirquel","og_description":"Paradisum Nouveau spectacle de danse cirque En savoir plus Solus Amor \u201cBallet a\u00e9rien monumental\u201d En savoir plus IMA \"Un festin visuel et sonore cinq \u00e9toiles\" En savoir plus Paradisum Premi\u00e8re internationale \u00e0 Edinburgh Fringe En savoir plus IMA Une exp\u00e9rience immersive unique En savoir plus","og_url":"https:\/\/recirquel.com\/fr\/","og_site_name":"Recirquel","article_publisher":"https:\/\/www.facebook.com\/Recirquel\/","article_modified_time":"2025-01-07T08:38:40+00:00","twitter_card":"summary_large_image","twitter_site":"@recirquel","twitter_misc":{"Dur\u00e9e de lecture estim\u00e9e":"2 minutes"},"schema":{"@context":"https:\/\/schema.org","@graph":[{"@type":"WebPage","@id":"https:\/\/recirquel.com\/fr\/","url":"https:\/\/recirquel.com\/fr\/","name":"Home - Recirquel","isPartOf":{"@id":"https:\/\/recirquel.com\/fr\/#website"},"datePublished":"2021-11-18T09:58:48+00:00","dateModified":"2025-01-07T08:38:40+00:00","breadcrumb":{"@id":"https:\/\/recirquel.com\/fr\/#breadcrumb"},"inLanguage":"fr-FR","potentialAction":[{"@type":"ReadAction","target":["https:\/\/recirquel.com\/fr\/"]}]},{"@type":"BreadcrumbList","@id":"https:\/\/recirquel.com\/fr\/#breadcrumb","itemListElement":[{"@type":"ListItem","position":1,"name":"Home","item":"https:\/\/recirquel.com\/fr\/"},{"@type":"ListItem","position":2,"name":"Home"}]},{"@type":"WebSite","@id":"https:\/\/recirquel.com\/fr\/#website","url":"https:\/\/recirquel.com\/fr\/","name":"Recirquel","description":"Recirquel","publisher":{"@id":"https:\/\/recirquel.com\/fr\/#organization"},"potentialAction":[{"@type":"SearchAction","target":{"@type":"EntryPoint","urlTemplate":"https:\/\/recirquel.com\/fr\/?s={search_term_string}"},"query-input":{"@type":"PropertyValueSpecification","valueRequired":true,"valueName":"search_term_string"}}],"inLanguage":"fr-FR"},{"@type":"Organization","@id":"https:\/\/recirquel.com\/fr\/#organization","name":"Recirquel Company by Bence V\u00e1gi","url":"https:\/\/recirquel.com\/fr\/","logo":{"@type":"ImageObject","inLanguage":"fr-FR","@id":"https:\/\/recirquel.com\/fr\/#\/schema\/logo\/image\/","url":"https:\/\/i2.wp.com\/recirquel.com\/wp-content\/uploads\/2019\/06\/recirquel-logo-dark.png?fit=440%2C212&ssl=1","contentUrl":"https:\/\/i2.wp.com\/recirquel.com\/wp-content\/uploads\/2019\/06\/recirquel-logo-dark.png?fit=440%2C212&ssl=1","width":440,"height":212,"caption":"Recirquel Company by Bence V\u00e1gi"},"image":{"@id":"https:\/\/recirquel.com\/fr\/#\/schema\/logo\/image\/"},"sameAs":["https:\/\/www.facebook.com\/Recirquel\/","https:\/\/x.com\/recirquel","https:\/\/www.instagram.com\/recirquelcompanybudapest\/","https:\/\/www.linkedin.com\/company\/recirquel\/","https:\/\/www.youtube.com\/channel\/UC4J0YqNCeTxmY4GxeFIkQPQ"]}]}},"jetpack_sharing_enabled":true,"_links":{"self":[{"href":"https:\/\/recirquel.com\/fr\/wp-json\/wp\/v2\/pages\/3135"}],"collection":[{"href":"https:\/\/recirquel.com\/fr\/wp-json\/wp\/v2\/pages"}],"about":[{"href":"https:\/\/recirquel.com\/fr\/wp-json\/wp\/v2\/types\/page"}],"author":[{"embeddable":true,"href":"https:\/\/recirquel.com\/fr\/wp-json\/wp\/v2\/users\/9"}],"replies":[{"embeddable":true,"href":"https:\/\/recirquel.com\/fr\/wp-json\/wp\/v2\/comments?post=3135"}],"version-history":[{"count":76,"href":"https:\/\/recirquel.com\/fr\/wp-json\/wp\/v2\/pages\/3135\/revisions"}],"predecessor-version":[{"id":10235,"href":"https:\/\/recirquel.com\/fr\/wp-json\/wp\/v2\/pages\/3135\/revisions\/10235"}],"wp:attachment":[{"href":"https:\/\/recirquel.com\/fr\/wp-json\/wp\/v2\/media?parent=3135"}],"curies":[{"name":"wp","href":"https:\/\/api.w.org\/{rel}","templated":true}]}}