{"id":3126,"date":"2021-11-18T09:14:12","date_gmt":"2021-11-18T09:14:12","guid":{"rendered":"https:\/\/recirquel.com\/?page_id=3126"},"modified":"2023-07-24T10:38:39","modified_gmt":"2023-07-24T08:38:39","slug":"histoire","status":"publish","type":"page","link":"https:\/\/recirquel.com\/fr\/histoire\/","title":{"rendered":"Histoire"},"content":{"rendered":"<div id=\"pl-3126\"  class=\"panel-layout\" ><div id=\"pg-3126-0\"  class=\"panel-grid panel-has-style\" ><div class=\"siteorigin-panels-stretch panel-row-style panel-row-style-for-3126-0\" data-stretch-type=\"full-stretched\" ><div id=\"pgc-3126-0-0\"  class=\"panel-grid-cell\" ><div id=\"panel-3126-0-0-0\" class=\"so-panel widget widget_page-top panel-first-child panel-last-child\" data-index=\"0\" ><div\n\t\t\t\n\t\t\tclass=\"so-widget-page-top so-widget-page-top-default-d75171398898-3126\"\n\t\t\t\n\t\t>\t\t<div class=\"page-top angle-blue text-white\">\r\n\t\t<div class=\"page-top-bg position-absolute w-100 h-100 jarallax\" data-jarallax style=\"top: 0; left: 0;\">\r\n\t\t\t<picture class=\"jarallax-img\">\r\n\t\t\t\t\t\t    <img decoding=\"async\" src=\"https:\/\/recirquel.com\/wp-content\/uploads\/2023\/06\/Recirquel-IMA_performer-Gabor-ZSIROS_photo-Balint-HIRLING_05-1920x1280.jpg\" alt=\"Histoire\" class=\"w-100 h-100\" style=\"object-fit: cover; object-position: center;\">\r\n\t\t  <\/picture>\r\n\t\t<\/div>\r\n\r\n\t\t<div class=\"container\">\r\n\t\t\t<div class=\"row align-items-end\">\r\n\t\t\t\t<div class=\"col-md-12\">\r\n\t\t\t\t\t<div class=\"page-top-meta text-center\">\r\n\t\t\t\t\t\t<h1 class=\"page-top-meta-title\">Histoire<\/h1>\r\n\t\t\t\t\t\t<p class=\"page-top-meta-subtitle\"><\/p>\r\n\t\t\t\t\t\t<div class=\"page-top-meta-btn-wrapper text-center\">\r\n\t\t\t\t\t\t\t<a href=\"#details\" class=\"page-top-meta-btn\">En savoir plus<\/a>\r\n\t\t\t\t\t\t<\/div>\r\n\t\t\t\t\t<\/div>\r\n\t\t\t\t<\/div>\r\n\t\t\t<\/div>\r\n\t\t<\/div>\r\n\t<\/div>\r\n<\/div><\/div><\/div><\/div><\/div><div id=\"pg-3126-1\"  class=\"panel-grid panel-has-style\" ><div class=\"siteorigin-panels-stretch panel-row-style panel-row-style-for-3126-1\" id=\"details\" data-stretch-type=\"full-stretched\" ><div id=\"pgc-3126-1-0\"  class=\"panel-grid-cell\" ><div id=\"panel-3126-1-0-0\" class=\"so-panel widget widget_page-content panel-first-child panel-last-child\" data-index=\"1\" ><div\n\t\t\t\n\t\t\tclass=\"so-widget-page-content so-widget-page-content-default-d75171398898-3126\"\n\t\t\t\n\t\t>\t<div class=\"page-content\">\r\n\t\t<div class=\"page-content-color blue\">\r\n\t\t\t<div class=\"container\">\r\n\t\t\t\t<div class=\"row\">\r\n\t\t\t\t\t<div class=\"col-md-8 offset-md-2 text-center\">\r\n\t\t\t\t\t\t<h2 class=\"page-content-title\"><p><b>Recirquel Cirque Danse de Bence V\u00e1gi<\/b><\/p>\n<\/h2>\r\n\t\t\t\t\t<\/div>\r\n\t\t\t\t\t<div class=\"col-md-8 offset-md-2 text-center\">\r\n\t\t\t\t\t\t<div class=\"page-content-text\"><p style=\"text-align: left;\">Fond\u00e9e \u00e0 Budapest (Hongrie) en 2012 par le metteur en sc\u00e8ne et chor\u00e9graphe Bence V\u00e1gi, Recirquel est devenue l'une des principales compagnies de cirque contemporaines au monde. Elle repr\u00e9sente un style de cirque unique qui combine danse et th\u00e9\u00e2tre, inspir\u00e9 par un style venant du centre-est europ\u00e9en et de la culture du th\u00e9\u00e2tre classique hongrois.\u00a0Les productions pionni\u00e8res de cette compagnie envo\u00fbtent le public du monde entier par la qualit\u00e9 immersive des univers magiques qu'elles cr\u00e9ent.\u00a0Recirquel a ouvert les portes du cirque contemporain en Hongrie et a pour mission de sensibiliser le public \u00e0 cette nouvelle forme d\u2019art.<\/p>\n<p style=\"text-align: left;\">Au printemps 2013, le premier spectacle de Recirquel, <i>Night Circus<\/i>, f\u00fbt un succ\u00e8s imm\u00e9diat.\u00a0La compagnie a non seulement attir\u00e9 l\u2019attention d\u2019un public enthousiaste, mais elle a \u00e9galement eu la possibilit\u00e9 de b\u00e9n\u00e9ficier du soutien d\u2019une institution culturelle hongroise majeure, le Palais des arts - M\u00fcpa de Budapest.\u00a0Csaba K\u00e1el, PDG de M\u00fcpa, a jou\u00e9 un r\u00f4le important en accueillant la nouvelle compagnie dans un institut r\u00e9put\u00e9 pour ses spectacles de musique classique, de jazz, de musique du monde et de danse.\u00a0La compagnie a pr\u00e9sent\u00e9 toutes ses productions ult\u00e9rieures dans ces lieux.<\/p>\n<p style=\"text-align: left;\">Au printemps 2014, le deuxi\u00e8me spectacle de Recirquel intitul\u00e9 <i>The Naked Clown<\/i> a \u00e9t\u00e9 pr\u00e9sent\u00e9 au Festival du Printemps de Budapest.\u00a0La m\u00eame ann\u00e9e, la compagnie a r\u00e9alis\u00e9 sa troisi\u00e8me production, <i>Paris de Nuit<\/i>, mettant en lumi\u00e8re le travail artistique du c\u00e9l\u00e8bre photographe hongrois Brassa\u00ef, qui a captur\u00e9 les nuits d\u00e9cadentes et f\u00e9\u00e9riques du Paris des ann\u00e9es 1930.<\/p>\n<p style=\"text-align: left;\">\u00c0 l'automne 2015, Bence V\u00e1gi a cr\u00e9\u00e9 <i>Non Solus<\/i>, un m\u00e9lange unique de danse et de cirque avec deux performeurs emball\u00e9s dans un monde plein d'illusions qui racontent l'histoire de leur rencontre et explorent les profondeurs de leur imagination.\u00a0Avec la cr\u00e9ation de <i>Non Solus<\/i>, la compagnie, privil\u00e9giant le m\u00e9lange des diff\u00e9rents genres de cirque, de danse et de th\u00e9\u00e2tre, s'est tourn\u00e9e vers une forme d'expression th\u00e9\u00e2trale encore plus novatrice. Elle a cr\u00e9\u00e9 un nouveau genre, le cirque danse.<\/p>\n<p style=\"text-align: left;\"><i>My Land<\/i>, spectacle con\u00e7u en 2018, repr\u00e9sente la prochaine \u00e9tape de ce processus novateur.\u00a0Cette pi\u00e8ce \u00e9mouvante explorant les racines de l\u2019homme, l\u2019h\u00e9ritage \u00e9ternel de l\u2019humanit\u00e9 et de la Terre, f\u00eate sa premi\u00e8re au Festival Fringe d\u2019\u00c9dimbourg. Elle a \u00e9t\u00e9 le spectacle le mieux not\u00e9 par la critique parmi l\u2019ensemble des productions du Festival international d\u2019\u00c9dimbourg de 2018.<\/p>\n<p style=\"text-align: left;\">Les graines de ce cirque danse se trouvent \u00e9galement dans la plus grande production dirig\u00e9e et chor\u00e9graphi\u00e9e par Bence V\u00e1gi, la c\u00e9r\u00e9monie de cl\u00f4ture du 17e Championnat mondial de natation organis\u00e9s par la FINA \u00e0 Budapest en 2017.\u00a0Le spectacle, bas\u00e9 sur la plus ancienne l\u00e9gende de Hongrie<i>, Le cerf dor\u00e9<\/i>, a r\u00e9uni deux cents artistes de cirque de grande qualit\u00e9 et certains repr\u00e9sentants \u00e9minents de la danse moderne venant du monde entier.<\/p>\n<\/div>\r\n\t\t\t\t\t<\/div>\r\n\t\t\t\t<\/div>\r\n\t\t\t<\/div>\r\n\t\t<\/div>\r\n\t<\/div>\r\n<\/div><\/div><\/div><\/div><\/div><div id=\"pg-3126-2\"  class=\"panel-grid panel-has-style\" ><div class=\"siteorigin-panels-stretch panel-row-style panel-row-style-for-3126-2\" data-stretch-type=\"full-stretched\" ><div id=\"pgc-3126-2-0\"  class=\"panel-grid-cell\" ><div id=\"panel-3126-2-0-0\" class=\"so-panel widget widget_full-image-with-angle panel-first-child panel-last-child\" data-index=\"2\" ><div\n\t\t\t\n\t\t\tclass=\"so-widget-full-image-with-angle so-widget-full-image-with-angle-default-d75171398898-3126\"\n\t\t\t\n\t\t>\t<div class=\"full-image-with-angle angle-top-blue\">\r\n\t\t<div class=\"container\">\r\n\t\t\t<div class=\"row\">\r\n\t\t\t\t<div class=\"col-md-12\">\r\n\t\t\t\t\t<div class=\"full-image-with-angle-image\" data-jarallax-element=\"30\">\r\n\t\t\t\t\t\t<img loading=\"lazy\" decoding=\"async\" width=\"1920\" height=\"1281\" src=\"https:\/\/recirquel.com\/wp-content\/uploads\/2019\/05\/myland_1920-1920x1281.jpg\" class=\"full-image-with-angle-image-img\" alt=\"\" srcset=\"https:\/\/recirquel.com\/wp-content\/uploads\/2019\/05\/myland_1920.jpg 1920w, https:\/\/recirquel.com\/wp-content\/uploads\/2019\/05\/myland_1920-300x200.jpg 300w, https:\/\/recirquel.com\/wp-content\/uploads\/2019\/05\/myland_1920-768x512.jpg 768w, https:\/\/recirquel.com\/wp-content\/uploads\/2019\/05\/myland_1920-1024x683.jpg 1024w, https:\/\/recirquel.com\/wp-content\/uploads\/2019\/05\/myland_1920-570x380.jpg 570w, https:\/\/recirquel.com\/wp-content\/uploads\/2019\/05\/myland_1920-654x436.jpg 654w, https:\/\/recirquel.com\/wp-content\/uploads\/2019\/05\/myland_1920-272x182.jpg 272w\" sizes=\"(max-width: 1920px) 100vw, 1920px\" \/>\t\t\t\t\t<\/div>\r\n\t\t\t\t<\/div>\r\n\t\t\t<\/div>\r\n\t\t<\/div>\r\n\t<\/div>\r\n<\/div><\/div><\/div><\/div><\/div><\/div>","protected":false},"excerpt":{"rendered":"<p>Histoire En savoir plus Recirquel Cirque Danse de Bence V\u00e1gi Fond\u00e9e \u00e0 Budapest (Hongrie) en 2012 par le metteur en sc\u00e8ne et chor\u00e9graphe Bence V\u00e1gi, Recirquel est devenue l&rsquo;une des principales compagnies de cirque contemporaines au monde. Elle repr\u00e9sente un style de cirque unique qui combine danse et th\u00e9\u00e2tre, inspir\u00e9 par un style venant du [&hellip;]<\/p>\n","protected":false},"author":9,"featured_media":0,"parent":0,"menu_order":0,"comment_status":"closed","ping_status":"closed","template":"","meta":{"footnotes":""},"class_list":["post-3126","page","type-page","status-publish","hentry"],"yoast_head":"<!-- This site is optimized with the Yoast SEO plugin v23.7 - https:\/\/yoast.com\/wordpress\/plugins\/seo\/ -->\n<title>Histoire - Recirquel<\/title>\n<meta name=\"robots\" content=\"index, follow, max-snippet:-1, max-image-preview:large, max-video-preview:-1\" \/>\n<link rel=\"canonical\" href=\"https:\/\/recirquel.com\/fr\/histoire\/\" \/>\n<meta property=\"og:locale\" content=\"fr_FR\" \/>\n<meta property=\"og:type\" content=\"article\" \/>\n<meta property=\"og:title\" content=\"Histoire - Recirquel\" \/>\n<meta property=\"og:description\" content=\"Histoire En savoir plus Recirquel Cirque Danse de Bence V\u00e1gi Fond\u00e9e \u00e0 Budapest (Hongrie) en 2012 par le metteur en sc\u00e8ne et chor\u00e9graphe Bence V\u00e1gi, Recirquel est devenue l&#039;une des principales compagnies de cirque contemporaines au monde. Elle repr\u00e9sente un style de cirque unique qui combine danse et th\u00e9\u00e2tre, inspir\u00e9 par un style venant du [&hellip;]\" \/>\n<meta property=\"og:url\" content=\"https:\/\/recirquel.com\/fr\/histoire\/\" \/>\n<meta property=\"og:site_name\" content=\"Recirquel\" \/>\n<meta property=\"article:publisher\" content=\"https:\/\/www.facebook.com\/Recirquel\/\" \/>\n<meta property=\"article:modified_time\" content=\"2023-07-24T08:38:39+00:00\" \/>\n<meta name=\"twitter:card\" content=\"summary_large_image\" \/>\n<meta name=\"twitter:site\" content=\"@recirquel\" \/>\n<script type=\"application\/ld+json\" class=\"yoast-schema-graph\">{\"@context\":\"https:\/\/schema.org\",\"@graph\":[{\"@type\":\"WebPage\",\"@id\":\"https:\/\/recirquel.com\/fr\/histoire\/\",\"url\":\"https:\/\/recirquel.com\/fr\/histoire\/\",\"name\":\"Histoire - Recirquel\",\"isPartOf\":{\"@id\":\"https:\/\/recirquel.com\/fr\/#website\"},\"datePublished\":\"2021-11-18T09:14:12+00:00\",\"dateModified\":\"2023-07-24T08:38:39+00:00\",\"breadcrumb\":{\"@id\":\"https:\/\/recirquel.com\/fr\/histoire\/#breadcrumb\"},\"inLanguage\":\"fr-FR\",\"potentialAction\":[{\"@type\":\"ReadAction\",\"target\":[\"https:\/\/recirquel.com\/fr\/histoire\/\"]}]},{\"@type\":\"BreadcrumbList\",\"@id\":\"https:\/\/recirquel.com\/fr\/histoire\/#breadcrumb\",\"itemListElement\":[{\"@type\":\"ListItem\",\"position\":1,\"name\":\"Home\",\"item\":\"https:\/\/recirquel.com\/fr\/\"},{\"@type\":\"ListItem\",\"position\":2,\"name\":\"Histoire\"}]},{\"@type\":\"WebSite\",\"@id\":\"https:\/\/recirquel.com\/fr\/#website\",\"url\":\"https:\/\/recirquel.com\/fr\/\",\"name\":\"Recirquel\",\"description\":\"Recirquel\",\"publisher\":{\"@id\":\"https:\/\/recirquel.com\/fr\/#organization\"},\"potentialAction\":[{\"@type\":\"SearchAction\",\"target\":{\"@type\":\"EntryPoint\",\"urlTemplate\":\"https:\/\/recirquel.com\/fr\/?s={search_term_string}\"},\"query-input\":{\"@type\":\"PropertyValueSpecification\",\"valueRequired\":true,\"valueName\":\"search_term_string\"}}],\"inLanguage\":\"fr-FR\"},{\"@type\":\"Organization\",\"@id\":\"https:\/\/recirquel.com\/fr\/#organization\",\"name\":\"Recirquel Company by Bence V\u00e1gi\",\"url\":\"https:\/\/recirquel.com\/fr\/\",\"logo\":{\"@type\":\"ImageObject\",\"inLanguage\":\"fr-FR\",\"@id\":\"https:\/\/recirquel.com\/fr\/#\/schema\/logo\/image\/\",\"url\":\"https:\/\/i2.wp.com\/recirquel.com\/wp-content\/uploads\/2019\/06\/recirquel-logo-dark.png?fit=440%2C212&ssl=1\",\"contentUrl\":\"https:\/\/i2.wp.com\/recirquel.com\/wp-content\/uploads\/2019\/06\/recirquel-logo-dark.png?fit=440%2C212&ssl=1\",\"width\":440,\"height\":212,\"caption\":\"Recirquel Company by Bence V\u00e1gi\"},\"image\":{\"@id\":\"https:\/\/recirquel.com\/fr\/#\/schema\/logo\/image\/\"},\"sameAs\":[\"https:\/\/www.facebook.com\/Recirquel\/\",\"https:\/\/x.com\/recirquel\",\"https:\/\/www.instagram.com\/recirquelcompanybudapest\/\",\"https:\/\/www.linkedin.com\/company\/recirquel\/\",\"https:\/\/www.youtube.com\/channel\/UC4J0YqNCeTxmY4GxeFIkQPQ\"]}]}<\/script>\n<!-- \/ Yoast SEO plugin. -->","yoast_head_json":{"title":"Histoire - Recirquel","robots":{"index":"index","follow":"follow","max-snippet":"max-snippet:-1","max-image-preview":"max-image-preview:large","max-video-preview":"max-video-preview:-1"},"canonical":"https:\/\/recirquel.com\/fr\/histoire\/","og_locale":"fr_FR","og_type":"article","og_title":"Histoire - Recirquel","og_description":"Histoire En savoir plus Recirquel Cirque Danse de Bence V\u00e1gi Fond\u00e9e \u00e0 Budapest (Hongrie) en 2012 par le metteur en sc\u00e8ne et chor\u00e9graphe Bence V\u00e1gi, Recirquel est devenue l'une des principales compagnies de cirque contemporaines au monde. Elle repr\u00e9sente un style de cirque unique qui combine danse et th\u00e9\u00e2tre, inspir\u00e9 par un style venant du [&hellip;]","og_url":"https:\/\/recirquel.com\/fr\/histoire\/","og_site_name":"Recirquel","article_publisher":"https:\/\/www.facebook.com\/Recirquel\/","article_modified_time":"2023-07-24T08:38:39+00:00","twitter_card":"summary_large_image","twitter_site":"@recirquel","schema":{"@context":"https:\/\/schema.org","@graph":[{"@type":"WebPage","@id":"https:\/\/recirquel.com\/fr\/histoire\/","url":"https:\/\/recirquel.com\/fr\/histoire\/","name":"Histoire - Recirquel","isPartOf":{"@id":"https:\/\/recirquel.com\/fr\/#website"},"datePublished":"2021-11-18T09:14:12+00:00","dateModified":"2023-07-24T08:38:39+00:00","breadcrumb":{"@id":"https:\/\/recirquel.com\/fr\/histoire\/#breadcrumb"},"inLanguage":"fr-FR","potentialAction":[{"@type":"ReadAction","target":["https:\/\/recirquel.com\/fr\/histoire\/"]}]},{"@type":"BreadcrumbList","@id":"https:\/\/recirquel.com\/fr\/histoire\/#breadcrumb","itemListElement":[{"@type":"ListItem","position":1,"name":"Home","item":"https:\/\/recirquel.com\/fr\/"},{"@type":"ListItem","position":2,"name":"Histoire"}]},{"@type":"WebSite","@id":"https:\/\/recirquel.com\/fr\/#website","url":"https:\/\/recirquel.com\/fr\/","name":"Recirquel","description":"Recirquel","publisher":{"@id":"https:\/\/recirquel.com\/fr\/#organization"},"potentialAction":[{"@type":"SearchAction","target":{"@type":"EntryPoint","urlTemplate":"https:\/\/recirquel.com\/fr\/?s={search_term_string}"},"query-input":{"@type":"PropertyValueSpecification","valueRequired":true,"valueName":"search_term_string"}}],"inLanguage":"fr-FR"},{"@type":"Organization","@id":"https:\/\/recirquel.com\/fr\/#organization","name":"Recirquel Company by Bence V\u00e1gi","url":"https:\/\/recirquel.com\/fr\/","logo":{"@type":"ImageObject","inLanguage":"fr-FR","@id":"https:\/\/recirquel.com\/fr\/#\/schema\/logo\/image\/","url":"https:\/\/i2.wp.com\/recirquel.com\/wp-content\/uploads\/2019\/06\/recirquel-logo-dark.png?fit=440%2C212&ssl=1","contentUrl":"https:\/\/i2.wp.com\/recirquel.com\/wp-content\/uploads\/2019\/06\/recirquel-logo-dark.png?fit=440%2C212&ssl=1","width":440,"height":212,"caption":"Recirquel Company by Bence V\u00e1gi"},"image":{"@id":"https:\/\/recirquel.com\/fr\/#\/schema\/logo\/image\/"},"sameAs":["https:\/\/www.facebook.com\/Recirquel\/","https:\/\/x.com\/recirquel","https:\/\/www.instagram.com\/recirquelcompanybudapest\/","https:\/\/www.linkedin.com\/company\/recirquel\/","https:\/\/www.youtube.com\/channel\/UC4J0YqNCeTxmY4GxeFIkQPQ"]}]}},"jetpack_sharing_enabled":true,"_links":{"self":[{"href":"https:\/\/recirquel.com\/fr\/wp-json\/wp\/v2\/pages\/3126"}],"collection":[{"href":"https:\/\/recirquel.com\/fr\/wp-json\/wp\/v2\/pages"}],"about":[{"href":"https:\/\/recirquel.com\/fr\/wp-json\/wp\/v2\/types\/page"}],"author":[{"embeddable":true,"href":"https:\/\/recirquel.com\/fr\/wp-json\/wp\/v2\/users\/9"}],"replies":[{"embeddable":true,"href":"https:\/\/recirquel.com\/fr\/wp-json\/wp\/v2\/comments?post=3126"}],"version-history":[{"count":15,"href":"https:\/\/recirquel.com\/fr\/wp-json\/wp\/v2\/pages\/3126\/revisions"}],"predecessor-version":[{"id":7035,"href":"https:\/\/recirquel.com\/fr\/wp-json\/wp\/v2\/pages\/3126\/revisions\/7035"}],"wp:attachment":[{"href":"https:\/\/recirquel.com\/fr\/wp-json\/wp\/v2\/media?parent=3126"}],"curies":[{"name":"wp","href":"https:\/\/api.w.org\/{rel}","templated":true}]}}